{"id":14977,"date":"2019-10-04T14:46:18","date_gmt":"2019-10-04T14:46:18","guid":{"rendered":"https:\/\/manuelsosa.com\/?page_id=14977"},"modified":"2025-03-07T21:52:56","modified_gmt":"2025-03-07T20:52:56","slug":"gemalde-wiedehopf","status":"publish","type":"page","link":"https:\/\/manuelsosa.com\/de\/pinturas-cuadros-abubillas\/","title":{"rendered":"Gem\u00e4lde von Wiedehopf. Wiedehopf Drucke und \u00d6lgem\u00e4lde"},"content":{"rendered":"<div class=\"container section-title-container\" ><h3 class=\"section-title section-title-center\"><b aria-hidden=\"true\"><\/b><span class=\"section-title-main\" >Gem\u00e4lde, Drucke und \u00d6lgem\u00e4lde von Wiedehopfen<\/span><b aria-hidden=\"true\"><\/b><\/h3><\/div>\n<p>Eine Auswahl von Wiedehopf-Gem\u00e4lden des Malers Manuel Sosa, die in Form von Drucken oder Lithografien in jeder Gr\u00f6\u00dfe erworben werden k\u00f6nnen. F\u00fcnf Gem\u00e4lde von Wiedehopfen (Upupa-Epops). Einige der originalen \u00d6lgem\u00e4lde und Gem\u00e4lde von Hoopoe stehen zum Verkauf. Vogelgem\u00e4lde. Vogeldrucke f\u00fcr Gem\u00e4lde<\/p>\n\t\n  \n    <div id=\"product-grid-206253156\" class=\"row large-columns-2 medium-columns- small-columns- row-small row-masonry\" data-packery-options='{\"itemSelector\": \".col\", \"gutter\": 0, \"presentageWidth\" : true}'>\n\n  \n\t     <div class=\"col\" >\n\t\t\t\t\t\t<div class=\"col-inner\">\n\t\t\t\t\t\t\n<div class=\"badge-container absolute left top z-1\">\n\n<\/div>\n\t\t\t\t\t\t<div class=\"product-small box has-hover box-normal box-text-bottom\">\n\t\t\t\t\t\t\t<div class=\"box-image\" >\n\t\t\t\t\t\t\t\t<div class=\"\" >\n\t\t\t\t\t\t\t\t\t<a href=\"https:\/\/manuelsosa.com\/de\/cuadros\/aves-pajaros\/abubillas-la-ofrenda-2\/\" aria-label=\"Wiedehopfe - Das Hochzeitsgeschenk\">\n\t\t\t\t\t\t\t\t\t\t<img loading=\"lazy\" decoding=\"async\" width=\"382\" height=\"380\" src=\"https:\/\/manuelsosa.com\/wp-content\/uploads\/001\/abubillas_cuadro-382x380.jpg\" class=\"attachment-woocommerce_thumbnail size-woocommerce_thumbnail\" alt=\"Zwei Wiedehopfe in einem Fenster eines verlassenen Hauses. \u00d6lgem\u00e4lde von Manuel Sosa \u00a9 2024\" srcset=\"https:\/\/manuelsosa.com\/wp-content\/uploads\/001\/abubillas_cuadro-382x380.jpg 382w, https:\/\/manuelsosa.com\/wp-content\/uploads\/001\/abubillas_cuadro-768x764.jpg 768w, https:\/\/manuelsosa.com\/wp-content\/uploads\/001\/abubillas_cuadro-486x484.jpg 486w, https:\/\/manuelsosa.com\/wp-content\/uploads\/001\/abubillas_cuadro-783x779.jpg 783w, https:\/\/manuelsosa.com\/wp-content\/uploads\/001\/abubillas_cuadro.jpg 1400w, https:\/\/manuelsosa.com\/wp-content\/uploads\/001\/abubillas_cuadro-12x12.jpg 12w, https:\/\/manuelsosa.com\/wp-content\/uploads\/001\/abubillas_cuadro-64x64.jpg 64w, https:\/\/manuelsosa.com\/wp-content\/uploads\/001\/abubillas_cuadro-243x242.jpg 243w, https:\/\/manuelsosa.com\/wp-content\/uploads\/001\/abubillas_cuadro-20x20.jpg 20w, https:\/\/manuelsosa.com\/wp-content\/uploads\/001\/abubillas_cuadro-33x33.jpg 33w\" sizes=\"auto, (max-width: 382px) 100vw, 382px\" \/>\t\t\t\t\t\t\t\t\t<\/a>\n\t\t\t\t\t\t\t\t\t\t\t\t\t\t\t\t\t\t \t\t\t\t\t\t\t\t<\/div>\n\t\t\t\t\t\t\t\t<div class=\"image-tools top right show-on-hover\">\n\t\t\t\t\t\t\t\t\t\t\t\t\t\t\t\t\t<\/div>\n\t\t\t\t\t\t\t\t\t\t\t\t\t\t\t\t\t<div class=\"image-tools grid-tools text-center hide-for-small bottom hover-slide-in show-on-hover\">\n\t\t\t\t\t\t\t\t\t\t\t\t\t\t\t\t\t\t\t<\/div>\n\t\t\t\t\t\t\t\t\t\t\t\t\t\t\t\t\t\t\t\t\t\t\t<\/div>\n\n\t\t\t\t\t\t\t<div class=\"box-text text-center is-large\" >\n\t\t\t\t\t\t\t\t<div class=\"title-wrapper\"><p class=\"name product-title woocommerce-loop-product__title\"><a href=\"https:\/\/manuelsosa.com\/de\/cuadros\/aves-pajaros\/abubillas-la-ofrenda-2\/\" class=\"woocommerce-LoopProduct-link woocommerce-loop-product__link\">Wiedehopfe \u2013 Das Hochzeitsgeschenk<\/a><\/p><\/div><div class=\"price-wrapper\">\n\t<span class=\"price\"><span class=\"woocs_price_code\" data-currency=\"\" data-redraw-id=\"69d27d3154df5\"  data-product-id=\"23226\"><span class=\"woocommerce-Price-amount amount\"><bdi>0,00<span class=\"woocommerce-Price-currencySymbol\">&#36;<\/span><\/bdi><\/span><\/span><div class=\"woocs_price_info\"><span class=\"woocs_price_info_icon\"><\/span><ul class='woocs_price_info_list'><li><span>EUR<\/span>: <span class=\"woocs_amount\">\u20ac 0,00<\/span><\/li><li><span>GBP<\/span>: <span class=\"woocs_amount\">\u00a30,00<\/span><\/li><\/ul><\/div><\/span>\n<\/div>\t\t\t\t\t\t\t<\/div>\n\t\t\t\t\t\t<\/div>\n\t\t\t\t\t\t<\/div>\n\t\t\t\t\t<\/div><div class=\"col\" >\n\t\t\t\t\t\t<div class=\"col-inner\">\n\t\t\t\t\t\t\n<div class=\"badge-container absolute left top z-1\">\n\n<\/div>\n\t\t\t\t\t\t<div class=\"product-small box has-hover box-normal box-text-bottom\">\n\t\t\t\t\t\t\t<div class=\"box-image\" >\n\t\t\t\t\t\t\t\t<div class=\"\" >\n\t\t\t\t\t\t\t\t\t<a href=\"https:\/\/manuelsosa.com\/de\/cuadros\/aves-pajaros\/abubillas\/\" aria-label=\"Wiedehopfe\">\n\t\t\t\t\t\t\t\t\t\t<img loading=\"lazy\" decoding=\"async\" width=\"382\" height=\"456\" src=\"https:\/\/manuelsosa.com\/wp-content\/uploads\/001\/abubillas-1-382x456.jpg\" class=\"attachment-woocommerce_thumbnail size-woocommerce_thumbnail\" alt=\"Wiedehopf - Portr\u00e4t\" srcset=\"https:\/\/manuelsosa.com\/wp-content\/uploads\/001\/abubillas-1-382x456.jpg 382w, https:\/\/manuelsosa.com\/wp-content\/uploads\/001\/abubillas-1-768x917.jpg 768w, https:\/\/manuelsosa.com\/wp-content\/uploads\/001\/abubillas-1-486x581.jpg 486w, https:\/\/manuelsosa.com\/wp-content\/uploads\/001\/abubillas-1-783x935.jpg 783w, https:\/\/manuelsosa.com\/wp-content\/uploads\/001\/abubillas-1-1286x1536.jpg 1286w, https:\/\/manuelsosa.com\/wp-content\/uploads\/001\/abubillas-1-10x12.jpg 10w, https:\/\/manuelsosa.com\/wp-content\/uploads\/001\/abubillas-1-64x76.jpg 64w, https:\/\/manuelsosa.com\/wp-content\/uploads\/001\/abubillas-1-243x290.jpg 243w, https:\/\/manuelsosa.com\/wp-content\/uploads\/001\/abubillas-1-17x20.jpg 17w, https:\/\/manuelsosa.com\/wp-content\/uploads\/001\/abubillas-1-33x39.jpg 33w, https:\/\/manuelsosa.com\/wp-content\/uploads\/001\/abubillas-1.jpg 1423w\" sizes=\"auto, (max-width: 382px) 100vw, 382px\" \/>\t\t\t\t\t\t\t\t\t<\/a>\n\t\t\t\t\t\t\t\t\t\t\t\t\t\t\t\t\t\t \t\t\t\t\t\t\t\t<\/div>\n\t\t\t\t\t\t\t\t<div class=\"image-tools top right show-on-hover\">\n\t\t\t\t\t\t\t\t\t\t\t\t\t\t\t\t\t<\/div>\n\t\t\t\t\t\t\t\t\t\t\t\t\t\t\t\t\t<div class=\"image-tools grid-tools text-center hide-for-small bottom hover-slide-in show-on-hover\">\n\t\t\t\t\t\t\t\t\t\t\t\t\t\t\t\t\t\t\t<\/div>\n\t\t\t\t\t\t\t\t\t\t\t\t\t\t\t\t\t\t\t\t\t\t\t<\/div>\n\n\t\t\t\t\t\t\t<div class=\"box-text text-center is-large\" >\n\t\t\t\t\t\t\t\t<div class=\"title-wrapper\"><p class=\"name product-title woocommerce-loop-product__title\"><a href=\"https:\/\/manuelsosa.com\/de\/cuadros\/aves-pajaros\/abubillas\/\" class=\"woocommerce-LoopProduct-link woocommerce-loop-product__link\">Wiedehopfe<\/a><\/p><\/div><div class=\"price-wrapper\">\n\t<span class=\"price\"><span class=\"woocs_price_code\" data-currency=\"\" data-redraw-id=\"69d27d3158e50\"  data-product-id=\"47\"><span class=\"woocommerce-Price-amount amount\"><bdi>0,00<span class=\"woocommerce-Price-currencySymbol\">&#36;<\/span><\/bdi><\/span><\/span><div class=\"woocs_price_info\"><span class=\"woocs_price_info_icon\"><\/span><ul class='woocs_price_info_list'><li><span>EUR<\/span>: <span class=\"woocs_amount\">\u20ac 0,00<\/span><\/li><li><span>GBP<\/span>: <span class=\"woocs_amount\">\u00a30,00<\/span><\/li><\/ul><\/div><\/span>\n<\/div>\t\t\t\t\t\t\t<\/div>\n\t\t\t\t\t\t<\/div>\n\t\t\t\t\t\t<\/div>\n\t\t\t\t\t<\/div><div class=\"col\" >\n\t\t\t\t\t\t<div class=\"col-inner\">\n\t\t\t\t\t\t\n<div class=\"badge-container absolute left top z-1\">\n\n<\/div>\n\t\t\t\t\t\t<div class=\"product-small box has-hover box-normal box-text-bottom\">\n\t\t\t\t\t\t\t<div class=\"box-image\" >\n\t\t\t\t\t\t\t\t<div class=\"\" >\n\t\t\t\t\t\t\t\t\t<a href=\"https:\/\/manuelsosa.com\/de\/cuadros\/aves-pajaros\/abubillas-en-muro\/\" aria-label=\"Wiedehopfe an einer Wand\">\n\t\t\t\t\t\t\t\t\t\t<img loading=\"lazy\" decoding=\"async\" width=\"382\" height=\"779\" src=\"https:\/\/manuelsosa.com\/wp-content\/uploads\/001\/abubillas_en_muro-382x779.jpg\" class=\"attachment-woocommerce_thumbnail size-woocommerce_thumbnail\" alt=\"Wiedehopf an der Wand - Wiedehopf Bilder\" srcset=\"https:\/\/manuelsosa.com\/wp-content\/uploads\/001\/abubillas_en_muro-382x779.jpg 382w, https:\/\/manuelsosa.com\/wp-content\/uploads\/001\/abubillas_en_muro-486x991.jpg 486w, https:\/\/manuelsosa.com\/wp-content\/uploads\/001\/abubillas_en_muro-768x1565.jpg 768w, https:\/\/manuelsosa.com\/wp-content\/uploads\/001\/abubillas_en_muro-783x1596.jpg 783w, https:\/\/manuelsosa.com\/wp-content\/uploads\/001\/abubillas_en_muro-754x1536.jpg 754w, https:\/\/manuelsosa.com\/wp-content\/uploads\/001\/abubillas_en_muro-6x12.jpg 6w, https:\/\/manuelsosa.com\/wp-content\/uploads\/001\/abubillas_en_muro-64x130.jpg 64w, https:\/\/manuelsosa.com\/wp-content\/uploads\/001\/abubillas_en_muro.jpg 834w\" sizes=\"auto, (max-width: 382px) 100vw, 382px\" \/>\t\t\t\t\t\t\t\t\t<\/a>\n\t\t\t\t\t\t\t\t\t\t\t\t\t\t\t\t\t\t \t\t\t\t\t\t\t\t<\/div>\n\t\t\t\t\t\t\t\t<div class=\"image-tools top right show-on-hover\">\n\t\t\t\t\t\t\t\t\t\t\t\t\t\t\t\t\t<\/div>\n\t\t\t\t\t\t\t\t\t\t\t\t\t\t\t\t\t<div class=\"image-tools grid-tools text-center hide-for-small bottom hover-slide-in show-on-hover\">\n\t\t\t\t\t\t\t\t\t\t\t\t\t\t\t\t\t\t\t<\/div>\n\t\t\t\t\t\t\t\t\t\t\t\t\t\t\t\t\t\t\t\t\t\t\t<\/div>\n\n\t\t\t\t\t\t\t<div class=\"box-text text-center is-large\" >\n\t\t\t\t\t\t\t\t<div class=\"title-wrapper\"><p class=\"name product-title woocommerce-loop-product__title\"><a href=\"https:\/\/manuelsosa.com\/de\/cuadros\/aves-pajaros\/abubillas-en-muro\/\" class=\"woocommerce-LoopProduct-link woocommerce-loop-product__link\">Wiedehopfe an einer Wand<\/a><\/p><\/div><div class=\"price-wrapper\">\n\t<span class=\"price\"><span class=\"woocs_price_code\" data-currency=\"\" data-redraw-id=\"69d27d315e916\"  data-product-id=\"45\"><span class=\"woocommerce-Price-amount amount\"><bdi>0,00<span class=\"woocommerce-Price-currencySymbol\">&#36;<\/span><\/bdi><\/span><\/span><div class=\"woocs_price_info\"><span class=\"woocs_price_info_icon\"><\/span><ul class='woocs_price_info_list'><li><span>EUR<\/span>: <span class=\"woocs_amount\">\u20ac 0,00<\/span><\/li><li><span>GBP<\/span>: <span class=\"woocs_amount\">\u00a30,00<\/span><\/li><\/ul><\/div><\/span>\n<\/div>\t\t\t\t\t\t\t<\/div>\n\t\t\t\t\t\t<\/div>\n\t\t\t\t\t\t<\/div>\n\t\t\t\t\t<\/div><div class=\"col\" >\n\t\t\t\t\t\t<div class=\"col-inner\">\n\t\t\t\t\t\t\n<div class=\"badge-container absolute left top z-1\">\n\n<\/div>\n\t\t\t\t\t\t<div class=\"product-small box has-hover box-normal box-text-bottom\">\n\t\t\t\t\t\t\t<div class=\"box-image\" >\n\t\t\t\t\t\t\t\t<div class=\"\" >\n\t\t\t\t\t\t\t\t\t<a href=\"https:\/\/manuelsosa.com\/de\/cuadros\/aves-pajaros\/la-ofrenda\/\" aria-label=\"Das Angebot\">\n\t\t\t\t\t\t\t\t\t\t<img loading=\"lazy\" decoding=\"async\" width=\"382\" height=\"511\" src=\"https:\/\/manuelsosa.com\/wp-content\/uploads\/001\/abubillas-ofrenda-382x511.jpg\" class=\"attachment-woocommerce_thumbnail size-woocommerce_thumbnail\" alt=\"Wiedehopfe - Das Angebot - Gem\u00e4lde von Wiedehopfen\" srcset=\"https:\/\/manuelsosa.com\/wp-content\/uploads\/001\/abubillas-ofrenda-382x511.jpg 382w, https:\/\/manuelsosa.com\/wp-content\/uploads\/001\/abubillas-ofrenda-486x651.jpg 486w, https:\/\/manuelsosa.com\/wp-content\/uploads\/001\/abubillas-ofrenda-768x1028.jpg 768w, https:\/\/manuelsosa.com\/wp-content\/uploads\/001\/abubillas-ofrenda-783x1048.jpg 783w, https:\/\/manuelsosa.com\/wp-content\/uploads\/001\/abubillas-ofrenda-1147x1536.jpg 1147w, https:\/\/manuelsosa.com\/wp-content\/uploads\/001\/abubillas-ofrenda-9x12.jpg 9w, https:\/\/manuelsosa.com\/wp-content\/uploads\/001\/abubillas-ofrenda-64x86.jpg 64w, https:\/\/manuelsosa.com\/wp-content\/uploads\/001\/abubillas-ofrenda.jpg 1270w\" sizes=\"auto, (max-width: 382px) 100vw, 382px\" \/>\t\t\t\t\t\t\t\t\t<\/a>\n\t\t\t\t\t\t\t\t\t\t\t\t\t\t\t\t\t\t \t\t\t\t\t\t\t\t<\/div>\n\t\t\t\t\t\t\t\t<div class=\"image-tools top right show-on-hover\">\n\t\t\t\t\t\t\t\t\t\t\t\t\t\t\t\t\t<\/div>\n\t\t\t\t\t\t\t\t\t\t\t\t\t\t\t\t\t<div class=\"image-tools grid-tools text-center hide-for-small bottom hover-slide-in show-on-hover\">\n\t\t\t\t\t\t\t\t\t\t\t\t\t\t\t\t\t\t\t<\/div>\n\t\t\t\t\t\t\t\t\t\t\t\t\t\t\t\t\t\t\t\t\t\t\t<\/div>\n\n\t\t\t\t\t\t\t<div class=\"box-text text-center is-large\" >\n\t\t\t\t\t\t\t\t<div class=\"title-wrapper\"><p class=\"name product-title woocommerce-loop-product__title\"><a href=\"https:\/\/manuelsosa.com\/de\/cuadros\/aves-pajaros\/la-ofrenda\/\" class=\"woocommerce-LoopProduct-link woocommerce-loop-product__link\">Das Angebot<\/a><\/p><\/div><div class=\"price-wrapper\">\n\t<span class=\"price\"><span class=\"woocs_price_code\" data-currency=\"\" data-redraw-id=\"69d27d3162bbc\"  data-product-id=\"46\"><span class=\"woocommerce-Price-amount amount\"><bdi>0,00<span class=\"woocommerce-Price-currencySymbol\">&#36;<\/span><\/bdi><\/span><\/span><div class=\"woocs_price_info\"><span class=\"woocs_price_info_icon\"><\/span><ul class='woocs_price_info_list'><li><span>EUR<\/span>: <span class=\"woocs_amount\">\u20ac 0,00<\/span><\/li><li><span>GBP<\/span>: <span class=\"woocs_amount\">\u00a30,00<\/span><\/li><\/ul><\/div><\/span>\n<\/div>\t\t\t\t\t\t\t<\/div>\n\t\t\t\t\t\t<\/div>\n\t\t\t\t\t\t<\/div>\n\t\t\t\t\t<\/div><div class=\"col\" >\n\t\t\t\t\t\t<div class=\"col-inner\">\n\t\t\t\t\t\t\n<div class=\"badge-container absolute left top z-1\">\n\n<\/div>\n\t\t\t\t\t\t<div class=\"product-small box has-hover box-normal box-text-bottom\">\n\t\t\t\t\t\t\t<div class=\"box-image\" >\n\t\t\t\t\t\t\t\t<div class=\"\" >\n\t\t\t\t\t\t\t\t\t<a href=\"https:\/\/manuelsosa.com\/de\/cuadros\/aves-pajaros\/bajo-la-lluvia\/\" aria-label=\"Wiedehopf - Im Regen\">\n\t\t\t\t\t\t\t\t\t\t<img loading=\"lazy\" decoding=\"async\" width=\"382\" height=\"502\" src=\"https:\/\/manuelsosa.com\/wp-content\/uploads\/001\/abubilla_lluvia-1-382x502.jpg\" class=\"attachment-woocommerce_thumbnail size-woocommerce_thumbnail\" alt=\"Wiedehopf (Upupa epops)\" srcset=\"https:\/\/manuelsosa.com\/wp-content\/uploads\/001\/abubilla_lluvia-1-382x502.jpg 382w, https:\/\/manuelsosa.com\/wp-content\/uploads\/001\/abubilla_lluvia-1-768x1010.jpg 768w, https:\/\/manuelsosa.com\/wp-content\/uploads\/001\/abubilla_lluvia-1-486x639.jpg 486w, https:\/\/manuelsosa.com\/wp-content\/uploads\/001\/abubilla_lluvia-1-783x1029.jpg 783w, https:\/\/manuelsosa.com\/wp-content\/uploads\/001\/abubilla_lluvia-1-1168x1536.jpg 1168w, https:\/\/manuelsosa.com\/wp-content\/uploads\/001\/abubilla_lluvia-1-9x12.jpg 9w, https:\/\/manuelsosa.com\/wp-content\/uploads\/001\/abubilla_lluvia-1-64x84.jpg 64w, https:\/\/manuelsosa.com\/wp-content\/uploads\/001\/abubilla_lluvia-1-243x319.jpg 243w, https:\/\/manuelsosa.com\/wp-content\/uploads\/001\/abubilla_lluvia-1-15x20.jpg 15w, https:\/\/manuelsosa.com\/wp-content\/uploads\/001\/abubilla_lluvia-1-33x43.jpg 33w, https:\/\/manuelsosa.com\/wp-content\/uploads\/001\/abubilla_lluvia-1.jpg 1293w\" sizes=\"auto, (max-width: 382px) 100vw, 382px\" \/>\t\t\t\t\t\t\t\t\t<\/a>\n\t\t\t\t\t\t\t\t\t\t\t\t\t\t\t\t\t\t \t\t\t\t\t\t\t\t<\/div>\n\t\t\t\t\t\t\t\t<div class=\"image-tools top right show-on-hover\">\n\t\t\t\t\t\t\t\t\t\t\t\t\t\t\t\t\t<\/div>\n\t\t\t\t\t\t\t\t\t\t\t\t\t\t\t\t\t<div class=\"image-tools grid-tools text-center hide-for-small bottom hover-slide-in show-on-hover\">\n\t\t\t\t\t\t\t\t\t\t\t\t\t\t\t\t\t\t\t<\/div>\n\t\t\t\t\t\t\t\t\t\t\t\t\t\t\t\t\t\t\t\t\t\t\t<\/div>\n\n\t\t\t\t\t\t\t<div class=\"box-text text-center is-large\" >\n\t\t\t\t\t\t\t\t<div class=\"title-wrapper\"><p class=\"name product-title woocommerce-loop-product__title\"><a href=\"https:\/\/manuelsosa.com\/de\/cuadros\/aves-pajaros\/bajo-la-lluvia\/\" class=\"woocommerce-LoopProduct-link woocommerce-loop-product__link\">Wiedehopf - Im Regen<\/a><\/p><\/div><div class=\"price-wrapper\">\n\t<span class=\"price\"><span class=\"woocs_price_code\" data-currency=\"\" data-redraw-id=\"69d27d3165cac\"  data-product-id=\"12946\"><span class=\"woocommerce-Price-amount amount\"><bdi>0,00<span class=\"woocommerce-Price-currencySymbol\">&#36;<\/span><\/bdi><\/span><\/span><div class=\"woocs_price_info\"><span class=\"woocs_price_info_icon\"><\/span><ul class='woocs_price_info_list'><li><span>EUR<\/span>: <span class=\"woocs_amount\">\u20ac 0,00<\/span><\/li><li><span>GBP<\/span>: <span class=\"woocs_amount\">\u00a30,00<\/span><\/li><\/ul><\/div><\/span>\n<\/div>\t\t\t\t\t\t\t<\/div>\n\t\t\t\t\t\t<\/div>\n\t\t\t\t\t\t<\/div>\n\t\t\t\t\t<\/div><div class=\"col\" >\n\t\t\t\t\t\t<div class=\"col-inner\">\n\t\t\t\t\t\t\n<div class=\"badge-container absolute left top z-1\">\n\n<\/div>\n\t\t\t\t\t\t<div class=\"product-small box has-hover box-normal box-text-bottom\">\n\t\t\t\t\t\t\t<div class=\"box-image\" >\n\t\t\t\t\t\t\t\t<div class=\"\" >\n\t\t\t\t\t\t\t\t\t<a href=\"https:\/\/manuelsosa.com\/de\/cuadros\/paisajes\/muro-de-piedras-con-abubilla-y-fresnos\/\" aria-label=\"Steinmauer mit Pirol und Eschen\">\n\t\t\t\t\t\t\t\t\t\t<img loading=\"lazy\" decoding=\"async\" width=\"382\" height=\"261\" src=\"https:\/\/manuelsosa.com\/wp-content\/uploads\/001\/abubilla_en_muro-382x261.jpg\" class=\"attachment-woocommerce_thumbnail size-woocommerce_thumbnail\" alt=\"Steinmauer mit Wiedehopf und Eschen - Wiedehopfbilder\" srcset=\"https:\/\/manuelsosa.com\/wp-content\/uploads\/001\/abubilla_en_muro-382x261.jpg 382w, https:\/\/manuelsosa.com\/wp-content\/uploads\/001\/abubilla_en_muro-486x333.jpg 486w, https:\/\/manuelsosa.com\/wp-content\/uploads\/001\/abubilla_en_muro-768x526.jpg 768w, https:\/\/manuelsosa.com\/wp-content\/uploads\/001\/abubilla_en_muro-783x536.jpg 783w, https:\/\/manuelsosa.com\/wp-content\/uploads\/001\/abubilla_en_muro-1536x1051.jpg 1536w, https:\/\/manuelsosa.com\/wp-content\/uploads\/001\/abubilla_en_muro-18x12.jpg 18w, https:\/\/manuelsosa.com\/wp-content\/uploads\/001\/abubilla_en_muro-64x44.jpg 64w, https:\/\/manuelsosa.com\/wp-content\/uploads\/001\/abubilla_en_muro.jpg 1800w\" sizes=\"auto, (max-width: 382px) 100vw, 382px\" \/>\t\t\t\t\t\t\t\t\t<\/a>\n\t\t\t\t\t\t\t\t\t\t\t\t\t\t\t\t\t\t \t\t\t\t\t\t\t\t<\/div>\n\t\t\t\t\t\t\t\t<div class=\"image-tools top right show-on-hover\">\n\t\t\t\t\t\t\t\t\t\t\t\t\t\t\t\t\t<\/div>\n\t\t\t\t\t\t\t\t\t\t\t\t\t\t\t\t\t<div class=\"image-tools grid-tools text-center hide-for-small bottom hover-slide-in show-on-hover\">\n\t\t\t\t\t\t\t\t\t\t\t\t\t\t\t\t\t\t\t<\/div>\n\t\t\t\t\t\t\t\t\t\t\t\t\t\t\t\t\t\t\t\t\t\t\t<\/div>\n\n\t\t\t\t\t\t\t<div class=\"box-text text-center is-large\" >\n\t\t\t\t\t\t\t\t<div class=\"title-wrapper\"><p class=\"name product-title woocommerce-loop-product__title\"><a href=\"https:\/\/manuelsosa.com\/de\/cuadros\/paisajes\/muro-de-piedras-con-abubilla-y-fresnos\/\" class=\"woocommerce-LoopProduct-link woocommerce-loop-product__link\">Steinmauer mit Pirol und Eschen<\/a><\/p><\/div><div class=\"price-wrapper\">\n\t<span class=\"price\"><span class=\"woocs_price_code\" data-currency=\"\" data-redraw-id=\"69d27d316862c\"  data-product-id=\"44\"><span class=\"woocommerce-Price-amount amount\"><bdi>0,00<span class=\"woocommerce-Price-currencySymbol\">&#36;<\/span><\/bdi><\/span><\/span><div class=\"woocs_price_info\"><span class=\"woocs_price_info_icon\"><\/span><ul class='woocs_price_info_list'><li><span>EUR<\/span>: <span class=\"woocs_amount\">\u20ac 0,00<\/span><\/li><li><span>GBP<\/span>: <span class=\"woocs_amount\">\u00a30,00<\/span><\/li><\/ul><\/div><\/span>\n<\/div>\t\t\t\t\t\t\t<\/div>\n\t\t\t\t\t\t<\/div>\n\t\t\t\t\t\t<\/div>\n\t\t\t\t\t<\/div><\/div>\n<p>Gem\u00e4lde von Tieren. Gem\u00e4lde von Tieren. Gem\u00e4lde von V\u00f6geln. Gem\u00e4lde von V\u00f6geln. Gem\u00e4lde von V\u00f6geln. Gem\u00e4lde von V\u00f6geln<\/p>","protected":false},"excerpt":{"rendered":"<p>Wiedehopf (Upupa epops). Asche, Wand<\/p>","protected":false},"author":1,"featured_media":0,"parent":0,"menu_order":0,"comment_status":"closed","ping_status":"closed","template":"","meta":{"_seopress_robots_primary_cat":"","_seopress_titles_title":"%%post_title%%","_seopress_titles_desc":"","_seopress_robots_index":"","footnotes":""},"class_list":["post-14977","page","type-page","status-publish","hentry","tm-has-options"],"_links":{"self":[{"href":"https:\/\/manuelsosa.com\/de\/wp-json\/wp\/v2\/pages\/14977","targetHints":{"allow":["GET"]}}],"collection":[{"href":"https:\/\/manuelsosa.com\/de\/wp-json\/wp\/v2\/pages"}],"about":[{"href":"https:\/\/manuelsosa.com\/de\/wp-json\/wp\/v2\/types\/page"}],"author":[{"embeddable":true,"href":"https:\/\/manuelsosa.com\/de\/wp-json\/wp\/v2\/users\/1"}],"replies":[{"embeddable":true,"href":"https:\/\/manuelsosa.com\/de\/wp-json\/wp\/v2\/comments?post=14977"}],"version-history":[{"count":0,"href":"https:\/\/manuelsosa.com\/de\/wp-json\/wp\/v2\/pages\/14977\/revisions"}],"wp:attachment":[{"href":"https:\/\/manuelsosa.com\/de\/wp-json\/wp\/v2\/media?parent=14977"}],"curies":[{"name":"wp","href":"https:\/\/api.w.org\/{rel}","templated":true}]}}