{"id":12951,"date":"2014-09-29T00:00:00","date_gmt":"2014-09-29T00:00:00","guid":{"rendered":"https:\/\/manuelsosa.com\/cuadros\/sin%20categorizar\/tarabilla-comun-3\/"},"modified":"2025-08-24T15:10:23","modified_gmt":"2025-08-24T13:10:23","slug":"schwarzkehlchen","status":"publish","type":"product","link":"https:\/\/manuelsosa.com\/de\/cuadros\/aves-pajaros\/cuadro-de-tarabilla-comun\/","title":{"rendered":"Schwarzkehlchen. \u00d6lgem\u00e4lde"},"content":{"rendered":"<p>Der sch\u00f6ne Schwarzkehlchen, mit Z\u00e4unen und Wegen. \u00d6lgem\u00e4lde auf Tafel. \u00d6l auf Platte. Schwarzkehlchen Gem\u00e4lde von Manuel Sosa \u00a9 2014<\/p>","protected":false},"excerpt":{"rendered":"<p>Schwarzkehlchen (Saxicola torquata)<\/p>","protected":false},"featured_media":10748,"comment_status":"open","ping_status":"closed","template":"","meta":{"_seopress_robots_primary_cat":"none","_seopress_titles_title":"","_seopress_titles_desc":"","_seopress_robots_index":""},"product_brand":[],"product_cat":[9],"product_tag":[129],"class_list":{"0":"post-12951","1":"product","2":"type-product","3":"status-publish","4":"has-post-thumbnail","6":"product_cat-aves-pajaros","7":"product_tag-tarabilla-comun-saxicola-torquata","8":"tm-has-options","10":"first","11":"instock","12":"purchasable","13":"product-type-simple"},"wpr_featured_image":["https:\/\/manuelsosa.com\/wp-content\/uploads\/001\/tarabilla-382x276.jpg",382,276,true],"gallery_images":[],"_links":{"self":[{"href":"https:\/\/manuelsosa.com\/de\/wp-json\/wp\/v2\/product\/12951","targetHints":{"allow":["GET"]}}],"collection":[{"href":"https:\/\/manuelsosa.com\/de\/wp-json\/wp\/v2\/product"}],"about":[{"href":"https:\/\/manuelsosa.com\/de\/wp-json\/wp\/v2\/types\/product"}],"replies":[{"embeddable":true,"href":"https:\/\/manuelsosa.com\/de\/wp-json\/wp\/v2\/comments?post=12951"}],"wp:featuredmedia":[{"embeddable":true,"href":"https:\/\/manuelsosa.com\/de\/wp-json\/wp\/v2\/media\/10748"}],"wp:attachment":[{"href":"https:\/\/manuelsosa.com\/de\/wp-json\/wp\/v2\/media?parent=12951"}],"wp:term":[{"taxonomy":"product_brand","embeddable":true,"href":"https:\/\/manuelsosa.com\/de\/wp-json\/wp\/v2\/product_brand?post=12951"},{"taxonomy":"product_cat","embeddable":true,"href":"https:\/\/manuelsosa.com\/de\/wp-json\/wp\/v2\/product_cat?post=12951"},{"taxonomy":"product_tag","embeddable":true,"href":"https:\/\/manuelsosa.com\/de\/wp-json\/wp\/v2\/product_tag?post=12951"}],"curies":[{"name":"wp","href":"https:\/\/api.w.org\/{rel}","templated":true}]}}