{"id":14224,"date":"2018-12-18T00:00:00","date_gmt":"2018-12-18T00:00:00","guid":{"rendered":"https:\/\/manuelsosa.com\/cuadros\/sin%20categorizar\/jabali-retrato\/"},"modified":"2025-05-24T20:21:09","modified_gmt":"2025-05-24T18:21:09","slug":"wildschweinkader","status":"publish","type":"product","link":"https:\/\/manuelsosa.com\/de\/cuadros\/acuarelas\/jabali-cuadro\/","title":{"rendered":"Wildschwein - Box"},"content":{"rendered":"<p>Gem\u00e4lde des Oberk\u00f6rpers eines m\u00e4nnlichen Wildschweins. Aquarell und Gouache. Gem\u00e4lde eines Wildschweins von dem Maler Manuel Sosa \u00a9 2018<\/p>","protected":false},"excerpt":{"rendered":"<p>Wildschwein (Sus scrofa)<\/p>","protected":false},"featured_media":15253,"comment_status":"open","ping_status":"closed","template":"","meta":{"_seopress_robots_primary_cat":"","_seopress_titles_title":"","_seopress_titles_desc":"","_seopress_robots_index":""},"product_brand":[],"product_cat":[16],"product_tag":[73],"class_list":{"0":"post-14224","1":"product","2":"type-product","3":"status-publish","4":"has-post-thumbnail","6":"product_cat-acuarelas","7":"product_tag-jabali-sus-scrofa","8":"tm-has-options","10":"first","11":"instock","12":"purchasable","13":"product-type-simple"},"wpr_featured_image":["https:\/\/manuelsosa.com\/wp-content\/uploads\/001\/jabali-wouter-382x513.jpg",382,513,true],"gallery_images":[],"_links":{"self":[{"href":"https:\/\/manuelsosa.com\/de\/wp-json\/wp\/v2\/product\/14224","targetHints":{"allow":["GET"]}}],"collection":[{"href":"https:\/\/manuelsosa.com\/de\/wp-json\/wp\/v2\/product"}],"about":[{"href":"https:\/\/manuelsosa.com\/de\/wp-json\/wp\/v2\/types\/product"}],"replies":[{"embeddable":true,"href":"https:\/\/manuelsosa.com\/de\/wp-json\/wp\/v2\/comments?post=14224"}],"wp:featuredmedia":[{"embeddable":true,"href":"https:\/\/manuelsosa.com\/de\/wp-json\/wp\/v2\/media\/15253"}],"wp:attachment":[{"href":"https:\/\/manuelsosa.com\/de\/wp-json\/wp\/v2\/media?parent=14224"}],"wp:term":[{"taxonomy":"product_brand","embeddable":true,"href":"https:\/\/manuelsosa.com\/de\/wp-json\/wp\/v2\/product_brand?post=14224"},{"taxonomy":"product_cat","embeddable":true,"href":"https:\/\/manuelsosa.com\/de\/wp-json\/wp\/v2\/product_cat?post=14224"},{"taxonomy":"product_tag","embeddable":true,"href":"https:\/\/manuelsosa.com\/de\/wp-json\/wp\/v2\/product_tag?post=14224"}],"curies":[{"name":"wp","href":"https:\/\/api.w.org\/{rel}","templated":true}]}}