{"id":18791,"date":"2023-11-06T20:28:06","date_gmt":"2023-11-06T19:28:06","guid":{"rendered":"https:\/\/manuelsosa.com\/?post_type=product&#038;p=18791"},"modified":"2025-05-24T20:21:32","modified_gmt":"2025-05-24T18:21:32","slug":"schabrackenschakal-lupulella-mesomelas","status":"publish","type":"product","link":"https:\/\/manuelsosa.com\/de\/cuadros\/mamiferos\/chacal-de-lomo-negro-lupulella-mesomelas\/","title":{"rendered":"Schabrackenschakal auf der Jagd nach Turteltauben in der afrikanischen Wildnis"},"content":{"rendered":"<div class=\"\" data-block=\"true\" data-editor=\"4mvbc\" data-offset-key=\"1h07l-0-0\">\n<div dir=\"auto\">Schabrackenschakal in der Kalahari-W\u00fcste, angepasst an die Jagd auf V\u00f6gel, die an den k\u00fcnstlichen Wasserl\u00f6chern trinken. Ein Gem\u00e4lde im Auftrag von Herrn Richard Caron: <em>Hallo Manuel<\/em>, <em>Ich h\u00e4tte gerne ein gro\u00dfes Gem\u00e4lde eines afrikanischen Schakals, der Tauben in der N\u00e4he von Wasser jagt. Ich freue mich, wenn Ihnen diese Idee gef\u00e4llt. Ich habe oft gesehen, wie Schakale in die Luft gesprungen sind, um Tauben in der N\u00e4he einer Wasserstelle zu fangen, wenn sie zum Trinken kamen. Es ist ein bisschen <\/em><em>Magie. Sie werden viele Bilder im Internet finden. Ich w\u00fcnsche Ihnen einen sch\u00f6nen Tag. <\/em><em>K\u00f6nnen Sie das malen?<br \/>\nRichard CARON<\/em><\/div>\n<div dir=\"auto\">2020 \u00a9 Manuel Sosa<\/div>\n<\/div>","protected":false},"excerpt":{"rendered":"<p><b>Schabrackenschakal<\/b> (<i>Lupulella mesomelas<\/i>)<\/p>","protected":false},"featured_media":18794,"comment_status":"open","ping_status":"closed","template":"","meta":{"_seopress_robots_primary_cat":"","_seopress_titles_title":"","_seopress_titles_desc":"","_seopress_robots_index":""},"product_brand":[],"product_cat":[29],"product_tag":[1409],"class_list":{"0":"post-18791","1":"product","2":"type-product","3":"status-publish","4":"has-post-thumbnail","6":"product_cat-mamiferos","7":"product_tag-chacal-de-lomo-negro-lupulella-mesomelas","8":"tm-has-options","10":"first","11":"instock","12":"purchasable","13":"product-type-simple"},"wpr_featured_image":["https:\/\/manuelsosa.com\/wp-content\/uploads\/001\/chacal_de_lomo_negro_y_palomas-382x281.jpg",382,281,true],"gallery_images":[],"_links":{"self":[{"href":"https:\/\/manuelsosa.com\/de\/wp-json\/wp\/v2\/product\/18791","targetHints":{"allow":["GET"]}}],"collection":[{"href":"https:\/\/manuelsosa.com\/de\/wp-json\/wp\/v2\/product"}],"about":[{"href":"https:\/\/manuelsosa.com\/de\/wp-json\/wp\/v2\/types\/product"}],"replies":[{"embeddable":true,"href":"https:\/\/manuelsosa.com\/de\/wp-json\/wp\/v2\/comments?post=18791"}],"wp:featuredmedia":[{"embeddable":true,"href":"https:\/\/manuelsosa.com\/de\/wp-json\/wp\/v2\/media\/18794"}],"wp:attachment":[{"href":"https:\/\/manuelsosa.com\/de\/wp-json\/wp\/v2\/media?parent=18791"}],"wp:term":[{"taxonomy":"product_brand","embeddable":true,"href":"https:\/\/manuelsosa.com\/de\/wp-json\/wp\/v2\/product_brand?post=18791"},{"taxonomy":"product_cat","embeddable":true,"href":"https:\/\/manuelsosa.com\/de\/wp-json\/wp\/v2\/product_cat?post=18791"},{"taxonomy":"product_tag","embeddable":true,"href":"https:\/\/manuelsosa.com\/de\/wp-json\/wp\/v2\/product_tag?post=18791"}],"curies":[{"name":"wp","href":"https:\/\/api.w.org\/{rel}","templated":true}]}}