{"id":24970,"date":"2024-02-24T00:12:21","date_gmt":"2024-02-23T23:12:21","guid":{"rendered":"https:\/\/manuelsosa.com\/?post_type=product&#038;p=24970"},"modified":"2025-05-24T20:21:49","modified_gmt":"2025-05-24T18:21:49","slug":"fuchs-gemalde-unter-einem-ahorn","status":"publish","type":"product","link":"https:\/\/manuelsosa.com\/de\/cuadros\/mamiferos\/pintura-de-zorro-bajo-un-arce\/","title":{"rendered":"Fuchs und Ahorn"},"content":{"rendered":"<p>\u00d6lgem\u00e4lde auf Tafel mit einem Fuchs unter einem Ahorn. Gem\u00e4lde von \u00a9 Manuel Sosa \u00a9 1996<\/p>","protected":false},"excerpt":{"rendered":"<p>Ahorn und Fuchs (Vulpes vulpes)<\/p>","protected":false},"featured_media":10913,"comment_status":"open","ping_status":"closed","template":"","meta":{"_seopress_robots_primary_cat":"none","_seopress_titles_title":"","_seopress_titles_desc":"","_seopress_robots_index":""},"product_brand":[],"product_cat":[29],"product_tag":[111],"class_list":{"0":"post-24970","1":"product","2":"type-product","3":"status-publish","4":"has-post-thumbnail","6":"product_cat-mamiferos","7":"product_tag-zorro-comun-o-rojo-vulpes-vulpes","8":"tm-has-options","10":"first","11":"instock","12":"purchasable","13":"product-type-simple"},"wpr_featured_image":["https:\/\/manuelsosa.com\/wp-content\/uploads\/001\/zorro-382x217.jpg",382,217,true],"gallery_images":[],"_links":{"self":[{"href":"https:\/\/manuelsosa.com\/de\/wp-json\/wp\/v2\/product\/24970","targetHints":{"allow":["GET"]}}],"collection":[{"href":"https:\/\/manuelsosa.com\/de\/wp-json\/wp\/v2\/product"}],"about":[{"href":"https:\/\/manuelsosa.com\/de\/wp-json\/wp\/v2\/types\/product"}],"replies":[{"embeddable":true,"href":"https:\/\/manuelsosa.com\/de\/wp-json\/wp\/v2\/comments?post=24970"}],"wp:featuredmedia":[{"embeddable":true,"href":"https:\/\/manuelsosa.com\/de\/wp-json\/wp\/v2\/media\/10913"}],"wp:attachment":[{"href":"https:\/\/manuelsosa.com\/de\/wp-json\/wp\/v2\/media?parent=24970"}],"wp:term":[{"taxonomy":"product_brand","embeddable":true,"href":"https:\/\/manuelsosa.com\/de\/wp-json\/wp\/v2\/product_brand?post=24970"},{"taxonomy":"product_cat","embeddable":true,"href":"https:\/\/manuelsosa.com\/de\/wp-json\/wp\/v2\/product_cat?post=24970"},{"taxonomy":"product_tag","embeddable":true,"href":"https:\/\/manuelsosa.com\/de\/wp-json\/wp\/v2\/product_tag?post=24970"}],"curies":[{"name":"wp","href":"https:\/\/api.w.org\/{rel}","templated":true}]}}