{"id":87,"date":"2004-10-14T00:00:00","date_gmt":"2004-10-14T00:00:00","guid":{"rendered":"https:\/\/manuelsosa.com\/cuadros\/sin%20categorizar\/contraluz-en-el-robledal\/"},"modified":"2025-05-24T20:19:38","modified_gmt":"2025-05-24T18:19:38","slug":"gegenlicht-im-eichenhain","status":"publish","type":"product","link":"https:\/\/manuelsosa.com\/de\/cuadros\/aves-pajaros\/contraluz-en-el-robledal\/","title":{"rendered":"Gegenlicht im Eichenhain"},"content":{"rendered":"<p>\u00d6lgem\u00e4lde eines Waldkauzes. Es handelt sich um eine gro\u00dfe Leinwand aus dem Jahr 2006. Wie es gemalt wurde, k\u00f6nnen Sie in der Rubrik \"Schritt f\u00fcr Schritt\" im Hauptmen\u00fc sehen. \u00d6l auf Leinwand. Manuel Sosa \u00a9 2004<\/p>","protected":false},"excerpt":{"rendered":"<p>Carabo Lapp<\/p>","protected":false},"featured_media":10843,"comment_status":"open","ping_status":"closed","template":"","meta":{"_seopress_robots_primary_cat":"","_seopress_titles_title":"","_seopress_titles_desc":"","_seopress_robots_index":""},"product_brand":[],"product_cat":[9],"product_tag":[180],"class_list":{"0":"post-87","1":"product","2":"type-product","3":"status-publish","4":"has-post-thumbnail","6":"product_cat-aves-pajaros","7":"product_tag-carabo-lapon-strix-nebulosa","8":"tm-has-options","10":"first","11":"instock","12":"purchasable","13":"product-type-simple"},"wpr_featured_image":["https:\/\/manuelsosa.com\/wp-content\/uploads\/001\/carabo_lapon-382x305.jpg",382,305,true],"gallery_images":[],"_links":{"self":[{"href":"https:\/\/manuelsosa.com\/de\/wp-json\/wp\/v2\/product\/87","targetHints":{"allow":["GET"]}}],"collection":[{"href":"https:\/\/manuelsosa.com\/de\/wp-json\/wp\/v2\/product"}],"about":[{"href":"https:\/\/manuelsosa.com\/de\/wp-json\/wp\/v2\/types\/product"}],"replies":[{"embeddable":true,"href":"https:\/\/manuelsosa.com\/de\/wp-json\/wp\/v2\/comments?post=87"}],"wp:featuredmedia":[{"embeddable":true,"href":"https:\/\/manuelsosa.com\/de\/wp-json\/wp\/v2\/media\/10843"}],"wp:attachment":[{"href":"https:\/\/manuelsosa.com\/de\/wp-json\/wp\/v2\/media?parent=87"}],"wp:term":[{"taxonomy":"product_brand","embeddable":true,"href":"https:\/\/manuelsosa.com\/de\/wp-json\/wp\/v2\/product_brand?post=87"},{"taxonomy":"product_cat","embeddable":true,"href":"https:\/\/manuelsosa.com\/de\/wp-json\/wp\/v2\/product_cat?post=87"},{"taxonomy":"product_tag","embeddable":true,"href":"https:\/\/manuelsosa.com\/de\/wp-json\/wp\/v2\/product_tag?post=87"}],"curies":[{"name":"wp","href":"https:\/\/api.w.org\/{rel}","templated":true}]}}