{"id":14977,"date":"2019-10-04T14:46:18","date_gmt":"2019-10-04T14:46:18","guid":{"rendered":"https:\/\/manuelsosa.com\/?page_id=14977"},"modified":"2025-03-07T21:52:56","modified_gmt":"2025-03-07T20:52:56","slug":"peintures-de-la-huppe","status":"publish","type":"page","link":"https:\/\/manuelsosa.com\/fr\/pinturas-cuadros-abubillas\/","title":{"rendered":"Peintures de huppe fasci\u00e9e. Gravures et peintures \u00e0 l'huile sur la huppe fasci\u00e9e"},"content":{"rendered":"<div class=\"container section-title-container\" ><h3 class=\"section-title section-title-center\"><b aria-hidden=\"true\"><\/b><span class=\"section-title-main\" >Peintures, gravures et peintures \u00e0 l'huile de Huppes<\/span><b aria-hidden=\"true\"><\/b><\/h3><\/div>\n<p>Une s\u00e9lection de peintures Huppe fasci\u00e9e du peintre Manuel Sosa pouvant \u00eatre achet\u00e9es sous forme de gravures ou de lithographies de tout format. Cinq peintures de Huppes (Upupa epops). Certaines des peintures \u00e0 l'huile et peintures originales de Hoopoe sont disponibles \u00e0 la vente. Peintures d'oiseaux. impressions d'oiseaux pour peintures<\/p>\n\t\n  \n    <div id=\"product-grid-548805467\" class=\"row large-columns-2 medium-columns- small-columns- row-small row-masonry\" data-packery-options='{\"itemSelector\": \".col\", \"gutter\": 0, \"presentageWidth\" : true}'>\n\n  \n\t     <div class=\"col\" >\n\t\t\t\t\t\t<div class=\"col-inner\">\n\t\t\t\t\t\t\n<div class=\"badge-container absolute left top z-1\">\n\n<\/div>\n\t\t\t\t\t\t<div class=\"product-small box has-hover box-normal box-text-bottom\">\n\t\t\t\t\t\t\t<div class=\"box-image\" >\n\t\t\t\t\t\t\t\t<div class=\"\" >\n\t\t\t\t\t\t\t\t\t<a href=\"https:\/\/manuelsosa.com\/fr\/cuadros\/aves-pajaros\/abubillas-la-ofrenda-2\/\" aria-label=\"Hoopoes - Le cadeau de mariage\">\n\t\t\t\t\t\t\t\t\t\t<img loading=\"lazy\" decoding=\"async\" width=\"382\" height=\"380\" src=\"https:\/\/manuelsosa.com\/wp-content\/uploads\/001\/abubillas_cuadro-382x380.jpg\" class=\"attachment-woocommerce_thumbnail size-woocommerce_thumbnail\" alt=\"Deux huppes dans une fen\u00eatre d&#039;une maison abandonn\u00e9e. Peinture \u00e0 l&#039;huile de Manuel Sosa \u00a9 2024\" srcset=\"https:\/\/manuelsosa.com\/wp-content\/uploads\/001\/abubillas_cuadro-382x380.jpg 382w, https:\/\/manuelsosa.com\/wp-content\/uploads\/001\/abubillas_cuadro-768x764.jpg 768w, https:\/\/manuelsosa.com\/wp-content\/uploads\/001\/abubillas_cuadro-486x484.jpg 486w, https:\/\/manuelsosa.com\/wp-content\/uploads\/001\/abubillas_cuadro-783x779.jpg 783w, https:\/\/manuelsosa.com\/wp-content\/uploads\/001\/abubillas_cuadro.jpg 1400w, https:\/\/manuelsosa.com\/wp-content\/uploads\/001\/abubillas_cuadro-12x12.jpg 12w, https:\/\/manuelsosa.com\/wp-content\/uploads\/001\/abubillas_cuadro-64x64.jpg 64w, https:\/\/manuelsosa.com\/wp-content\/uploads\/001\/abubillas_cuadro-243x242.jpg 243w, https:\/\/manuelsosa.com\/wp-content\/uploads\/001\/abubillas_cuadro-20x20.jpg 20w, https:\/\/manuelsosa.com\/wp-content\/uploads\/001\/abubillas_cuadro-33x33.jpg 33w\" sizes=\"auto, (max-width: 382px) 100vw, 382px\" \/>\t\t\t\t\t\t\t\t\t<\/a>\n\t\t\t\t\t\t\t\t\t\t\t\t\t\t\t\t\t\t \t\t\t\t\t\t\t\t<\/div>\n\t\t\t\t\t\t\t\t<div class=\"image-tools top right show-on-hover\">\n\t\t\t\t\t\t\t\t\t\t\t\t\t\t\t\t\t<\/div>\n\t\t\t\t\t\t\t\t\t\t\t\t\t\t\t\t\t<div class=\"image-tools grid-tools text-center hide-for-small bottom hover-slide-in show-on-hover\">\n\t\t\t\t\t\t\t\t\t\t\t\t\t\t\t\t\t\t\t<\/div>\n\t\t\t\t\t\t\t\t\t\t\t\t\t\t\t\t\t\t\t\t\t\t\t<\/div>\n\n\t\t\t\t\t\t\t<div class=\"box-text text-center is-large\" >\n\t\t\t\t\t\t\t\t<div class=\"title-wrapper\"><p class=\"name product-title woocommerce-loop-product__title\"><a href=\"https:\/\/manuelsosa.com\/fr\/cuadros\/aves-pajaros\/abubillas-la-ofrenda-2\/\" class=\"woocommerce-LoopProduct-link woocommerce-loop-product__link\">Huppes \u2013 Le cadeau de mariage<\/a><\/p><\/div><div class=\"price-wrapper\">\n\t<span class=\"price\"><span class=\"woocs_price_code\" data-currency=\"\" data-redraw-id=\"69d27deb49a90\"  data-product-id=\"23226\"><span class=\"woocommerce-Price-amount amount\"><bdi>0,00<span class=\"woocommerce-Price-currencySymbol\">&#36;<\/span><\/bdi><\/span><\/span><div class=\"woocs_price_info\"><span class=\"woocs_price_info_icon\"><\/span><ul class='woocs_price_info_list'><li><span>EUR<\/span>: <span class=\"woocs_amount\">\u20ac 0,00<\/span><\/li><li><span>GBP<\/span>: <span class=\"woocs_amount\">\u00a30,00<\/span><\/li><\/ul><\/div><\/span>\n<\/div>\t\t\t\t\t\t\t<\/div>\n\t\t\t\t\t\t<\/div>\n\t\t\t\t\t\t<\/div>\n\t\t\t\t\t<\/div><div class=\"col\" >\n\t\t\t\t\t\t<div class=\"col-inner\">\n\t\t\t\t\t\t\n<div class=\"badge-container absolute left top z-1\">\n\n<\/div>\n\t\t\t\t\t\t<div class=\"product-small box has-hover box-normal box-text-bottom\">\n\t\t\t\t\t\t\t<div class=\"box-image\" >\n\t\t\t\t\t\t\t\t<div class=\"\" >\n\t\t\t\t\t\t\t\t\t<a href=\"https:\/\/manuelsosa.com\/fr\/cuadros\/aves-pajaros\/abubillas\/\" aria-label=\"Hoopoes\">\n\t\t\t\t\t\t\t\t\t\t<img loading=\"lazy\" decoding=\"async\" width=\"382\" height=\"456\" src=\"https:\/\/manuelsosa.com\/wp-content\/uploads\/001\/abubillas-1-382x456.jpg\" class=\"attachment-woocommerce_thumbnail size-woocommerce_thumbnail\" alt=\"Huppe fasci\u00e9e - portrait\" srcset=\"https:\/\/manuelsosa.com\/wp-content\/uploads\/001\/abubillas-1-382x456.jpg 382w, https:\/\/manuelsosa.com\/wp-content\/uploads\/001\/abubillas-1-768x917.jpg 768w, https:\/\/manuelsosa.com\/wp-content\/uploads\/001\/abubillas-1-486x581.jpg 486w, https:\/\/manuelsosa.com\/wp-content\/uploads\/001\/abubillas-1-783x935.jpg 783w, https:\/\/manuelsosa.com\/wp-content\/uploads\/001\/abubillas-1-1286x1536.jpg 1286w, https:\/\/manuelsosa.com\/wp-content\/uploads\/001\/abubillas-1-10x12.jpg 10w, https:\/\/manuelsosa.com\/wp-content\/uploads\/001\/abubillas-1-64x76.jpg 64w, https:\/\/manuelsosa.com\/wp-content\/uploads\/001\/abubillas-1-243x290.jpg 243w, https:\/\/manuelsosa.com\/wp-content\/uploads\/001\/abubillas-1-17x20.jpg 17w, https:\/\/manuelsosa.com\/wp-content\/uploads\/001\/abubillas-1-33x39.jpg 33w, https:\/\/manuelsosa.com\/wp-content\/uploads\/001\/abubillas-1.jpg 1423w\" sizes=\"auto, (max-width: 382px) 100vw, 382px\" \/>\t\t\t\t\t\t\t\t\t<\/a>\n\t\t\t\t\t\t\t\t\t\t\t\t\t\t\t\t\t\t \t\t\t\t\t\t\t\t<\/div>\n\t\t\t\t\t\t\t\t<div class=\"image-tools top right show-on-hover\">\n\t\t\t\t\t\t\t\t\t\t\t\t\t\t\t\t\t<\/div>\n\t\t\t\t\t\t\t\t\t\t\t\t\t\t\t\t\t<div class=\"image-tools grid-tools text-center hide-for-small bottom hover-slide-in show-on-hover\">\n\t\t\t\t\t\t\t\t\t\t\t\t\t\t\t\t\t\t\t<\/div>\n\t\t\t\t\t\t\t\t\t\t\t\t\t\t\t\t\t\t\t\t\t\t\t<\/div>\n\n\t\t\t\t\t\t\t<div class=\"box-text text-center is-large\" >\n\t\t\t\t\t\t\t\t<div class=\"title-wrapper\"><p class=\"name product-title woocommerce-loop-product__title\"><a href=\"https:\/\/manuelsosa.com\/fr\/cuadros\/aves-pajaros\/abubillas\/\" class=\"woocommerce-LoopProduct-link woocommerce-loop-product__link\">Hoopoes<\/a><\/p><\/div><div class=\"price-wrapper\">\n\t<span class=\"price\"><span class=\"woocs_price_code\" data-currency=\"\" data-redraw-id=\"69d27deb4ca8c\"  data-product-id=\"47\"><span class=\"woocommerce-Price-amount amount\"><bdi>0,00<span class=\"woocommerce-Price-currencySymbol\">&#36;<\/span><\/bdi><\/span><\/span><div class=\"woocs_price_info\"><span class=\"woocs_price_info_icon\"><\/span><ul class='woocs_price_info_list'><li><span>EUR<\/span>: <span class=\"woocs_amount\">\u20ac 0,00<\/span><\/li><li><span>GBP<\/span>: <span class=\"woocs_amount\">\u00a30,00<\/span><\/li><\/ul><\/div><\/span>\n<\/div>\t\t\t\t\t\t\t<\/div>\n\t\t\t\t\t\t<\/div>\n\t\t\t\t\t\t<\/div>\n\t\t\t\t\t<\/div><div class=\"col\" >\n\t\t\t\t\t\t<div class=\"col-inner\">\n\t\t\t\t\t\t\n<div class=\"badge-container absolute left top z-1\">\n\n<\/div>\n\t\t\t\t\t\t<div class=\"product-small box has-hover box-normal box-text-bottom\">\n\t\t\t\t\t\t\t<div class=\"box-image\" >\n\t\t\t\t\t\t\t\t<div class=\"\" >\n\t\t\t\t\t\t\t\t\t<a href=\"https:\/\/manuelsosa.com\/fr\/cuadros\/aves-pajaros\/abubillas-en-muro\/\" aria-label=\"Des huppes sur un mur\">\n\t\t\t\t\t\t\t\t\t\t<img loading=\"lazy\" decoding=\"async\" width=\"382\" height=\"779\" src=\"https:\/\/manuelsosa.com\/wp-content\/uploads\/001\/abubillas_en_muro-382x779.jpg\" class=\"attachment-woocommerce_thumbnail size-woocommerce_thumbnail\" alt=\"Huppe sur le mur - Hoopoe paintings\" srcset=\"https:\/\/manuelsosa.com\/wp-content\/uploads\/001\/abubillas_en_muro-382x779.jpg 382w, https:\/\/manuelsosa.com\/wp-content\/uploads\/001\/abubillas_en_muro-486x991.jpg 486w, https:\/\/manuelsosa.com\/wp-content\/uploads\/001\/abubillas_en_muro-768x1565.jpg 768w, https:\/\/manuelsosa.com\/wp-content\/uploads\/001\/abubillas_en_muro-783x1596.jpg 783w, https:\/\/manuelsosa.com\/wp-content\/uploads\/001\/abubillas_en_muro-754x1536.jpg 754w, https:\/\/manuelsosa.com\/wp-content\/uploads\/001\/abubillas_en_muro-6x12.jpg 6w, https:\/\/manuelsosa.com\/wp-content\/uploads\/001\/abubillas_en_muro-64x130.jpg 64w, https:\/\/manuelsosa.com\/wp-content\/uploads\/001\/abubillas_en_muro.jpg 834w\" sizes=\"auto, (max-width: 382px) 100vw, 382px\" \/>\t\t\t\t\t\t\t\t\t<\/a>\n\t\t\t\t\t\t\t\t\t\t\t\t\t\t\t\t\t\t \t\t\t\t\t\t\t\t<\/div>\n\t\t\t\t\t\t\t\t<div class=\"image-tools top right show-on-hover\">\n\t\t\t\t\t\t\t\t\t\t\t\t\t\t\t\t\t<\/div>\n\t\t\t\t\t\t\t\t\t\t\t\t\t\t\t\t\t<div class=\"image-tools grid-tools text-center hide-for-small bottom hover-slide-in show-on-hover\">\n\t\t\t\t\t\t\t\t\t\t\t\t\t\t\t\t\t\t\t<\/div>\n\t\t\t\t\t\t\t\t\t\t\t\t\t\t\t\t\t\t\t\t\t\t\t<\/div>\n\n\t\t\t\t\t\t\t<div class=\"box-text text-center is-large\" >\n\t\t\t\t\t\t\t\t<div class=\"title-wrapper\"><p class=\"name product-title woocommerce-loop-product__title\"><a href=\"https:\/\/manuelsosa.com\/fr\/cuadros\/aves-pajaros\/abubillas-en-muro\/\" class=\"woocommerce-LoopProduct-link woocommerce-loop-product__link\">Des huppes sur un mur<\/a><\/p><\/div><div class=\"price-wrapper\">\n\t<span class=\"price\"><span class=\"woocs_price_code\" data-currency=\"\" data-redraw-id=\"69d27deb53bd0\"  data-product-id=\"45\"><span class=\"woocommerce-Price-amount amount\"><bdi>0,00<span class=\"woocommerce-Price-currencySymbol\">&#36;<\/span><\/bdi><\/span><\/span><div class=\"woocs_price_info\"><span class=\"woocs_price_info_icon\"><\/span><ul class='woocs_price_info_list'><li><span>EUR<\/span>: <span class=\"woocs_amount\">\u20ac 0,00<\/span><\/li><li><span>GBP<\/span>: <span class=\"woocs_amount\">\u00a30,00<\/span><\/li><\/ul><\/div><\/span>\n<\/div>\t\t\t\t\t\t\t<\/div>\n\t\t\t\t\t\t<\/div>\n\t\t\t\t\t\t<\/div>\n\t\t\t\t\t<\/div><div class=\"col\" >\n\t\t\t\t\t\t<div class=\"col-inner\">\n\t\t\t\t\t\t\n<div class=\"badge-container absolute left top z-1\">\n\n<\/div>\n\t\t\t\t\t\t<div class=\"product-small box has-hover box-normal box-text-bottom\">\n\t\t\t\t\t\t\t<div class=\"box-image\" >\n\t\t\t\t\t\t\t\t<div class=\"\" >\n\t\t\t\t\t\t\t\t\t<a href=\"https:\/\/manuelsosa.com\/fr\/cuadros\/aves-pajaros\/la-ofrenda\/\" aria-label=\"L&#039;offre\">\n\t\t\t\t\t\t\t\t\t\t<img loading=\"lazy\" decoding=\"async\" width=\"382\" height=\"511\" src=\"https:\/\/manuelsosa.com\/wp-content\/uploads\/001\/abubillas-ofrenda-382x511.jpg\" class=\"attachment-woocommerce_thumbnail size-woocommerce_thumbnail\" alt=\"Huppes - L&#039;offrande - peinture de huppes\" srcset=\"https:\/\/manuelsosa.com\/wp-content\/uploads\/001\/abubillas-ofrenda-382x511.jpg 382w, https:\/\/manuelsosa.com\/wp-content\/uploads\/001\/abubillas-ofrenda-486x651.jpg 486w, https:\/\/manuelsosa.com\/wp-content\/uploads\/001\/abubillas-ofrenda-768x1028.jpg 768w, https:\/\/manuelsosa.com\/wp-content\/uploads\/001\/abubillas-ofrenda-783x1048.jpg 783w, https:\/\/manuelsosa.com\/wp-content\/uploads\/001\/abubillas-ofrenda-1147x1536.jpg 1147w, https:\/\/manuelsosa.com\/wp-content\/uploads\/001\/abubillas-ofrenda-9x12.jpg 9w, https:\/\/manuelsosa.com\/wp-content\/uploads\/001\/abubillas-ofrenda-64x86.jpg 64w, https:\/\/manuelsosa.com\/wp-content\/uploads\/001\/abubillas-ofrenda.jpg 1270w\" sizes=\"auto, (max-width: 382px) 100vw, 382px\" \/>\t\t\t\t\t\t\t\t\t<\/a>\n\t\t\t\t\t\t\t\t\t\t\t\t\t\t\t\t\t\t \t\t\t\t\t\t\t\t<\/div>\n\t\t\t\t\t\t\t\t<div class=\"image-tools top right show-on-hover\">\n\t\t\t\t\t\t\t\t\t\t\t\t\t\t\t\t\t<\/div>\n\t\t\t\t\t\t\t\t\t\t\t\t\t\t\t\t\t<div class=\"image-tools grid-tools text-center hide-for-small bottom hover-slide-in show-on-hover\">\n\t\t\t\t\t\t\t\t\t\t\t\t\t\t\t\t\t\t\t<\/div>\n\t\t\t\t\t\t\t\t\t\t\t\t\t\t\t\t\t\t\t\t\t\t\t<\/div>\n\n\t\t\t\t\t\t\t<div class=\"box-text text-center is-large\" >\n\t\t\t\t\t\t\t\t<div class=\"title-wrapper\"><p class=\"name product-title woocommerce-loop-product__title\"><a href=\"https:\/\/manuelsosa.com\/fr\/cuadros\/aves-pajaros\/la-ofrenda\/\" class=\"woocommerce-LoopProduct-link woocommerce-loop-product__link\">L'offre<\/a><\/p><\/div><div class=\"price-wrapper\">\n\t<span class=\"price\"><span class=\"woocs_price_code\" data-currency=\"\" data-redraw-id=\"69d27deb58d85\"  data-product-id=\"46\"><span class=\"woocommerce-Price-amount amount\"><bdi>0,00<span class=\"woocommerce-Price-currencySymbol\">&#36;<\/span><\/bdi><\/span><\/span><div class=\"woocs_price_info\"><span class=\"woocs_price_info_icon\"><\/span><ul class='woocs_price_info_list'><li><span>EUR<\/span>: <span class=\"woocs_amount\">\u20ac 0,00<\/span><\/li><li><span>GBP<\/span>: <span class=\"woocs_amount\">\u00a30,00<\/span><\/li><\/ul><\/div><\/span>\n<\/div>\t\t\t\t\t\t\t<\/div>\n\t\t\t\t\t\t<\/div>\n\t\t\t\t\t\t<\/div>\n\t\t\t\t\t<\/div><div class=\"col\" >\n\t\t\t\t\t\t<div class=\"col-inner\">\n\t\t\t\t\t\t\n<div class=\"badge-container absolute left top z-1\">\n\n<\/div>\n\t\t\t\t\t\t<div class=\"product-small box has-hover box-normal box-text-bottom\">\n\t\t\t\t\t\t\t<div class=\"box-image\" >\n\t\t\t\t\t\t\t\t<div class=\"\" >\n\t\t\t\t\t\t\t\t\t<a href=\"https:\/\/manuelsosa.com\/fr\/cuadros\/aves-pajaros\/bajo-la-lluvia\/\" aria-label=\"Huppe fasci\u00e9e  - Sous la pluie\">\n\t\t\t\t\t\t\t\t\t\t<img loading=\"lazy\" decoding=\"async\" width=\"382\" height=\"502\" src=\"https:\/\/manuelsosa.com\/wp-content\/uploads\/001\/abubilla_lluvia-1-382x502.jpg\" class=\"attachment-woocommerce_thumbnail size-woocommerce_thumbnail\" alt=\"Huppe fasci\u00e9e (Upupa epops) peinture\" srcset=\"https:\/\/manuelsosa.com\/wp-content\/uploads\/001\/abubilla_lluvia-1-382x502.jpg 382w, https:\/\/manuelsosa.com\/wp-content\/uploads\/001\/abubilla_lluvia-1-768x1010.jpg 768w, https:\/\/manuelsosa.com\/wp-content\/uploads\/001\/abubilla_lluvia-1-486x639.jpg 486w, https:\/\/manuelsosa.com\/wp-content\/uploads\/001\/abubilla_lluvia-1-783x1029.jpg 783w, https:\/\/manuelsosa.com\/wp-content\/uploads\/001\/abubilla_lluvia-1-1168x1536.jpg 1168w, https:\/\/manuelsosa.com\/wp-content\/uploads\/001\/abubilla_lluvia-1-9x12.jpg 9w, https:\/\/manuelsosa.com\/wp-content\/uploads\/001\/abubilla_lluvia-1-64x84.jpg 64w, https:\/\/manuelsosa.com\/wp-content\/uploads\/001\/abubilla_lluvia-1-243x319.jpg 243w, https:\/\/manuelsosa.com\/wp-content\/uploads\/001\/abubilla_lluvia-1-15x20.jpg 15w, https:\/\/manuelsosa.com\/wp-content\/uploads\/001\/abubilla_lluvia-1-33x43.jpg 33w, https:\/\/manuelsosa.com\/wp-content\/uploads\/001\/abubilla_lluvia-1.jpg 1293w\" sizes=\"auto, (max-width: 382px) 100vw, 382px\" \/>\t\t\t\t\t\t\t\t\t<\/a>\n\t\t\t\t\t\t\t\t\t\t\t\t\t\t\t\t\t\t \t\t\t\t\t\t\t\t<\/div>\n\t\t\t\t\t\t\t\t<div class=\"image-tools top right show-on-hover\">\n\t\t\t\t\t\t\t\t\t\t\t\t\t\t\t\t\t<\/div>\n\t\t\t\t\t\t\t\t\t\t\t\t\t\t\t\t\t<div class=\"image-tools grid-tools text-center hide-for-small bottom hover-slide-in show-on-hover\">\n\t\t\t\t\t\t\t\t\t\t\t\t\t\t\t\t\t\t\t<\/div>\n\t\t\t\t\t\t\t\t\t\t\t\t\t\t\t\t\t\t\t\t\t\t\t<\/div>\n\n\t\t\t\t\t\t\t<div class=\"box-text text-center is-large\" >\n\t\t\t\t\t\t\t\t<div class=\"title-wrapper\"><p class=\"name product-title woocommerce-loop-product__title\"><a href=\"https:\/\/manuelsosa.com\/fr\/cuadros\/aves-pajaros\/bajo-la-lluvia\/\" class=\"woocommerce-LoopProduct-link woocommerce-loop-product__link\">Huppe fasci\u00e9e  - Sous la pluie<\/a><\/p><\/div><div class=\"price-wrapper\">\n\t<span class=\"price\"><span class=\"woocs_price_code\" data-currency=\"\" data-redraw-id=\"69d27deb5c7ca\"  data-product-id=\"12946\"><span class=\"woocommerce-Price-amount amount\"><bdi>0,00<span class=\"woocommerce-Price-currencySymbol\">&#36;<\/span><\/bdi><\/span><\/span><div class=\"woocs_price_info\"><span class=\"woocs_price_info_icon\"><\/span><ul class='woocs_price_info_list'><li><span>EUR<\/span>: <span class=\"woocs_amount\">\u20ac 0,00<\/span><\/li><li><span>GBP<\/span>: <span class=\"woocs_amount\">\u00a30,00<\/span><\/li><\/ul><\/div><\/span>\n<\/div>\t\t\t\t\t\t\t<\/div>\n\t\t\t\t\t\t<\/div>\n\t\t\t\t\t\t<\/div>\n\t\t\t\t\t<\/div><div class=\"col\" >\n\t\t\t\t\t\t<div class=\"col-inner\">\n\t\t\t\t\t\t\n<div class=\"badge-container absolute left top z-1\">\n\n<\/div>\n\t\t\t\t\t\t<div class=\"product-small box has-hover box-normal box-text-bottom\">\n\t\t\t\t\t\t\t<div class=\"box-image\" >\n\t\t\t\t\t\t\t\t<div class=\"\" >\n\t\t\t\t\t\t\t\t\t<a href=\"https:\/\/manuelsosa.com\/fr\/cuadros\/paisajes\/muro-de-piedras-con-abubilla-y-fresnos\/\" aria-label=\"Mur de pierres avec Loriot fasci\u00e9e et fr\u00eanes\">\n\t\t\t\t\t\t\t\t\t\t<img loading=\"lazy\" decoding=\"async\" width=\"382\" height=\"261\" src=\"https:\/\/manuelsosa.com\/wp-content\/uploads\/001\/abubilla_en_muro-382x261.jpg\" class=\"attachment-woocommerce_thumbnail size-woocommerce_thumbnail\" alt=\"Mur de pierres avec huppe et fr\u00eanes - peintures de huppe\" srcset=\"https:\/\/manuelsosa.com\/wp-content\/uploads\/001\/abubilla_en_muro-382x261.jpg 382w, https:\/\/manuelsosa.com\/wp-content\/uploads\/001\/abubilla_en_muro-486x333.jpg 486w, https:\/\/manuelsosa.com\/wp-content\/uploads\/001\/abubilla_en_muro-768x526.jpg 768w, https:\/\/manuelsosa.com\/wp-content\/uploads\/001\/abubilla_en_muro-783x536.jpg 783w, https:\/\/manuelsosa.com\/wp-content\/uploads\/001\/abubilla_en_muro-1536x1051.jpg 1536w, https:\/\/manuelsosa.com\/wp-content\/uploads\/001\/abubilla_en_muro-18x12.jpg 18w, https:\/\/manuelsosa.com\/wp-content\/uploads\/001\/abubilla_en_muro-64x44.jpg 64w, https:\/\/manuelsosa.com\/wp-content\/uploads\/001\/abubilla_en_muro.jpg 1800w\" sizes=\"auto, (max-width: 382px) 100vw, 382px\" \/>\t\t\t\t\t\t\t\t\t<\/a>\n\t\t\t\t\t\t\t\t\t\t\t\t\t\t\t\t\t\t \t\t\t\t\t\t\t\t<\/div>\n\t\t\t\t\t\t\t\t<div class=\"image-tools top right show-on-hover\">\n\t\t\t\t\t\t\t\t\t\t\t\t\t\t\t\t\t<\/div>\n\t\t\t\t\t\t\t\t\t\t\t\t\t\t\t\t\t<div class=\"image-tools grid-tools text-center hide-for-small bottom hover-slide-in show-on-hover\">\n\t\t\t\t\t\t\t\t\t\t\t\t\t\t\t\t\t\t\t<\/div>\n\t\t\t\t\t\t\t\t\t\t\t\t\t\t\t\t\t\t\t\t\t\t\t<\/div>\n\n\t\t\t\t\t\t\t<div class=\"box-text text-center is-large\" >\n\t\t\t\t\t\t\t\t<div class=\"title-wrapper\"><p class=\"name product-title woocommerce-loop-product__title\"><a href=\"https:\/\/manuelsosa.com\/fr\/cuadros\/paisajes\/muro-de-piedras-con-abubilla-y-fresnos\/\" class=\"woocommerce-LoopProduct-link woocommerce-loop-product__link\">Mur de pierres avec Loriot fasci\u00e9e et fr\u00eanes<\/a><\/p><\/div><div class=\"price-wrapper\">\n\t<span class=\"price\"><span class=\"woocs_price_code\" data-currency=\"\" data-redraw-id=\"69d27deb6125c\"  data-product-id=\"44\"><span class=\"woocommerce-Price-amount amount\"><bdi>0,00<span class=\"woocommerce-Price-currencySymbol\">&#36;<\/span><\/bdi><\/span><\/span><div class=\"woocs_price_info\"><span class=\"woocs_price_info_icon\"><\/span><ul class='woocs_price_info_list'><li><span>EUR<\/span>: <span class=\"woocs_amount\">\u20ac 0,00<\/span><\/li><li><span>GBP<\/span>: <span class=\"woocs_amount\">\u00a30,00<\/span><\/li><\/ul><\/div><\/span>\n<\/div>\t\t\t\t\t\t\t<\/div>\n\t\t\t\t\t\t<\/div>\n\t\t\t\t\t\t<\/div>\n\t\t\t\t\t<\/div><\/div>\n<p>Peintures d'animaux. Peintures d'animaux. Peintures d'oiseaux. Peintures d'oiseaux. Peintures d'oiseaux. Peintures d'oiseaux<\/p>","protected":false},"excerpt":{"rendered":"<p>Huppe fasci\u00e9e (Upupa epops). cendre, mur<\/p>","protected":false},"author":1,"featured_media":0,"parent":0,"menu_order":0,"comment_status":"closed","ping_status":"closed","template":"","meta":{"_seopress_robots_primary_cat":"","_seopress_titles_title":"%%post_title%%","_seopress_titles_desc":"","_seopress_robots_index":"","footnotes":""},"class_list":["post-14977","page","type-page","status-publish","hentry","tm-has-options"],"_links":{"self":[{"href":"https:\/\/manuelsosa.com\/fr\/wp-json\/wp\/v2\/pages\/14977","targetHints":{"allow":["GET"]}}],"collection":[{"href":"https:\/\/manuelsosa.com\/fr\/wp-json\/wp\/v2\/pages"}],"about":[{"href":"https:\/\/manuelsosa.com\/fr\/wp-json\/wp\/v2\/types\/page"}],"author":[{"embeddable":true,"href":"https:\/\/manuelsosa.com\/fr\/wp-json\/wp\/v2\/users\/1"}],"replies":[{"embeddable":true,"href":"https:\/\/manuelsosa.com\/fr\/wp-json\/wp\/v2\/comments?post=14977"}],"version-history":[{"count":0,"href":"https:\/\/manuelsosa.com\/fr\/wp-json\/wp\/v2\/pages\/14977\/revisions"}],"wp:attachment":[{"href":"https:\/\/manuelsosa.com\/fr\/wp-json\/wp\/v2\/media?parent=14977"}],"curies":[{"name":"wp","href":"https:\/\/api.w.org\/{rel}","templated":true}]}}