{"id":14981,"date":"2019-10-04T14:54:54","date_gmt":"2019-10-04T14:54:54","guid":{"rendered":"https:\/\/manuelsosa.com\/?page_id=14981"},"modified":"2025-03-07T21:54:41","modified_gmt":"2025-03-07T20:54:41","slug":"peintures-peintures-boursiers","status":"publish","type":"page","link":"https:\/\/manuelsosa.com\/fr\/pinturas-cuadros-becadas\/","title":{"rendered":"Peintures de b\u00e9casses. Gravures et peintures \u00e0 l'huile de Chocha Perdiz"},"content":{"rendered":"<div class=\"container section-title-container\" ><h3 class=\"section-title section-title-center\"><b aria-hidden=\"true\"><\/b><span class=\"section-title-main\" >Peintures, gravures et huiles de B\u00e9casse des bois<\/span><b aria-hidden=\"true\"><\/b><\/h3><\/div>\n<p>Une s\u00e9lection de peintures de b\u00e9casses de l'artiste peintre Manuel Sosa que vous pouvez acheter en tant que tirages ou lithographies dans n'importe quelle taille. Cinq tableaux de B\u00e9casse des bois (Scolopax rusticola). Quelques-unes des peintures \u00e0 l'huile originales et des peintures de b\u00e9casses sont disponibles \u00e0 la vente. Peintures imprim\u00e9es sur toile. Impressions d'art pour peintures.<\/p>\n\t\n  \n    <div id=\"product-grid-1503078524\" class=\"row large-columns-2 medium-columns- small-columns- row-small row-masonry\" data-packery-options='{\"itemSelector\": \".col\", \"gutter\": 0, \"presentageWidth\" : true}'>\n\n  \n\t     <div class=\"col\" >\n\t\t\t\t\t\t<div class=\"col-inner\">\n\t\t\t\t\t\t\n<div class=\"badge-container absolute left top z-1\">\n\n<\/div>\n\t\t\t\t\t\t<div class=\"product-small box has-hover box-normal box-text-bottom\">\n\t\t\t\t\t\t\t<div class=\"box-image\" >\n\t\t\t\t\t\t\t\t<div class=\"\" >\n\t\t\t\t\t\t\t\t\t<a href=\"https:\/\/manuelsosa.com\/fr\/cuadros\/aves-pajaros\/cuadros-de-becada-entre-hojarasca\/\" aria-label=\"Une peinture de b\u00e9casse dans une liti\u00e8re de feuilles\">\n\t\t\t\t\t\t\t\t\t\t<img loading=\"lazy\" decoding=\"async\" width=\"382\" height=\"321\" src=\"https:\/\/manuelsosa.com\/wp-content\/uploads\/001\/becada_entre_hojarasca-1-382x321.jpg\" class=\"attachment-woocommerce_thumbnail size-woocommerce_thumbnail\" alt=\"Peinture de b\u00e9casse parmi les feuilles mortes\" srcset=\"https:\/\/manuelsosa.com\/wp-content\/uploads\/001\/becada_entre_hojarasca-1-382x321.jpg 382w, https:\/\/manuelsosa.com\/wp-content\/uploads\/001\/becada_entre_hojarasca-1-486x408.jpg 486w, https:\/\/manuelsosa.com\/wp-content\/uploads\/001\/becada_entre_hojarasca-1-783x657.jpg 783w, https:\/\/manuelsosa.com\/wp-content\/uploads\/001\/becada_entre_hojarasca-1-768x645.jpg 768w, https:\/\/manuelsosa.com\/wp-content\/uploads\/001\/becada_entre_hojarasca-1-1536x1289.jpg 1536w, https:\/\/manuelsosa.com\/wp-content\/uploads\/001\/becada_entre_hojarasca-1-14x12.jpg 14w, https:\/\/manuelsosa.com\/wp-content\/uploads\/001\/becada_entre_hojarasca-1-64x54.jpg 64w, https:\/\/manuelsosa.com\/wp-content\/uploads\/001\/becada_entre_hojarasca-1.jpg 1800w\" sizes=\"auto, (max-width: 382px) 100vw, 382px\" \/>\t\t\t\t\t\t\t\t\t<\/a>\n\t\t\t\t\t\t\t\t\t\t\t\t\t\t\t\t\t\t \t\t\t\t\t\t\t\t<\/div>\n\t\t\t\t\t\t\t\t<div class=\"image-tools top right show-on-hover\">\n\t\t\t\t\t\t\t\t\t\t\t\t\t\t\t\t\t<\/div>\n\t\t\t\t\t\t\t\t\t\t\t\t\t\t\t\t\t<div class=\"image-tools grid-tools text-center hide-for-small bottom hover-slide-in show-on-hover\">\n\t\t\t\t\t\t\t\t\t\t\t\t\t\t\t\t\t\t\t<\/div>\n\t\t\t\t\t\t\t\t\t\t\t\t\t\t\t\t\t\t\t\t\t\t\t<\/div>\n\n\t\t\t\t\t\t\t<div class=\"box-text text-center\" >\n\t\t\t\t\t\t\t\t<div class=\"title-wrapper\"><p class=\"name product-title woocommerce-loop-product__title\"><a href=\"https:\/\/manuelsosa.com\/fr\/cuadros\/aves-pajaros\/cuadros-de-becada-entre-hojarasca\/\" class=\"woocommerce-LoopProduct-link woocommerce-loop-product__link\">Une peinture de b\u00e9casse dans une liti\u00e8re de feuilles<\/a><\/p><\/div><div class=\"price-wrapper\">\n\t<span class=\"price\"><span class=\"woocs_price_code\" data-currency=\"\" data-redraw-id=\"69d15487106cf\"  data-product-id=\"13199\"><span class=\"woocommerce-Price-amount amount\"><bdi>0,00<span class=\"woocommerce-Price-currencySymbol\">&#36;<\/span><\/bdi><\/span><\/span><div class=\"woocs_price_info\"><span class=\"woocs_price_info_icon\"><\/span><ul class='woocs_price_info_list'><li><span>EUR<\/span>: <span class=\"woocs_amount\">\u20ac 0,00<\/span><\/li><li><span>GBP<\/span>: <span class=\"woocs_amount\">\u00a30,00<\/span><\/li><\/ul><\/div><\/span>\n<\/div>\t\t\t\t\t\t\t<\/div>\n\t\t\t\t\t\t<\/div>\n\t\t\t\t\t\t<\/div>\n\t\t\t\t\t<\/div><div class=\"col\" >\n\t\t\t\t\t\t<div class=\"col-inner\">\n\t\t\t\t\t\t\n<div class=\"badge-container absolute left top z-1\">\n\n<\/div>\n\t\t\t\t\t\t<div class=\"product-small box has-hover box-normal box-text-bottom\">\n\t\t\t\t\t\t\t<div class=\"box-image\" >\n\t\t\t\t\t\t\t\t<div class=\"\" >\n\t\t\t\t\t\t\t\t\t<a href=\"https:\/\/manuelsosa.com\/fr\/cuadros\/aves-pajaros\/cuadros-de-becadas-en-la-nieve\/\" aria-label=\"B\u00e9casse dans la neige\">\n\t\t\t\t\t\t\t\t\t\t<img loading=\"lazy\" decoding=\"async\" width=\"382\" height=\"286\" src=\"https:\/\/manuelsosa.com\/wp-content\/uploads\/001\/becadas-1-382x286.jpg\" class=\"attachment-woocommerce_thumbnail size-woocommerce_thumbnail\" alt=\"Deux b\u00e9casses dans la neige\" srcset=\"https:\/\/manuelsosa.com\/wp-content\/uploads\/001\/becadas-1-382x286.jpg 382w, https:\/\/manuelsosa.com\/wp-content\/uploads\/001\/becadas-1-768x575.jpg 768w, https:\/\/manuelsosa.com\/wp-content\/uploads\/001\/becadas-1-486x364.jpg 486w, https:\/\/manuelsosa.com\/wp-content\/uploads\/001\/becadas-1-783x587.jpg 783w, https:\/\/manuelsosa.com\/wp-content\/uploads\/001\/becadas-1-1536x1151.jpg 1536w, https:\/\/manuelsosa.com\/wp-content\/uploads\/001\/becadas-1-16x12.jpg 16w, https:\/\/manuelsosa.com\/wp-content\/uploads\/001\/becadas-1-64x48.jpg 64w, https:\/\/manuelsosa.com\/wp-content\/uploads\/001\/becadas-1-243x182.jpg 243w, https:\/\/manuelsosa.com\/wp-content\/uploads\/001\/becadas-1-20x15.jpg 20w, https:\/\/manuelsosa.com\/wp-content\/uploads\/001\/becadas-1-33x25.jpg 33w, https:\/\/manuelsosa.com\/wp-content\/uploads\/001\/becadas-1.jpg 1799w\" sizes=\"auto, (max-width: 382px) 100vw, 382px\" \/>\t\t\t\t\t\t\t\t\t<\/a>\n\t\t\t\t\t\t\t\t\t\t\t\t\t\t\t\t\t\t \t\t\t\t\t\t\t\t<\/div>\n\t\t\t\t\t\t\t\t<div class=\"image-tools top right show-on-hover\">\n\t\t\t\t\t\t\t\t\t\t\t\t\t\t\t\t\t<\/div>\n\t\t\t\t\t\t\t\t\t\t\t\t\t\t\t\t\t<div class=\"image-tools grid-tools text-center hide-for-small bottom hover-slide-in show-on-hover\">\n\t\t\t\t\t\t\t\t\t\t\t\t\t\t\t\t\t\t\t<\/div>\n\t\t\t\t\t\t\t\t\t\t\t\t\t\t\t\t\t\t\t\t\t\t\t<\/div>\n\n\t\t\t\t\t\t\t<div class=\"box-text text-center\" >\n\t\t\t\t\t\t\t\t<div class=\"title-wrapper\"><p class=\"name product-title woocommerce-loop-product__title\"><a href=\"https:\/\/manuelsosa.com\/fr\/cuadros\/aves-pajaros\/cuadros-de-becadas-en-la-nieve\/\" class=\"woocommerce-LoopProduct-link woocommerce-loop-product__link\">B\u00e9casse dans la neige<\/a><\/p><\/div><div class=\"price-wrapper\">\n\t<span class=\"price\"><span class=\"woocs_price_code\" data-currency=\"\" data-redraw-id=\"69d1548713def\"  data-product-id=\"13481\"><span class=\"woocommerce-Price-amount amount\"><bdi>0,00<span class=\"woocommerce-Price-currencySymbol\">&#36;<\/span><\/bdi><\/span><\/span><div class=\"woocs_price_info\"><span class=\"woocs_price_info_icon\"><\/span><ul class='woocs_price_info_list'><li><span>EUR<\/span>: <span class=\"woocs_amount\">\u20ac 0,00<\/span><\/li><li><span>GBP<\/span>: <span class=\"woocs_amount\">\u00a30,00<\/span><\/li><\/ul><\/div><\/span>\n<\/div>\t\t\t\t\t\t\t<\/div>\n\t\t\t\t\t\t<\/div>\n\t\t\t\t\t\t<\/div>\n\t\t\t\t\t<\/div><div class=\"col\" >\n\t\t\t\t\t\t<div class=\"col-inner\">\n\t\t\t\t\t\t\n<div class=\"badge-container absolute left top z-1\">\n\n<\/div>\n\t\t\t\t\t\t<div class=\"product-small box has-hover box-normal box-text-bottom\">\n\t\t\t\t\t\t\t<div class=\"box-image\" >\n\t\t\t\t\t\t\t\t<div class=\"\" >\n\t\t\t\t\t\t\t\t\t<a href=\"https:\/\/manuelsosa.com\/fr\/cuadros\/aves-pajaros\/becada-entre-enebros\/\" aria-label=\"B\u00e9casse parmi les gen\u00e9vriers, tableau de chasse\">\n\t\t\t\t\t\t\t\t\t\t<img loading=\"lazy\" decoding=\"async\" width=\"382\" height=\"279\" src=\"https:\/\/manuelsosa.com\/wp-content\/uploads\/001\/becada_entre_enebros-382x279.jpg\" class=\"attachment-woocommerce_thumbnail size-woocommerce_thumbnail\" alt=\"B\u00e9casse des bois parmi les gen\u00e9vriers - B\u00e9casse des bois - peintures\" srcset=\"https:\/\/manuelsosa.com\/wp-content\/uploads\/001\/becada_entre_enebros-382x279.jpg 382w, https:\/\/manuelsosa.com\/wp-content\/uploads\/001\/becada_entre_enebros-486x355.jpg 486w, https:\/\/manuelsosa.com\/wp-content\/uploads\/001\/becada_entre_enebros-768x561.jpg 768w, https:\/\/manuelsosa.com\/wp-content\/uploads\/001\/becada_entre_enebros-783x572.jpg 783w, https:\/\/manuelsosa.com\/wp-content\/uploads\/001\/becada_entre_enebros-1536x1123.jpg 1536w, https:\/\/manuelsosa.com\/wp-content\/uploads\/001\/becada_entre_enebros-16x12.jpg 16w, https:\/\/manuelsosa.com\/wp-content\/uploads\/001\/becada_entre_enebros-64x47.jpg 64w, https:\/\/manuelsosa.com\/wp-content\/uploads\/001\/becada_entre_enebros.jpg 1800w\" sizes=\"auto, (max-width: 382px) 100vw, 382px\" \/>\t\t\t\t\t\t\t\t\t<\/a>\n\t\t\t\t\t\t\t\t\t\t\t\t\t\t\t\t\t\t \t\t\t\t\t\t\t\t<\/div>\n\t\t\t\t\t\t\t\t<div class=\"image-tools top right show-on-hover\">\n\t\t\t\t\t\t\t\t\t\t\t\t\t\t\t\t\t<\/div>\n\t\t\t\t\t\t\t\t\t\t\t\t\t\t\t\t\t<div class=\"image-tools grid-tools text-center hide-for-small bottom hover-slide-in show-on-hover\">\n\t\t\t\t\t\t\t\t\t\t\t\t\t\t\t\t\t\t\t<\/div>\n\t\t\t\t\t\t\t\t\t\t\t\t\t\t\t\t\t\t\t\t\t\t\t<\/div>\n\n\t\t\t\t\t\t\t<div class=\"box-text text-center\" >\n\t\t\t\t\t\t\t\t<div class=\"title-wrapper\"><p class=\"name product-title woocommerce-loop-product__title\"><a href=\"https:\/\/manuelsosa.com\/fr\/cuadros\/aves-pajaros\/becada-entre-enebros\/\" class=\"woocommerce-LoopProduct-link woocommerce-loop-product__link\">B\u00e9casse parmi les gen\u00e9vriers, tableau de chasse<\/a><\/p><\/div><div class=\"price-wrapper\">\n\t<span class=\"price\"><span class=\"woocs_price_code\" data-currency=\"\" data-redraw-id=\"69d1548717181\"  data-product-id=\"12971\"><span class=\"woocommerce-Price-amount amount\"><bdi>0,00<span class=\"woocommerce-Price-currencySymbol\">&#36;<\/span><\/bdi><\/span><\/span><div class=\"woocs_price_info\"><span class=\"woocs_price_info_icon\"><\/span><ul class='woocs_price_info_list'><li><span>EUR<\/span>: <span class=\"woocs_amount\">\u20ac 0,00<\/span><\/li><li><span>GBP<\/span>: <span class=\"woocs_amount\">\u00a30,00<\/span><\/li><\/ul><\/div><\/span>\n<\/div>\t\t\t\t\t\t\t<\/div>\n\t\t\t\t\t\t<\/div>\n\t\t\t\t\t\t<\/div>\n\t\t\t\t\t<\/div><div class=\"col\" >\n\t\t\t\t\t\t<div class=\"col-inner\">\n\t\t\t\t\t\t\n<div class=\"badge-container absolute left top z-1\">\n\n<\/div>\n\t\t\t\t\t\t<div class=\"product-small box has-hover box-normal box-text-bottom\">\n\t\t\t\t\t\t\t<div class=\"box-image\" >\n\t\t\t\t\t\t\t\t<div class=\"\" >\n\t\t\t\t\t\t\t\t\t<a href=\"https:\/\/manuelsosa.com\/fr\/cuadros\/aves-pajaros\/becada-chocha-perdiz\/\" aria-label=\"B\u00e9casse - B\u00e9casse\">\n\t\t\t\t\t\t\t\t\t\t<img loading=\"lazy\" decoding=\"async\" width=\"382\" height=\"286\" src=\"https:\/\/manuelsosa.com\/wp-content\/uploads\/001\/becada-ceramica-382x286.jpg\" class=\"attachment-woocommerce_thumbnail size-woocommerce_thumbnail\" alt=\"B\u00e9casse - b\u00e9casse - carr\u00e9s\" srcset=\"https:\/\/manuelsosa.com\/wp-content\/uploads\/001\/becada-ceramica-382x286.jpg 382w, https:\/\/manuelsosa.com\/wp-content\/uploads\/001\/becada-ceramica-486x364.jpg 486w, https:\/\/manuelsosa.com\/wp-content\/uploads\/001\/becada-ceramica-768x575.jpg 768w, https:\/\/manuelsosa.com\/wp-content\/uploads\/001\/becada-ceramica-783x586.jpg 783w, https:\/\/manuelsosa.com\/wp-content\/uploads\/001\/becada-ceramica.jpg 1400w, https:\/\/manuelsosa.com\/wp-content\/uploads\/001\/becada-ceramica-16x12.jpg 16w, https:\/\/manuelsosa.com\/wp-content\/uploads\/001\/becada-ceramica-64x48.jpg 64w, https:\/\/manuelsosa.com\/wp-content\/uploads\/001\/becada-ceramica-243x182.jpg 243w, https:\/\/manuelsosa.com\/wp-content\/uploads\/001\/becada-ceramica-20x15.jpg 20w, https:\/\/manuelsosa.com\/wp-content\/uploads\/001\/becada-ceramica-33x25.jpg 33w\" sizes=\"auto, (max-width: 382px) 100vw, 382px\" \/>\t\t\t\t\t\t\t\t\t<\/a>\n\t\t\t\t\t\t\t\t\t\t\t\t\t\t\t\t\t\t \t\t\t\t\t\t\t\t<\/div>\n\t\t\t\t\t\t\t\t<div class=\"image-tools top right show-on-hover\">\n\t\t\t\t\t\t\t\t\t\t\t\t\t\t\t\t\t<\/div>\n\t\t\t\t\t\t\t\t\t\t\t\t\t\t\t\t\t<div class=\"image-tools grid-tools text-center hide-for-small bottom hover-slide-in show-on-hover\">\n\t\t\t\t\t\t\t\t\t\t\t\t\t\t\t\t\t\t\t<\/div>\n\t\t\t\t\t\t\t\t\t\t\t\t\t\t\t\t\t\t\t\t\t\t\t<\/div>\n\n\t\t\t\t\t\t\t<div class=\"box-text text-center\" >\n\t\t\t\t\t\t\t\t<div class=\"title-wrapper\"><p class=\"name product-title woocommerce-loop-product__title\"><a href=\"https:\/\/manuelsosa.com\/fr\/cuadros\/aves-pajaros\/becada-chocha-perdiz\/\" class=\"woocommerce-LoopProduct-link woocommerce-loop-product__link\">B\u00e9casse<\/a><\/p><\/div><div class=\"price-wrapper\">\n\t<span class=\"price\"><span class=\"woocs_price_code\" data-currency=\"\" data-redraw-id=\"69d154871aefd\"  data-product-id=\"14236\"><span class=\"woocommerce-Price-amount amount\"><bdi>0,00<span class=\"woocommerce-Price-currencySymbol\">&#36;<\/span><\/bdi><\/span><\/span><div class=\"woocs_price_info\"><span class=\"woocs_price_info_icon\"><\/span><ul class='woocs_price_info_list'><li><span>EUR<\/span>: <span class=\"woocs_amount\">\u20ac 0,00<\/span><\/li><li><span>GBP<\/span>: <span class=\"woocs_amount\">\u00a30,00<\/span><\/li><\/ul><\/div><\/span>\n<\/div>\t\t\t\t\t\t\t<\/div>\n\t\t\t\t\t\t<\/div>\n\t\t\t\t\t\t<\/div>\n\t\t\t\t\t<\/div><div class=\"col\" >\n\t\t\t\t\t\t<div class=\"col-inner\">\n\t\t\t\t\t\t\n<div class=\"badge-container absolute left top z-1\">\n\n<\/div>\n\t\t\t\t\t\t<div class=\"product-small box has-hover box-normal box-text-bottom\">\n\t\t\t\t\t\t\t<div class=\"box-image\" >\n\t\t\t\t\t\t\t\t<div class=\"\" >\n\t\t\t\t\t\t\t\t\t<a href=\"https:\/\/manuelsosa.com\/fr\/cuadros\/aves-pajaros\/chocha\/\" aria-label=\"B\u00e9casse des bois\">\n\t\t\t\t\t\t\t\t\t\t<img loading=\"lazy\" decoding=\"async\" width=\"382\" height=\"291\" src=\"https:\/\/manuelsosa.com\/wp-content\/uploads\/001\/chocha-382x291.jpg\" class=\"attachment-woocommerce_thumbnail size-woocommerce_thumbnail\" alt=\"B\u00e9casse des bois dans la liti\u00e8re de feuilles - photo\" srcset=\"https:\/\/manuelsosa.com\/wp-content\/uploads\/001\/chocha-382x291.jpg 382w, https:\/\/manuelsosa.com\/wp-content\/uploads\/001\/chocha-486x370.jpg 486w, https:\/\/manuelsosa.com\/wp-content\/uploads\/001\/chocha-16x12.jpg 16w, https:\/\/manuelsosa.com\/wp-content\/uploads\/001\/chocha-64x49.jpg 64w, https:\/\/manuelsosa.com\/wp-content\/uploads\/001\/chocha.jpg 600w\" sizes=\"auto, (max-width: 382px) 100vw, 382px\" \/>\t\t\t\t\t\t\t\t\t<\/a>\n\t\t\t\t\t\t\t\t\t\t\t\t\t\t\t\t\t\t \t\t\t\t\t\t\t\t<\/div>\n\t\t\t\t\t\t\t\t<div class=\"image-tools top right show-on-hover\">\n\t\t\t\t\t\t\t\t\t\t\t\t\t\t\t\t\t<\/div>\n\t\t\t\t\t\t\t\t\t\t\t\t\t\t\t\t\t<div class=\"image-tools grid-tools text-center hide-for-small bottom hover-slide-in show-on-hover\">\n\t\t\t\t\t\t\t\t\t\t\t\t\t\t\t\t\t\t\t<\/div>\n\t\t\t\t\t\t\t\t\t\t\t\t\t\t\t\t\t\t\t\t\t\t\t<\/div>\n\n\t\t\t\t\t\t\t<div class=\"box-text text-center\" >\n\t\t\t\t\t\t\t\t<div class=\"title-wrapper\"><p class=\"name product-title woocommerce-loop-product__title\"><a href=\"https:\/\/manuelsosa.com\/fr\/cuadros\/aves-pajaros\/chocha\/\" class=\"woocommerce-LoopProduct-link woocommerce-loop-product__link\">B\u00e9casse des bois<\/a><\/p><\/div><div class=\"price-wrapper\">\n\t<span class=\"price\"><span class=\"woocs_price_code\" data-currency=\"\" data-redraw-id=\"69d154871e0df\"  data-product-id=\"96\"><span class=\"woocommerce-Price-amount amount\"><bdi>0,00<span class=\"woocommerce-Price-currencySymbol\">&#36;<\/span><\/bdi><\/span><\/span><div class=\"woocs_price_info\"><span class=\"woocs_price_info_icon\"><\/span><ul class='woocs_price_info_list'><li><span>EUR<\/span>: <span class=\"woocs_amount\">\u20ac 0,00<\/span><\/li><li><span>GBP<\/span>: <span class=\"woocs_amount\">\u00a30,00<\/span><\/li><\/ul><\/div><\/span>\n<\/div>\t\t\t\t\t\t\t<\/div>\n\t\t\t\t\t\t<\/div>\n\t\t\t\t\t\t<\/div>\n\t\t\t\t\t<\/div><\/div>\n<p>Voulez-vous acheter des tableaux de perdrix ? Cliquez sur ce lien : L<a href=\"https:\/\/manuelsosa.com\/fr\/la-perdrix-rouge-peintures-de-perdrix\/\">une Perdrix rouge. Tableaux et peintures \u00e0 l'huile<\/a>. Affiches des boursiers. Affiches b\u00e9casses. Photos de chasse. Tableaux d'animaux. Tableaux d'oiseaux. Tableaux de chasse. Tableaux d'oiseaux. Tableaux d'oiseaux. <a href=\"https:\/\/manuelsosa.com\/fr\/peintures-images-de-la-nature\/\">Peintures de la nature<\/a><\/p>","protected":false},"excerpt":{"rendered":"<p>B\u00e9casse, B\u00e9casse<\/p>","protected":false},"author":1,"featured_media":10745,"parent":0,"menu_order":0,"comment_status":"closed","ping_status":"closed","template":"","meta":{"_seopress_robots_primary_cat":"","_seopress_titles_title":"%%post_title%%","_seopress_titles_desc":"","_seopress_robots_index":"","footnotes":""},"class_list":["post-14981","page","type-page","status-publish","has-post-thumbnail","hentry","tm-has-options"],"_links":{"self":[{"href":"https:\/\/manuelsosa.com\/fr\/wp-json\/wp\/v2\/pages\/14981","targetHints":{"allow":["GET"]}}],"collection":[{"href":"https:\/\/manuelsosa.com\/fr\/wp-json\/wp\/v2\/pages"}],"about":[{"href":"https:\/\/manuelsosa.com\/fr\/wp-json\/wp\/v2\/types\/page"}],"author":[{"embeddable":true,"href":"https:\/\/manuelsosa.com\/fr\/wp-json\/wp\/v2\/users\/1"}],"replies":[{"embeddable":true,"href":"https:\/\/manuelsosa.com\/fr\/wp-json\/wp\/v2\/comments?post=14981"}],"version-history":[{"count":0,"href":"https:\/\/manuelsosa.com\/fr\/wp-json\/wp\/v2\/pages\/14981\/revisions"}],"wp:featuredmedia":[{"embeddable":true,"href":"https:\/\/manuelsosa.com\/fr\/wp-json\/wp\/v2\/media\/10745"}],"wp:attachment":[{"href":"https:\/\/manuelsosa.com\/fr\/wp-json\/wp\/v2\/media?parent=14981"}],"curies":[{"name":"wp","href":"https:\/\/api.w.org\/{rel}","templated":true}]}}