{"id":14984,"date":"2019-10-04T15:01:15","date_gmt":"2019-10-04T15:01:15","guid":{"rendered":"https:\/\/manuelsosa.com\/?page_id=14984"},"modified":"2025-03-07T21:51:59","modified_gmt":"2025-03-07T20:51:59","slug":"peintures-chevreuil","status":"publish","type":"page","link":"https:\/\/manuelsosa.com\/fr\/pinturas-cuadros-corzos\/","title":{"rendered":"Peintures de chevreuils. Gravures et peintures \u00e0 l'huile de chevreuils"},"content":{"rendered":"<div class=\"container section-title-container\" ><h3 class=\"section-title section-title-center\"><b aria-hidden=\"true\"><\/b><span class=\"section-title-main\" >Gravures, aquarelles et peintures \u00e0 l'huile de Chevreuil<\/span><b aria-hidden=\"true\"><\/b><\/h3><\/div>\n<p>Une s\u00e9lection de peintures de chevreuils par le peintre Manuel Sosa qui peuvent \u00eatre achet\u00e9es en tant que tirages ou lithographies dans n'importe quelle taille. Cinq peintures de Chevreuil (Capreolus caprolus). Quelques-unes des peintures \u00e0 l'huile originales et des peintures de chevreuils sont disponibles \u00e0 la vente. Peintures de chevreuils. Peintures imprim\u00e9es sur toile. Impressions d'art pour peintures<\/p>\n\t\n  \n    <div id=\"product-grid-1488523482\" class=\"row large-columns-2 medium-columns- small-columns- row-small row-masonry\" data-packery-options='{\"itemSelector\": \".col\", \"gutter\": 0, \"presentageWidth\" : true}'>\n\n  \n\t     <div class=\"col\" >\n\t\t\t\t\t\t<div class=\"col-inner\">\n\t\t\t\t\t\t\n<div class=\"badge-container absolute left top z-1\">\n\n<\/div>\n\t\t\t\t\t\t<div class=\"product-small box has-hover box-normal box-text-bottom\">\n\t\t\t\t\t\t\t<div class=\"box-image\" >\n\t\t\t\t\t\t\t\t<div class=\"\" >\n\t\t\t\t\t\t\t\t\t<a href=\"https:\/\/manuelsosa.com\/fr\/cuadros\/mamiferos\/cuadros-de-corzo\/\" aria-label=\"Chevreuil - Peinture\">\n\t\t\t\t\t\t\t\t\t\t<img loading=\"lazy\" decoding=\"async\" width=\"382\" height=\"509\" src=\"https:\/\/manuelsosa.com\/wp-content\/uploads\/001\/corzo_retrato-382x509.jpg\" class=\"attachment-woocommerce_thumbnail size-woocommerce_thumbnail\" alt=\"Photo de chevreuil - portrait d&#039;un m\u00e2le et de ses bois\" srcset=\"https:\/\/manuelsosa.com\/wp-content\/uploads\/001\/corzo_retrato-382x509.jpg 382w, https:\/\/manuelsosa.com\/wp-content\/uploads\/001\/corzo_retrato-486x648.jpg 486w, https:\/\/manuelsosa.com\/wp-content\/uploads\/001\/corzo_retrato-768x1024.jpg 768w, https:\/\/manuelsosa.com\/wp-content\/uploads\/001\/corzo_retrato-783x1044.jpg 783w, https:\/\/manuelsosa.com\/wp-content\/uploads\/001\/corzo_retrato-1152x1536.jpg 1152w, https:\/\/manuelsosa.com\/wp-content\/uploads\/001\/corzo_retrato-9x12.jpg 9w, https:\/\/manuelsosa.com\/wp-content\/uploads\/001\/corzo_retrato-64x85.jpg 64w, https:\/\/manuelsosa.com\/wp-content\/uploads\/001\/corzo_retrato.jpg 1275w\" sizes=\"auto, (max-width: 382px) 100vw, 382px\" \/>\t\t\t\t\t\t\t\t\t<\/a>\n\t\t\t\t\t\t\t\t\t\t\t\t\t\t\t\t\t\t \t\t\t\t\t\t\t\t<\/div>\n\t\t\t\t\t\t\t\t<div class=\"image-tools top right show-on-hover\">\n\t\t\t\t\t\t\t\t\t\t\t\t\t\t\t\t\t<\/div>\n\t\t\t\t\t\t\t\t\t\t\t\t\t\t\t\t\t<div class=\"image-tools grid-tools text-center hide-for-small bottom hover-slide-in show-on-hover\">\n\t\t\t\t\t\t\t\t\t\t\t\t\t\t\t\t\t\t\t<\/div>\n\t\t\t\t\t\t\t\t\t\t\t\t\t\t\t\t\t\t\t\t\t\t\t<\/div>\n\n\t\t\t\t\t\t\t<div class=\"box-text text-center is-large\" >\n\t\t\t\t\t\t\t\t<div class=\"title-wrapper\"><p class=\"name product-title woocommerce-loop-product__title\"><a href=\"https:\/\/manuelsosa.com\/fr\/cuadros\/mamiferos\/cuadros-de-corzo\/\" class=\"woocommerce-LoopProduct-link woocommerce-loop-product__link\">Peinture de chevreuil<\/a><\/p><\/div><div class=\"price-wrapper\">\n\t<span class=\"price\"><span class=\"woocs_price_code\" data-currency=\"\" data-redraw-id=\"69d02115844e3\"  data-product-id=\"104\"><span class=\"woocommerce-Price-amount amount\"><bdi>0,00<span class=\"woocommerce-Price-currencySymbol\">&#36;<\/span><\/bdi><\/span><\/span><div class=\"woocs_price_info\"><span class=\"woocs_price_info_icon\"><\/span><ul class='woocs_price_info_list'><li><span>EUR<\/span>: <span class=\"woocs_amount\">\u20ac 0,00<\/span><\/li><li><span>GBP<\/span>: <span class=\"woocs_amount\">\u00a30,00<\/span><\/li><\/ul><\/div><\/span>\n<\/div>\t\t\t\t\t\t\t<\/div>\n\t\t\t\t\t\t<\/div>\n\t\t\t\t\t\t<\/div>\n\t\t\t\t\t<\/div><div class=\"col\" >\n\t\t\t\t\t\t<div class=\"col-inner\">\n\t\t\t\t\t\t\n<div class=\"badge-container absolute left top z-1\">\n\n<\/div>\n\t\t\t\t\t\t<div class=\"product-small box has-hover box-normal box-text-bottom\">\n\t\t\t\t\t\t\t<div class=\"box-image\" >\n\t\t\t\t\t\t\t\t<div class=\"\" >\n\t\t\t\t\t\t\t\t\t<a href=\"https:\/\/manuelsosa.com\/fr\/cuadros\/mamiferos\/paisaje-con-corzo\/\" aria-label=\"Chevreuil\">\n\t\t\t\t\t\t\t\t\t\t<img loading=\"lazy\" decoding=\"async\" width=\"382\" height=\"267\" src=\"https:\/\/manuelsosa.com\/wp-content\/uploads\/001\/corzo-382x267.jpg\" class=\"attachment-woocommerce_thumbnail size-woocommerce_thumbnail\" alt=\"Chevreuil broutant parmi les ch\u00eanes\" srcset=\"https:\/\/manuelsosa.com\/wp-content\/uploads\/001\/corzo-382x267.jpg 382w, https:\/\/manuelsosa.com\/wp-content\/uploads\/001\/corzo-783x546.jpg 783w, https:\/\/manuelsosa.com\/wp-content\/uploads\/001\/corzo-2048x1429.jpg 2048w, https:\/\/manuelsosa.com\/wp-content\/uploads\/001\/corzo-scaled-486x339.jpg 486w, https:\/\/manuelsosa.com\/wp-content\/uploads\/001\/corzo-768x536.jpg 768w, https:\/\/manuelsosa.com\/wp-content\/uploads\/001\/corzo-1536x1072.jpg 1536w, https:\/\/manuelsosa.com\/wp-content\/uploads\/001\/corzo-18x12.jpg 18w, https:\/\/manuelsosa.com\/wp-content\/uploads\/001\/corzo-64x45.jpg 64w\" sizes=\"auto, (max-width: 382px) 100vw, 382px\" \/>\t\t\t\t\t\t\t\t\t<\/a>\n\t\t\t\t\t\t\t\t\t\t\t\t\t\t\t\t\t\t \t\t\t\t\t\t\t\t<\/div>\n\t\t\t\t\t\t\t\t<div class=\"image-tools top right show-on-hover\">\n\t\t\t\t\t\t\t\t\t\t\t\t\t\t\t\t\t<\/div>\n\t\t\t\t\t\t\t\t\t\t\t\t\t\t\t\t\t<div class=\"image-tools grid-tools text-center hide-for-small bottom hover-slide-in show-on-hover\">\n\t\t\t\t\t\t\t\t\t\t\t\t\t\t\t\t\t\t\t<\/div>\n\t\t\t\t\t\t\t\t\t\t\t\t\t\t\t\t\t\t\t\t\t\t\t<\/div>\n\n\t\t\t\t\t\t\t<div class=\"box-text text-center is-large\" >\n\t\t\t\t\t\t\t\t<div class=\"title-wrapper\"><p class=\"name product-title woocommerce-loop-product__title\"><a href=\"https:\/\/manuelsosa.com\/fr\/cuadros\/mamiferos\/paisaje-con-corzo\/\" class=\"woocommerce-LoopProduct-link woocommerce-loop-product__link\">Chevreuil<\/a><\/p><\/div><div class=\"price-wrapper\">\n\t<span class=\"price\"><span class=\"woocs_price_code\" data-currency=\"\" data-redraw-id=\"69d0211598b31\"  data-product-id=\"105\"><span class=\"woocommerce-Price-amount amount\"><bdi>0,00<span class=\"woocommerce-Price-currencySymbol\">&#36;<\/span><\/bdi><\/span><\/span><div class=\"woocs_price_info\"><span class=\"woocs_price_info_icon\"><\/span><ul class='woocs_price_info_list'><li><span>EUR<\/span>: <span class=\"woocs_amount\">\u20ac 0,00<\/span><\/li><li><span>GBP<\/span>: <span class=\"woocs_amount\">\u00a30,00<\/span><\/li><\/ul><\/div><\/span>\n<\/div>\t\t\t\t\t\t\t<\/div>\n\t\t\t\t\t\t<\/div>\n\t\t\t\t\t\t<\/div>\n\t\t\t\t\t<\/div><div class=\"col\" >\n\t\t\t\t\t\t<div class=\"col-inner\">\n\t\t\t\t\t\t\n<div class=\"badge-container absolute left top z-1\">\n\n<\/div>\n\t\t\t\t\t\t<div class=\"product-small box has-hover box-normal box-text-bottom\">\n\t\t\t\t\t\t\t<div class=\"box-image\" >\n\t\t\t\t\t\t\t\t<div class=\"\" >\n\t\t\t\t\t\t\t\t\t<a href=\"https:\/\/manuelsosa.com\/fr\/cuadros\/acuarelas\/corzo-torso\/\" aria-label=\"Chevreuil - torse\">\n\t\t\t\t\t\t\t\t\t\t<img loading=\"lazy\" decoding=\"async\" width=\"382\" height=\"510\" src=\"https:\/\/manuelsosa.com\/wp-content\/uploads\/001\/corzo-acuarela-382x510.jpg\" class=\"attachment-woocommerce_thumbnail size-woocommerce_thumbnail\" alt=\"Portrait d&#039;un chevreuil - aquarelle de Manuel Sosa\" srcset=\"https:\/\/manuelsosa.com\/wp-content\/uploads\/001\/corzo-acuarela-382x510.jpg 382w, https:\/\/manuelsosa.com\/wp-content\/uploads\/001\/corzo-acuarela-768x1025.jpg 768w, https:\/\/manuelsosa.com\/wp-content\/uploads\/001\/corzo-acuarela-486x649.jpg 486w, https:\/\/manuelsosa.com\/wp-content\/uploads\/001\/corzo-acuarela-783x1045.jpg 783w, https:\/\/manuelsosa.com\/wp-content\/uploads\/001\/corzo-acuarela.jpg 1049w, https:\/\/manuelsosa.com\/wp-content\/uploads\/001\/corzo-acuarela-9x12.jpg 9w, https:\/\/manuelsosa.com\/wp-content\/uploads\/001\/corzo-acuarela-64x85.jpg 64w, https:\/\/manuelsosa.com\/wp-content\/uploads\/001\/corzo-acuarela-243x324.jpg 243w, https:\/\/manuelsosa.com\/wp-content\/uploads\/001\/corzo-acuarela-15x20.jpg 15w, https:\/\/manuelsosa.com\/wp-content\/uploads\/001\/corzo-acuarela-33x44.jpg 33w\" sizes=\"auto, (max-width: 382px) 100vw, 382px\" \/>\t\t\t\t\t\t\t\t\t<\/a>\n\t\t\t\t\t\t\t\t\t\t\t\t\t\t\t\t\t\t \t\t\t\t\t\t\t\t<\/div>\n\t\t\t\t\t\t\t\t<div class=\"image-tools top right show-on-hover\">\n\t\t\t\t\t\t\t\t\t\t\t\t\t\t\t\t\t<\/div>\n\t\t\t\t\t\t\t\t\t\t\t\t\t\t\t\t\t<div class=\"image-tools grid-tools text-center hide-for-small bottom hover-slide-in show-on-hover\">\n\t\t\t\t\t\t\t\t\t\t\t\t\t\t\t\t\t\t\t<\/div>\n\t\t\t\t\t\t\t\t\t\t\t\t\t\t\t\t\t\t\t\t\t\t\t<\/div>\n\n\t\t\t\t\t\t\t<div class=\"box-text text-center is-large\" >\n\t\t\t\t\t\t\t\t<div class=\"title-wrapper\"><p class=\"name product-title woocommerce-loop-product__title\"><a href=\"https:\/\/manuelsosa.com\/fr\/cuadros\/acuarelas\/corzo-torso\/\" class=\"woocommerce-LoopProduct-link woocommerce-loop-product__link\">Chevreuil - torse<\/a><\/p><\/div><div class=\"price-wrapper\">\n\t<span class=\"price\"><span class=\"woocs_price_code\" data-currency=\"\" data-redraw-id=\"69d02115afee8\"  data-product-id=\"14229\"><span class=\"woocommerce-Price-amount amount\"><bdi>0,00<span class=\"woocommerce-Price-currencySymbol\">&#36;<\/span><\/bdi><\/span><\/span><div class=\"woocs_price_info\"><span class=\"woocs_price_info_icon\"><\/span><ul class='woocs_price_info_list'><li><span>EUR<\/span>: <span class=\"woocs_amount\">\u20ac 0,00<\/span><\/li><li><span>GBP<\/span>: <span class=\"woocs_amount\">\u00a30,00<\/span><\/li><\/ul><\/div><\/span>\n<\/div>\t\t\t\t\t\t\t<\/div>\n\t\t\t\t\t\t<\/div>\n\t\t\t\t\t\t<\/div>\n\t\t\t\t\t<\/div><div class=\"col\" >\n\t\t\t\t\t\t<div class=\"col-inner\">\n\t\t\t\t\t\t\n<div class=\"badge-container absolute left top z-1\">\n\n<\/div>\n\t\t\t\t\t\t<div class=\"product-small box has-hover box-normal box-text-bottom\">\n\t\t\t\t\t\t\t<div class=\"box-image\" >\n\t\t\t\t\t\t\t\t<div class=\"\" >\n\t\t\t\t\t\t\t\t\t<a href=\"https:\/\/manuelsosa.com\/fr\/cuadros\/mamiferos\/estampida-de-corzos\/\" aria-label=\"Bouscul\u00e9e de chevreuils - Manuel Sosa\">\n\t\t\t\t\t\t\t\t\t\t<img loading=\"lazy\" decoding=\"async\" width=\"382\" height=\"283\" src=\"https:\/\/manuelsosa.com\/wp-content\/uploads\/001\/corzos_en_estampida-382x283.jpg\" class=\"attachment-woocommerce_thumbnail size-woocommerce_thumbnail\" alt=\"Chevreuil ib\u00e9rique et loup photo\" srcset=\"https:\/\/manuelsosa.com\/wp-content\/uploads\/001\/corzos_en_estampida-382x283.jpg 382w, https:\/\/manuelsosa.com\/wp-content\/uploads\/001\/corzos_en_estampida-768x569.jpg 768w, https:\/\/manuelsosa.com\/wp-content\/uploads\/001\/corzos_en_estampida-2048x1518.jpg 2048w, https:\/\/manuelsosa.com\/wp-content\/uploads\/001\/corzos_en_estampida-486x360.jpg 486w, https:\/\/manuelsosa.com\/wp-content\/uploads\/001\/corzos_en_estampida-783x580.jpg 783w, https:\/\/manuelsosa.com\/wp-content\/uploads\/001\/corzos_en_estampida-1536x1138.jpg 1536w, https:\/\/manuelsosa.com\/wp-content\/uploads\/001\/corzos_en_estampida-16x12.jpg 16w, https:\/\/manuelsosa.com\/wp-content\/uploads\/001\/corzos_en_estampida-64x47.jpg 64w, https:\/\/manuelsosa.com\/wp-content\/uploads\/001\/corzos_en_estampida-243x180.jpg 243w, https:\/\/manuelsosa.com\/wp-content\/uploads\/001\/corzos_en_estampida-20x15.jpg 20w, https:\/\/manuelsosa.com\/wp-content\/uploads\/001\/corzos_en_estampida-33x24.jpg 33w\" sizes=\"auto, (max-width: 382px) 100vw, 382px\" \/>\t\t\t\t\t\t\t\t\t<\/a>\n\t\t\t\t\t\t\t\t\t\t\t\t\t\t\t\t\t\t \t\t\t\t\t\t\t\t<\/div>\n\t\t\t\t\t\t\t\t<div class=\"image-tools top right show-on-hover\">\n\t\t\t\t\t\t\t\t\t\t\t\t\t\t\t\t\t<\/div>\n\t\t\t\t\t\t\t\t\t\t\t\t\t\t\t\t\t<div class=\"image-tools grid-tools text-center hide-for-small bottom hover-slide-in show-on-hover\">\n\t\t\t\t\t\t\t\t\t\t\t\t\t\t\t\t\t\t\t<\/div>\n\t\t\t\t\t\t\t\t\t\t\t\t\t\t\t\t\t\t\t\t\t\t\t<\/div>\n\n\t\t\t\t\t\t\t<div class=\"box-text text-center is-large\" >\n\t\t\t\t\t\t\t\t<div class=\"title-wrapper\"><p class=\"name product-title woocommerce-loop-product__title\"><a href=\"https:\/\/manuelsosa.com\/fr\/cuadros\/mamiferos\/estampida-de-corzos\/\" class=\"woocommerce-LoopProduct-link woocommerce-loop-product__link\">Bouscul\u00e9e de chevreuils - Manuel Sosa<\/a><\/p><\/div><div class=\"price-wrapper\">\n\t<span class=\"price\"><span class=\"woocs_price_code\" data-currency=\"\" data-redraw-id=\"69d02115c9afa\"  data-product-id=\"15738\"><span class=\"woocommerce-Price-amount amount\"><bdi>0,00<span class=\"woocommerce-Price-currencySymbol\">&#36;<\/span><\/bdi><\/span><\/span><div class=\"woocs_price_info\"><span class=\"woocs_price_info_icon\"><\/span><ul class='woocs_price_info_list'><li><span>EUR<\/span>: <span class=\"woocs_amount\">\u20ac 0,00<\/span><\/li><li><span>GBP<\/span>: <span class=\"woocs_amount\">\u00a30,00<\/span><\/li><\/ul><\/div><\/span>\n<\/div>\t\t\t\t\t\t\t<\/div>\n\t\t\t\t\t\t<\/div>\n\t\t\t\t\t\t<\/div>\n\t\t\t\t\t<\/div><div class=\"col\" >\n\t\t\t\t\t\t<div class=\"col-inner\">\n\t\t\t\t\t\t\n<div class=\"badge-container absolute left top z-1\">\n\n<\/div>\n\t\t\t\t\t\t<div class=\"product-small box has-hover box-normal box-text-bottom\">\n\t\t\t\t\t\t\t<div class=\"box-image\" >\n\t\t\t\t\t\t\t\t<div class=\"\" >\n\t\t\t\t\t\t\t\t\t<a href=\"https:\/\/manuelsosa.com\/fr\/cuadros\/mamiferos\/cuadro-de-corzo-al-amanecer\/\" aria-label=\"Chevreuil \u00e0 l&#039;aube\">\n\t\t\t\t\t\t\t\t\t\t<img loading=\"lazy\" decoding=\"async\" width=\"382\" height=\"290\" src=\"https:\/\/manuelsosa.com\/wp-content\/uploads\/001\/corzos_al_amanecer-382x290.jpg\" class=\"attachment-woocommerce_thumbnail size-woocommerce_thumbnail\" alt=\"Deux chevreuils dans la neige\" srcset=\"https:\/\/manuelsosa.com\/wp-content\/uploads\/001\/corzos_al_amanecer-382x290.jpg 382w, https:\/\/manuelsosa.com\/wp-content\/uploads\/001\/corzos_al_amanecer-768x583.jpg 768w, https:\/\/manuelsosa.com\/wp-content\/uploads\/001\/corzos_al_amanecer-486x369.jpg 486w, https:\/\/manuelsosa.com\/wp-content\/uploads\/001\/corzos_al_amanecer-783x595.jpg 783w, https:\/\/manuelsosa.com\/wp-content\/uploads\/001\/corzos_al_amanecer.jpg 1531w, https:\/\/manuelsosa.com\/wp-content\/uploads\/001\/corzos_al_amanecer-16x12.jpg 16w, https:\/\/manuelsosa.com\/wp-content\/uploads\/001\/corzos_al_amanecer-64x49.jpg 64w, https:\/\/manuelsosa.com\/wp-content\/uploads\/001\/corzos_al_amanecer-243x185.jpg 243w, https:\/\/manuelsosa.com\/wp-content\/uploads\/001\/corzos_al_amanecer-20x15.jpg 20w, https:\/\/manuelsosa.com\/wp-content\/uploads\/001\/corzos_al_amanecer-33x25.jpg 33w\" sizes=\"auto, (max-width: 382px) 100vw, 382px\" \/>\t\t\t\t\t\t\t\t\t<\/a>\n\t\t\t\t\t\t\t\t\t\t\t\t\t\t\t\t\t\t \t\t\t\t\t\t\t\t<\/div>\n\t\t\t\t\t\t\t\t<div class=\"image-tools top right show-on-hover\">\n\t\t\t\t\t\t\t\t\t\t\t\t\t\t\t\t\t<\/div>\n\t\t\t\t\t\t\t\t\t\t\t\t\t\t\t\t\t<div class=\"image-tools grid-tools text-center hide-for-small bottom hover-slide-in show-on-hover\">\n\t\t\t\t\t\t\t\t\t\t\t\t\t\t\t\t\t\t\t<\/div>\n\t\t\t\t\t\t\t\t\t\t\t\t\t\t\t\t\t\t\t\t\t\t\t<\/div>\n\n\t\t\t\t\t\t\t<div class=\"box-text text-center is-large\" >\n\t\t\t\t\t\t\t\t<div class=\"title-wrapper\"><p class=\"name product-title woocommerce-loop-product__title\"><a href=\"https:\/\/manuelsosa.com\/fr\/cuadros\/mamiferos\/cuadro-de-corzo-al-amanecer\/\" class=\"woocommerce-LoopProduct-link woocommerce-loop-product__link\">Chevreuil \u00e0 l'aube<\/a><\/p><\/div><div class=\"price-wrapper\">\n\t<span class=\"price\"><span class=\"woocs_price_code\" data-currency=\"\" data-redraw-id=\"69d02115dc58d\"  data-product-id=\"14241\"><span class=\"woocommerce-Price-amount amount\"><bdi>0,00<span class=\"woocommerce-Price-currencySymbol\">&#36;<\/span><\/bdi><\/span><\/span><div class=\"woocs_price_info\"><span class=\"woocs_price_info_icon\"><\/span><ul class='woocs_price_info_list'><li><span>EUR<\/span>: <span class=\"woocs_amount\">\u20ac 0,00<\/span><\/li><li><span>GBP<\/span>: <span class=\"woocs_amount\">\u00a30,00<\/span><\/li><\/ul><\/div><\/span>\n<\/div>\t\t\t\t\t\t\t<\/div>\n\t\t\t\t\t\t<\/div>\n\t\t\t\t\t\t<\/div>\n\t\t\t\t\t<\/div><div class=\"col\" >\n\t\t\t\t\t\t<div class=\"col-inner\">\n\t\t\t\t\t\t\n<div class=\"badge-container absolute left top z-1\">\n\n<\/div>\n\t\t\t\t\t\t<div class=\"product-small box has-hover box-normal box-text-bottom\">\n\t\t\t\t\t\t\t<div class=\"box-image\" >\n\t\t\t\t\t\t\t\t<div class=\"\" >\n\t\t\t\t\t\t\t\t\t<a href=\"https:\/\/manuelsosa.com\/fr\/cuadros\/mamiferos\/corzo-perfil\/\" aria-label=\"Chevreuil - profil\">\n\t\t\t\t\t\t\t\t\t\t<img loading=\"lazy\" decoding=\"async\" width=\"382\" height=\"488\" src=\"https:\/\/manuelsosa.com\/wp-content\/uploads\/001\/corzo_busto-382x488.jpg\" class=\"attachment-woocommerce_thumbnail size-woocommerce_thumbnail\" alt=\"Chevreuil - profil - t\u00eate et corne\" srcset=\"https:\/\/manuelsosa.com\/wp-content\/uploads\/001\/corzo_busto-382x488.jpg 382w, https:\/\/manuelsosa.com\/wp-content\/uploads\/001\/corzo_busto-768x980.jpg 768w, https:\/\/manuelsosa.com\/wp-content\/uploads\/001\/corzo_busto-486x620.jpg 486w, https:\/\/manuelsosa.com\/wp-content\/uploads\/001\/corzo_busto-783x999.jpg 783w, https:\/\/manuelsosa.com\/wp-content\/uploads\/001\/corzo_busto.jpg 1097w, https:\/\/manuelsosa.com\/wp-content\/uploads\/001\/corzo_busto-9x12.jpg 9w, https:\/\/manuelsosa.com\/wp-content\/uploads\/001\/corzo_busto-64x82.jpg 64w, https:\/\/manuelsosa.com\/wp-content\/uploads\/001\/corzo_busto-243x310.jpg 243w, https:\/\/manuelsosa.com\/wp-content\/uploads\/001\/corzo_busto-16x20.jpg 16w, https:\/\/manuelsosa.com\/wp-content\/uploads\/001\/corzo_busto-33x42.jpg 33w\" sizes=\"auto, (max-width: 382px) 100vw, 382px\" \/>\t\t\t\t\t\t\t\t\t<\/a>\n\t\t\t\t\t\t\t\t\t\t\t\t\t\t\t\t\t\t \t\t\t\t\t\t\t\t<\/div>\n\t\t\t\t\t\t\t\t<div class=\"image-tools top right show-on-hover\">\n\t\t\t\t\t\t\t\t\t\t\t\t\t\t\t\t\t<\/div>\n\t\t\t\t\t\t\t\t\t\t\t\t\t\t\t\t\t<div class=\"image-tools grid-tools text-center hide-for-small bottom hover-slide-in show-on-hover\">\n\t\t\t\t\t\t\t\t\t\t\t\t\t\t\t\t\t\t\t<\/div>\n\t\t\t\t\t\t\t\t\t\t\t\t\t\t\t\t\t\t\t\t\t\t\t<\/div>\n\n\t\t\t\t\t\t\t<div class=\"box-text text-center is-large\" >\n\t\t\t\t\t\t\t\t<div class=\"title-wrapper\"><p class=\"name product-title woocommerce-loop-product__title\"><a href=\"https:\/\/manuelsosa.com\/fr\/cuadros\/mamiferos\/corzo-perfil\/\" class=\"woocommerce-LoopProduct-link woocommerce-loop-product__link\">Chevreuil - profil<\/a><\/p><\/div><div class=\"price-wrapper\">\n\t<span class=\"price\"><span class=\"woocs_price_code\" data-currency=\"\" data-redraw-id=\"69d02115e6cda\"  data-product-id=\"14230\"><span class=\"woocommerce-Price-amount amount\"><bdi>0,00<span class=\"woocommerce-Price-currencySymbol\">&#36;<\/span><\/bdi><\/span><\/span><div class=\"woocs_price_info\"><span class=\"woocs_price_info_icon\"><\/span><ul class='woocs_price_info_list'><li><span>EUR<\/span>: <span class=\"woocs_amount\">\u20ac 0,00<\/span><\/li><li><span>GBP<\/span>: <span class=\"woocs_amount\">\u00a30,00<\/span><\/li><\/ul><\/div><\/span>\n<\/div>\t\t\t\t\t\t\t<\/div>\n\t\t\t\t\t\t<\/div>\n\t\t\t\t\t\t<\/div>\n\t\t\t\t\t<\/div><\/div>\n<p>Peintures d'animaux.Tableaux de chasse. Tableaux de chevreuils.<\/p>","protected":false},"excerpt":{"rendered":"<p>Chevreuil (capreolus capreolus)<\/p>","protected":false},"author":1,"featured_media":10933,"parent":0,"menu_order":0,"comment_status":"closed","ping_status":"closed","template":"","meta":{"_seopress_robots_primary_cat":"","_seopress_titles_title":"%%post_title%%","_seopress_titles_desc":"","_seopress_robots_index":"","footnotes":""},"class_list":["post-14984","page","type-page","status-publish","has-post-thumbnail","hentry","tm-has-options"],"_links":{"self":[{"href":"https:\/\/manuelsosa.com\/fr\/wp-json\/wp\/v2\/pages\/14984","targetHints":{"allow":["GET"]}}],"collection":[{"href":"https:\/\/manuelsosa.com\/fr\/wp-json\/wp\/v2\/pages"}],"about":[{"href":"https:\/\/manuelsosa.com\/fr\/wp-json\/wp\/v2\/types\/page"}],"author":[{"embeddable":true,"href":"https:\/\/manuelsosa.com\/fr\/wp-json\/wp\/v2\/users\/1"}],"replies":[{"embeddable":true,"href":"https:\/\/manuelsosa.com\/fr\/wp-json\/wp\/v2\/comments?post=14984"}],"version-history":[{"count":0,"href":"https:\/\/manuelsosa.com\/fr\/wp-json\/wp\/v2\/pages\/14984\/revisions"}],"wp:featuredmedia":[{"embeddable":true,"href":"https:\/\/manuelsosa.com\/fr\/wp-json\/wp\/v2\/media\/10933"}],"wp:attachment":[{"href":"https:\/\/manuelsosa.com\/fr\/wp-json\/wp\/v2\/media?parent=14984"}],"curies":[{"name":"wp","href":"https:\/\/api.w.org\/{rel}","templated":true}]}}