{"id":18554,"date":"2023-01-19T23:34:26","date_gmt":"2023-01-19T22:34:26","guid":{"rendered":"https:\/\/manuelsosa.com\/?page_id=18554"},"modified":"2024-05-18T17:24:48","modified_gmt":"2024-05-18T15:24:48","slug":"expedition-retours","status":"publish","type":"page","link":"https:\/\/manuelsosa.com\/fr\/envios-y-devoluciones\/","title":{"rendered":"Exp\u00e9dition et retours"},"content":{"rendered":"<h1 style=\"text-align: center;\"><u>Politique d'exp\u00e9dition et de retour<\/u><\/h1>\n<p>&nbsp;<\/p>\n<p>Si vous n'\u00eates pas enti\u00e8rement satisfait de votre achat, nous sommes l\u00e0 pour y rem\u00e9dier.<\/p>\n<p><strong>Retours<\/strong><br \/>\nVous disposez de 30 jours calendaires pour retourner votre achat \u00e0 compter de la date \u00e0 laquelle vous l'avez re\u00e7u.<br \/>\nPour pouvoir \u00eatre retourn\u00e9, l'article doit \u00eatre inutilis\u00e9 et dans le m\u00eame \u00e9tat que celui dans lequel vous l'avez re\u00e7u. Une utilisation mod\u00e9r\u00e9e est compr\u00e9hensible.<br \/>\nL'article doit \u00eatre dans son emballage d'origine, si possible.<\/p>\n<p><strong>Remboursements<\/strong><br \/>\nLorsque nous recevons votre article, nous l'inspectons le jour m\u00eame et vous informons que nous avons re\u00e7u votre article retourn\u00e9. Nous vous informerons imm\u00e9diatement de l'\u00e9tat de votre remboursement apr\u00e8s avoir inspect\u00e9 l'article. Une fois le retour approuv\u00e9, nous \u00e9mettrons un remboursement sur votre carte de cr\u00e9dit (ou sur le syst\u00e8me de paiement d'origine) dans un d\u00e9lai de 2 \u00e0 5 jours, en fonction de la politique de l'\u00e9metteur de votre carte.<\/p>\n<p>Les frais d'exp\u00e9dition ne sont pas remboursables et les frais de retour sont \u00e0 la charge de l'acheteur.<\/p>\n<p><strong>Exp\u00e9ditions et livraisons<\/strong><br \/>\nLes prix d'exp\u00e9dition sont calcul\u00e9s automatiquement via <a href=\"https:\/\/www.packlink.es\/\">Packlink<\/a>, une soci\u00e9t\u00e9 interm\u00e9diaire qui collabore avec les meilleures entreprises de messagerie telles que : Correos Express, GLS, SEUR, Correos. Paclink s'efforce d'obtenir les meilleures offres du march\u00e9 pour une exp\u00e9dition \u00e0 bas prix.<\/p>\n<p>Le paiement peut \u00eatre effectu\u00e9 en choisissant l'option que vous pr\u00e9f\u00e9rez : par virement bancaire, par carte de d\u00e9bit ou de cr\u00e9dit ou par PayPal.<br \/>\nVotre achat est exp\u00e9di\u00e9 le jour m\u00eame de la r\u00e9ception de votre commande, et les d\u00e9lais de livraison seront indiqu\u00e9s dans le transporteur que vous avez choisi, variant de 24 heures pour l'Espagne \u00e0 48 heures ou 72 heures pour les envois internationaux.<\/p>\n<p>Merci d'avoir fait vos achats chez Manuel Sosa - Peinture et Nature.<\/p>","protected":false},"excerpt":{"rendered":"<p>Pol\u00edtica de env\u00edos y devoluciones &nbsp; Si no queda completamente satisfecho con su compra, estamos aqu\u00ed para solucionarlo. Devoluciones Cuenta con 30 d\u00edas naturales para devolver su compra desde la fecha en que lo recibi\u00f3. Para poder realizar una devoluci\u00f3n, el art\u00edculo debe estar sin usar y en las mismas condiciones en las que lo [&#8230;]\n","protected":false},"author":1,"featured_media":0,"parent":0,"menu_order":0,"comment_status":"closed","ping_status":"closed","template":"","meta":{"_seopress_robots_primary_cat":"","_seopress_titles_title":"","_seopress_titles_desc":"","_seopress_robots_index":"yes","footnotes":""},"class_list":["post-18554","page","type-page","status-publish","hentry"],"_links":{"self":[{"href":"https:\/\/manuelsosa.com\/fr\/wp-json\/wp\/v2\/pages\/18554","targetHints":{"allow":["GET"]}}],"collection":[{"href":"https:\/\/manuelsosa.com\/fr\/wp-json\/wp\/v2\/pages"}],"about":[{"href":"https:\/\/manuelsosa.com\/fr\/wp-json\/wp\/v2\/types\/page"}],"author":[{"embeddable":true,"href":"https:\/\/manuelsosa.com\/fr\/wp-json\/wp\/v2\/users\/1"}],"replies":[{"embeddable":true,"href":"https:\/\/manuelsosa.com\/fr\/wp-json\/wp\/v2\/comments?post=18554"}],"version-history":[{"count":0,"href":"https:\/\/manuelsosa.com\/fr\/wp-json\/wp\/v2\/pages\/18554\/revisions"}],"wp:attachment":[{"href":"https:\/\/manuelsosa.com\/fr\/wp-json\/wp\/v2\/media?parent=18554"}],"curies":[{"name":"wp","href":"https:\/\/api.w.org\/{rel}","templated":true}]}}