{"id":14215,"date":"2018-12-09T00:00:00","date_gmt":"2018-12-09T00:00:00","guid":{"rendered":"https:\/\/manuelsosa.com\/cuadros\/sin%20categorizar\/zorzal-charlo\/"},"modified":"2026-01-06T19:34:02","modified_gmt":"2026-01-06T18:34:02","slug":"peinture-a-laquarelle-de-la-grive","status":"publish","type":"product","link":"https:\/\/manuelsosa.com\/fr\/cuadros\/acuarelas\/cuadro-de-zorzal-acuarela\/","title":{"rendered":"Grive \u00e0 t\u00eate blanche"},"content":{"rendered":"<p>Peinture \u00e0 l'aquarelle d'une grive musicienne. Aquarelle et gouache. Manuel Sosa \u00a9 2018<\/p>","protected":false},"excerpt":{"rendered":"<p>Grive \u00e0 t\u00eate blanche (Turdus viscivorus)<\/p>","protected":false},"featured_media":14393,"comment_status":"open","ping_status":"closed","template":"","meta":{"_seopress_robots_primary_cat":"none","_seopress_titles_title":"","_seopress_titles_desc":"","_seopress_robots_index":""},"product_brand":[],"product_cat":[16],"product_tag":[1032,123],"class_list":{"0":"post-14215","1":"product","2":"type-product","3":"status-publish","4":"has-post-thumbnail","6":"product_cat-acuarelas","7":"product_tag-zorzal-charlo-turdus-viscivorus","8":"product_tag-zorzal-comun-turdus-philomelos","9":"tm-has-options","11":"first","12":"instock","13":"purchasable","14":"product-type-simple"},"wpr_featured_image":["https:\/\/manuelsosa.com\/wp-content\/uploads\/001\/zorzal-charlo-382x277.jpg",382,277,true],"gallery_images":[],"_links":{"self":[{"href":"https:\/\/manuelsosa.com\/fr\/wp-json\/wp\/v2\/product\/14215","targetHints":{"allow":["GET"]}}],"collection":[{"href":"https:\/\/manuelsosa.com\/fr\/wp-json\/wp\/v2\/product"}],"about":[{"href":"https:\/\/manuelsosa.com\/fr\/wp-json\/wp\/v2\/types\/product"}],"replies":[{"embeddable":true,"href":"https:\/\/manuelsosa.com\/fr\/wp-json\/wp\/v2\/comments?post=14215"}],"wp:featuredmedia":[{"embeddable":true,"href":"https:\/\/manuelsosa.com\/fr\/wp-json\/wp\/v2\/media\/14393"}],"wp:attachment":[{"href":"https:\/\/manuelsosa.com\/fr\/wp-json\/wp\/v2\/media?parent=14215"}],"wp:term":[{"taxonomy":"product_brand","embeddable":true,"href":"https:\/\/manuelsosa.com\/fr\/wp-json\/wp\/v2\/product_brand?post=14215"},{"taxonomy":"product_cat","embeddable":true,"href":"https:\/\/manuelsosa.com\/fr\/wp-json\/wp\/v2\/product_cat?post=14215"},{"taxonomy":"product_tag","embeddable":true,"href":"https:\/\/manuelsosa.com\/fr\/wp-json\/wp\/v2\/product_tag?post=14215"}],"curies":[{"name":"wp","href":"https:\/\/api.w.org\/{rel}","templated":true}]}}