{"id":168,"date":"2002-11-12T00:00:00","date_gmt":"2002-11-12T00:00:00","guid":{"rendered":"https:\/\/manuelsosa.com\/cuadros\/sin%20categorizar\/barbas-de-cabra\/"},"modified":"2025-05-24T20:20:14","modified_gmt":"2025-05-24T18:20:14","slug":"cheveche-dathena-parmi-les-lichens","status":"publish","type":"product","link":"https:\/\/manuelsosa.com\/fr\/cuadros\/aves-pajaros\/barbas-de-cabra\/","title":{"rendered":"chouette - Barbes de ch\u00e8vre"},"content":{"rendered":"<p>Une Chev\u00eache d'Ath\u00e9na sans sommeil envelopp\u00e9e dans le brouillard matinal. Les lichens qui peuplent les branches sont appel\u00e9s \u00ab barbes de ch\u00e8vre \u00bb. Huile \u00e0 bord. Manuel Sosa \u00a9 2002<\/p>","protected":false},"excerpt":{"rendered":"<p>Chev\u00eache d'Ath\u00e9na (Athene noctua)<\/p>","protected":false},"featured_media":10877,"comment_status":"open","ping_status":"closed","template":"","meta":{"_seopress_robots_primary_cat":"","_seopress_titles_title":"","_seopress_titles_desc":"","_seopress_robots_index":""},"product_brand":[],"product_cat":[9],"product_tag":[93],"class_list":{"0":"post-168","1":"product","2":"type-product","3":"status-publish","4":"has-post-thumbnail","6":"product_cat-aves-pajaros","7":"product_tag-mochuelo-europeo-athene-noctua","8":"tm-has-options","10":"first","11":"instock","12":"purchasable","13":"product-type-simple"},"wpr_featured_image":["https:\/\/manuelsosa.com\/wp-content\/uploads\/001\/mochuelo_niebla-382x252.jpg",382,252,true],"gallery_images":[],"_links":{"self":[{"href":"https:\/\/manuelsosa.com\/fr\/wp-json\/wp\/v2\/product\/168","targetHints":{"allow":["GET"]}}],"collection":[{"href":"https:\/\/manuelsosa.com\/fr\/wp-json\/wp\/v2\/product"}],"about":[{"href":"https:\/\/manuelsosa.com\/fr\/wp-json\/wp\/v2\/types\/product"}],"replies":[{"embeddable":true,"href":"https:\/\/manuelsosa.com\/fr\/wp-json\/wp\/v2\/comments?post=168"}],"wp:featuredmedia":[{"embeddable":true,"href":"https:\/\/manuelsosa.com\/fr\/wp-json\/wp\/v2\/media\/10877"}],"wp:attachment":[{"href":"https:\/\/manuelsosa.com\/fr\/wp-json\/wp\/v2\/media?parent=168"}],"wp:term":[{"taxonomy":"product_brand","embeddable":true,"href":"https:\/\/manuelsosa.com\/fr\/wp-json\/wp\/v2\/product_brand?post=168"},{"taxonomy":"product_cat","embeddable":true,"href":"https:\/\/manuelsosa.com\/fr\/wp-json\/wp\/v2\/product_cat?post=168"},{"taxonomy":"product_tag","embeddable":true,"href":"https:\/\/manuelsosa.com\/fr\/wp-json\/wp\/v2\/product_tag?post=168"}],"curies":[{"name":"wp","href":"https:\/\/api.w.org\/{rel}","templated":true}]}}