{"id":24966,"date":"2024-02-23T23:52:34","date_gmt":"2024-02-23T22:52:34","guid":{"rendered":"https:\/\/manuelsosa.com\/?post_type=product&#038;p=24966"},"modified":"2025-05-24T20:21:49","modified_gmt":"2025-05-24T18:21:49","slug":"grebe-a-cou-noir","status":"publish","type":"product","link":"https:\/\/manuelsosa.com\/fr\/cuadros\/acuarelas\/zampullin_cuellinegro\/","title":{"rendered":"Gr\u00e8be \u00e0 cou noir"},"content":{"rendered":"<p>Aquarelle d'un gr\u00e8be \u00e0 cou noir \u00a9 Manuel Sosa 2005<\/p>","protected":false},"excerpt":{"rendered":"<p>Gr\u00e8be \u00e0 cou noir (Podiceps nigricollis)<\/p>","protected":false},"featured_media":10755,"comment_status":"open","ping_status":"closed","template":"","meta":{"_seopress_robots_primary_cat":"none","_seopress_titles_title":"","_seopress_titles_desc":"","_seopress_robots_index":""},"product_brand":[],"product_cat":[16],"product_tag":[110],"class_list":{"0":"post-24966","1":"product","2":"type-product","3":"status-publish","4":"has-post-thumbnail","6":"product_cat-acuarelas","7":"product_tag-zampullin-cuellinegro-podiceps-nigricollis","8":"tm-has-options","10":"first","11":"instock","12":"purchasable","13":"product-type-simple"},"wpr_featured_image":["https:\/\/manuelsosa.com\/wp-content\/uploads\/001\/zampullin_cuellinegro-382x255.jpg",382,255,true],"gallery_images":[],"_links":{"self":[{"href":"https:\/\/manuelsosa.com\/fr\/wp-json\/wp\/v2\/product\/24966","targetHints":{"allow":["GET"]}}],"collection":[{"href":"https:\/\/manuelsosa.com\/fr\/wp-json\/wp\/v2\/product"}],"about":[{"href":"https:\/\/manuelsosa.com\/fr\/wp-json\/wp\/v2\/types\/product"}],"replies":[{"embeddable":true,"href":"https:\/\/manuelsosa.com\/fr\/wp-json\/wp\/v2\/comments?post=24966"}],"wp:featuredmedia":[{"embeddable":true,"href":"https:\/\/manuelsosa.com\/fr\/wp-json\/wp\/v2\/media\/10755"}],"wp:attachment":[{"href":"https:\/\/manuelsosa.com\/fr\/wp-json\/wp\/v2\/media?parent=24966"}],"wp:term":[{"taxonomy":"product_brand","embeddable":true,"href":"https:\/\/manuelsosa.com\/fr\/wp-json\/wp\/v2\/product_brand?post=24966"},{"taxonomy":"product_cat","embeddable":true,"href":"https:\/\/manuelsosa.com\/fr\/wp-json\/wp\/v2\/product_cat?post=24966"},{"taxonomy":"product_tag","embeddable":true,"href":"https:\/\/manuelsosa.com\/fr\/wp-json\/wp\/v2\/product_tag?post=24966"}],"curies":[{"name":"wp","href":"https:\/\/api.w.org\/{rel}","templated":true}]}}