{"id":14981,"date":"2019-10-04T14:54:54","date_gmt":"2019-10-04T14:54:54","guid":{"rendered":"https:\/\/manuelsosa.com\/?page_id=14981"},"modified":"2025-03-07T21:54:41","modified_gmt":"2025-03-07T20:54:41","slug":"quadros-galinhola","status":"publish","type":"page","link":"https:\/\/manuelsosa.com\/pt\/pinturas-cuadros-becadas\/","title":{"rendered":"Pinturas de galinhola. Gravuras e pinturas a \u00f3leo de Chocha Perdiz"},"content":{"rendered":"<div class=\"container section-title-container\" ><h3 class=\"section-title section-title-center\"><b aria-hidden=\"true\"><\/b><span class=\"section-title-main\" >Quadros e pinturas a \u00f3leo de Becadas<\/span><b aria-hidden=\"true\"><\/b><\/h3><\/div>\n<p>Uma sele\u00e7\u00e3o de pinturas de galinhola do pintor Manuel Sosa que podem ser compradas como impress\u00f5es ou litografias em qualquer tamanho. Cinco quadros de galinhola (Scolopax rusticola). Alguns dos quadros originais a \u00f3leo e pinturas de galinhola est\u00e3o dispon\u00edveis para venda. Quadros impressos em tela. Impress\u00f5es de arte para quadros.<\/p>\n\t\n  \n    <div id=\"product-grid-1604739277\" class=\"row large-columns-2 medium-columns- small-columns- row-small row-masonry\" data-packery-options='{\"itemSelector\": \".col\", \"gutter\": 0, \"presentageWidth\" : true}'>\n\n  \n\t     <div class=\"col\" >\n\t\t\t\t\t\t<div class=\"col-inner\">\n\t\t\t\t\t\t\n<div class=\"badge-container absolute left top z-1\">\n\n<\/div>\n\t\t\t\t\t\t<div class=\"product-small box has-hover box-normal box-text-bottom\">\n\t\t\t\t\t\t\t<div class=\"box-image\" >\n\t\t\t\t\t\t\t\t<div class=\"\" >\n\t\t\t\t\t\t\t\t\t<a href=\"https:\/\/manuelsosa.com\/pt\/cuadros\/aves-pajaros\/cuadros-de-becada-entre-hojarasca\/\" aria-label=\"Galinhola na folhagem\">\n\t\t\t\t\t\t\t\t\t\t<img loading=\"lazy\" decoding=\"async\" width=\"382\" height=\"321\" src=\"https:\/\/manuelsosa.com\/wp-content\/uploads\/001\/becada_entre_hojarasca-1-382x321.jpg\" class=\"attachment-woocommerce_thumbnail size-woocommerce_thumbnail\" alt=\"Pintura de galinhola entre serapilheira\" srcset=\"https:\/\/manuelsosa.com\/wp-content\/uploads\/001\/becada_entre_hojarasca-1-382x321.jpg 382w, https:\/\/manuelsosa.com\/wp-content\/uploads\/001\/becada_entre_hojarasca-1-486x408.jpg 486w, https:\/\/manuelsosa.com\/wp-content\/uploads\/001\/becada_entre_hojarasca-1-783x657.jpg 783w, https:\/\/manuelsosa.com\/wp-content\/uploads\/001\/becada_entre_hojarasca-1-768x645.jpg 768w, https:\/\/manuelsosa.com\/wp-content\/uploads\/001\/becada_entre_hojarasca-1-1536x1289.jpg 1536w, https:\/\/manuelsosa.com\/wp-content\/uploads\/001\/becada_entre_hojarasca-1-14x12.jpg 14w, https:\/\/manuelsosa.com\/wp-content\/uploads\/001\/becada_entre_hojarasca-1-64x54.jpg 64w, https:\/\/manuelsosa.com\/wp-content\/uploads\/001\/becada_entre_hojarasca-1.jpg 1800w\" sizes=\"auto, (max-width: 382px) 100vw, 382px\" \/>\t\t\t\t\t\t\t\t\t<\/a>\n\t\t\t\t\t\t\t\t\t\t\t\t\t\t\t\t\t\t \t\t\t\t\t\t\t\t<\/div>\n\t\t\t\t\t\t\t\t<div class=\"image-tools top right show-on-hover\">\n\t\t\t\t\t\t\t\t\t\t\t\t\t\t\t\t\t<\/div>\n\t\t\t\t\t\t\t\t\t\t\t\t\t\t\t\t\t<div class=\"image-tools grid-tools text-center hide-for-small bottom hover-slide-in show-on-hover\">\n\t\t\t\t\t\t\t\t\t\t\t\t\t\t\t\t\t\t\t<\/div>\n\t\t\t\t\t\t\t\t\t\t\t\t\t\t\t\t\t\t\t\t\t\t\t<\/div>\n\n\t\t\t\t\t\t\t<div class=\"box-text text-center\" >\n\t\t\t\t\t\t\t\t<div class=\"title-wrapper\"><p class=\"name product-title woocommerce-loop-product__title\"><a href=\"https:\/\/manuelsosa.com\/pt\/cuadros\/aves-pajaros\/cuadros-de-becada-entre-hojarasca\/\" class=\"woocommerce-LoopProduct-link woocommerce-loop-product__link\">Galinhola na folhagem<\/a><\/p><\/div><div class=\"price-wrapper\">\n\t<span class=\"price\"><span class=\"woocs_price_code\" data-currency=\"\" data-redraw-id=\"69d153f42e85f\"  data-product-id=\"13199\"><span class=\"woocommerce-Price-amount amount\"><bdi>0,00<span class=\"woocommerce-Price-currencySymbol\">&#36;<\/span><\/bdi><\/span><\/span><div class=\"woocs_price_info\"><span class=\"woocs_price_info_icon\"><\/span><ul class='woocs_price_info_list'><li><span>EUR<\/span>: <span class=\"woocs_amount\">\u20ac 0,00<\/span><\/li><li><span>GBP<\/span>: <span class=\"woocs_amount\">\u00a30,00<\/span><\/li><\/ul><\/div><\/span>\n<\/div>\t\t\t\t\t\t\t<\/div>\n\t\t\t\t\t\t<\/div>\n\t\t\t\t\t\t<\/div>\n\t\t\t\t\t<\/div><div class=\"col\" >\n\t\t\t\t\t\t<div class=\"col-inner\">\n\t\t\t\t\t\t\n<div class=\"badge-container absolute left top z-1\">\n\n<\/div>\n\t\t\t\t\t\t<div class=\"product-small box has-hover box-normal box-text-bottom\">\n\t\t\t\t\t\t\t<div class=\"box-image\" >\n\t\t\t\t\t\t\t\t<div class=\"\" >\n\t\t\t\t\t\t\t\t\t<a href=\"https:\/\/manuelsosa.com\/pt\/cuadros\/aves-pajaros\/cuadros-de-becadas-en-la-nieve\/\" aria-label=\"Galinhola na neve\">\n\t\t\t\t\t\t\t\t\t\t<img loading=\"lazy\" decoding=\"async\" width=\"382\" height=\"286\" src=\"https:\/\/manuelsosa.com\/wp-content\/uploads\/001\/becadas-1-382x286.jpg\" class=\"attachment-woocommerce_thumbnail size-woocommerce_thumbnail\" alt=\"Duas galinholas na neve\" srcset=\"https:\/\/manuelsosa.com\/wp-content\/uploads\/001\/becadas-1-382x286.jpg 382w, https:\/\/manuelsosa.com\/wp-content\/uploads\/001\/becadas-1-768x575.jpg 768w, https:\/\/manuelsosa.com\/wp-content\/uploads\/001\/becadas-1-486x364.jpg 486w, https:\/\/manuelsosa.com\/wp-content\/uploads\/001\/becadas-1-783x587.jpg 783w, https:\/\/manuelsosa.com\/wp-content\/uploads\/001\/becadas-1-1536x1151.jpg 1536w, https:\/\/manuelsosa.com\/wp-content\/uploads\/001\/becadas-1-16x12.jpg 16w, https:\/\/manuelsosa.com\/wp-content\/uploads\/001\/becadas-1-64x48.jpg 64w, https:\/\/manuelsosa.com\/wp-content\/uploads\/001\/becadas-1-243x182.jpg 243w, https:\/\/manuelsosa.com\/wp-content\/uploads\/001\/becadas-1-20x15.jpg 20w, https:\/\/manuelsosa.com\/wp-content\/uploads\/001\/becadas-1-33x25.jpg 33w, https:\/\/manuelsosa.com\/wp-content\/uploads\/001\/becadas-1.jpg 1799w\" sizes=\"auto, (max-width: 382px) 100vw, 382px\" \/>\t\t\t\t\t\t\t\t\t<\/a>\n\t\t\t\t\t\t\t\t\t\t\t\t\t\t\t\t\t\t \t\t\t\t\t\t\t\t<\/div>\n\t\t\t\t\t\t\t\t<div class=\"image-tools top right show-on-hover\">\n\t\t\t\t\t\t\t\t\t\t\t\t\t\t\t\t\t<\/div>\n\t\t\t\t\t\t\t\t\t\t\t\t\t\t\t\t\t<div class=\"image-tools grid-tools text-center hide-for-small bottom hover-slide-in show-on-hover\">\n\t\t\t\t\t\t\t\t\t\t\t\t\t\t\t\t\t\t\t<\/div>\n\t\t\t\t\t\t\t\t\t\t\t\t\t\t\t\t\t\t\t\t\t\t\t<\/div>\n\n\t\t\t\t\t\t\t<div class=\"box-text text-center\" >\n\t\t\t\t\t\t\t\t<div class=\"title-wrapper\"><p class=\"name product-title woocommerce-loop-product__title\"><a href=\"https:\/\/manuelsosa.com\/pt\/cuadros\/aves-pajaros\/cuadros-de-becadas-en-la-nieve\/\" class=\"woocommerce-LoopProduct-link woocommerce-loop-product__link\">Galinhola na neve<\/a><\/p><\/div><div class=\"price-wrapper\">\n\t<span class=\"price\"><span class=\"woocs_price_code\" data-currency=\"\" data-redraw-id=\"69d153f430e7a\"  data-product-id=\"13481\"><span class=\"woocommerce-Price-amount amount\"><bdi>0,00<span class=\"woocommerce-Price-currencySymbol\">&#36;<\/span><\/bdi><\/span><\/span><div class=\"woocs_price_info\"><span class=\"woocs_price_info_icon\"><\/span><ul class='woocs_price_info_list'><li><span>EUR<\/span>: <span class=\"woocs_amount\">\u20ac 0,00<\/span><\/li><li><span>GBP<\/span>: <span class=\"woocs_amount\">\u00a30,00<\/span><\/li><\/ul><\/div><\/span>\n<\/div>\t\t\t\t\t\t\t<\/div>\n\t\t\t\t\t\t<\/div>\n\t\t\t\t\t\t<\/div>\n\t\t\t\t\t<\/div><div class=\"col\" >\n\t\t\t\t\t\t<div class=\"col-inner\">\n\t\t\t\t\t\t\n<div class=\"badge-container absolute left top z-1\">\n\n<\/div>\n\t\t\t\t\t\t<div class=\"product-small box has-hover box-normal box-text-bottom\">\n\t\t\t\t\t\t\t<div class=\"box-image\" >\n\t\t\t\t\t\t\t\t<div class=\"\" >\n\t\t\t\t\t\t\t\t\t<a href=\"https:\/\/manuelsosa.com\/pt\/cuadros\/aves-pajaros\/becada-entre-enebros\/\" aria-label=\"Galinhola entre zimbros\">\n\t\t\t\t\t\t\t\t\t\t<img loading=\"lazy\" decoding=\"async\" width=\"382\" height=\"279\" src=\"https:\/\/manuelsosa.com\/wp-content\/uploads\/001\/becada_entre_enebros-382x279.jpg\" class=\"attachment-woocommerce_thumbnail size-woocommerce_thumbnail\" alt=\"Galinhola entre zimbros - Galinhola - pinturas\" srcset=\"https:\/\/manuelsosa.com\/wp-content\/uploads\/001\/becada_entre_enebros-382x279.jpg 382w, https:\/\/manuelsosa.com\/wp-content\/uploads\/001\/becada_entre_enebros-486x355.jpg 486w, https:\/\/manuelsosa.com\/wp-content\/uploads\/001\/becada_entre_enebros-768x561.jpg 768w, https:\/\/manuelsosa.com\/wp-content\/uploads\/001\/becada_entre_enebros-783x572.jpg 783w, https:\/\/manuelsosa.com\/wp-content\/uploads\/001\/becada_entre_enebros-1536x1123.jpg 1536w, https:\/\/manuelsosa.com\/wp-content\/uploads\/001\/becada_entre_enebros-16x12.jpg 16w, https:\/\/manuelsosa.com\/wp-content\/uploads\/001\/becada_entre_enebros-64x47.jpg 64w, https:\/\/manuelsosa.com\/wp-content\/uploads\/001\/becada_entre_enebros.jpg 1800w\" sizes=\"auto, (max-width: 382px) 100vw, 382px\" \/>\t\t\t\t\t\t\t\t\t<\/a>\n\t\t\t\t\t\t\t\t\t\t\t\t\t\t\t\t\t\t \t\t\t\t\t\t\t\t<\/div>\n\t\t\t\t\t\t\t\t<div class=\"image-tools top right show-on-hover\">\n\t\t\t\t\t\t\t\t\t\t\t\t\t\t\t\t\t<\/div>\n\t\t\t\t\t\t\t\t\t\t\t\t\t\t\t\t\t<div class=\"image-tools grid-tools text-center hide-for-small bottom hover-slide-in show-on-hover\">\n\t\t\t\t\t\t\t\t\t\t\t\t\t\t\t\t\t\t\t<\/div>\n\t\t\t\t\t\t\t\t\t\t\t\t\t\t\t\t\t\t\t\t\t\t\t<\/div>\n\n\t\t\t\t\t\t\t<div class=\"box-text text-center\" >\n\t\t\t\t\t\t\t\t<div class=\"title-wrapper\"><p class=\"name product-title woocommerce-loop-product__title\"><a href=\"https:\/\/manuelsosa.com\/pt\/cuadros\/aves-pajaros\/becada-entre-enebros\/\" class=\"woocommerce-LoopProduct-link woocommerce-loop-product__link\">Galinhola entre zimbros<\/a><\/p><\/div><div class=\"price-wrapper\">\n\t<span class=\"price\"><span class=\"woocs_price_code\" data-currency=\"\" data-redraw-id=\"69d153f433067\"  data-product-id=\"12971\"><span class=\"woocommerce-Price-amount amount\"><bdi>0,00<span class=\"woocommerce-Price-currencySymbol\">&#36;<\/span><\/bdi><\/span><\/span><div class=\"woocs_price_info\"><span class=\"woocs_price_info_icon\"><\/span><ul class='woocs_price_info_list'><li><span>EUR<\/span>: <span class=\"woocs_amount\">\u20ac 0,00<\/span><\/li><li><span>GBP<\/span>: <span class=\"woocs_amount\">\u00a30,00<\/span><\/li><\/ul><\/div><\/span>\n<\/div>\t\t\t\t\t\t\t<\/div>\n\t\t\t\t\t\t<\/div>\n\t\t\t\t\t\t<\/div>\n\t\t\t\t\t<\/div><div class=\"col\" >\n\t\t\t\t\t\t<div class=\"col-inner\">\n\t\t\t\t\t\t\n<div class=\"badge-container absolute left top z-1\">\n\n<\/div>\n\t\t\t\t\t\t<div class=\"product-small box has-hover box-normal box-text-bottom\">\n\t\t\t\t\t\t\t<div class=\"box-image\" >\n\t\t\t\t\t\t\t\t<div class=\"\" >\n\t\t\t\t\t\t\t\t\t<a href=\"https:\/\/manuelsosa.com\/pt\/cuadros\/aves-pajaros\/becada-chocha-perdiz\/\" aria-label=\"Galinhola - Galinhola\">\n\t\t\t\t\t\t\t\t\t\t<img loading=\"lazy\" decoding=\"async\" width=\"382\" height=\"286\" src=\"https:\/\/manuelsosa.com\/wp-content\/uploads\/001\/becada-ceramica-382x286.jpg\" class=\"attachment-woocommerce_thumbnail size-woocommerce_thumbnail\" alt=\"Galinhola - Galinhola - Quadrados\" srcset=\"https:\/\/manuelsosa.com\/wp-content\/uploads\/001\/becada-ceramica-382x286.jpg 382w, https:\/\/manuelsosa.com\/wp-content\/uploads\/001\/becada-ceramica-486x364.jpg 486w, https:\/\/manuelsosa.com\/wp-content\/uploads\/001\/becada-ceramica-768x575.jpg 768w, https:\/\/manuelsosa.com\/wp-content\/uploads\/001\/becada-ceramica-783x586.jpg 783w, https:\/\/manuelsosa.com\/wp-content\/uploads\/001\/becada-ceramica.jpg 1400w, https:\/\/manuelsosa.com\/wp-content\/uploads\/001\/becada-ceramica-16x12.jpg 16w, https:\/\/manuelsosa.com\/wp-content\/uploads\/001\/becada-ceramica-64x48.jpg 64w, https:\/\/manuelsosa.com\/wp-content\/uploads\/001\/becada-ceramica-243x182.jpg 243w, https:\/\/manuelsosa.com\/wp-content\/uploads\/001\/becada-ceramica-20x15.jpg 20w, https:\/\/manuelsosa.com\/wp-content\/uploads\/001\/becada-ceramica-33x25.jpg 33w\" sizes=\"auto, (max-width: 382px) 100vw, 382px\" \/>\t\t\t\t\t\t\t\t\t<\/a>\n\t\t\t\t\t\t\t\t\t\t\t\t\t\t\t\t\t\t \t\t\t\t\t\t\t\t<\/div>\n\t\t\t\t\t\t\t\t<div class=\"image-tools top right show-on-hover\">\n\t\t\t\t\t\t\t\t\t\t\t\t\t\t\t\t\t<\/div>\n\t\t\t\t\t\t\t\t\t\t\t\t\t\t\t\t\t<div class=\"image-tools grid-tools text-center hide-for-small bottom hover-slide-in show-on-hover\">\n\t\t\t\t\t\t\t\t\t\t\t\t\t\t\t\t\t\t\t<\/div>\n\t\t\t\t\t\t\t\t\t\t\t\t\t\t\t\t\t\t\t\t\t\t\t<\/div>\n\n\t\t\t\t\t\t\t<div class=\"box-text text-center\" >\n\t\t\t\t\t\t\t\t<div class=\"title-wrapper\"><p class=\"name product-title woocommerce-loop-product__title\"><a href=\"https:\/\/manuelsosa.com\/pt\/cuadros\/aves-pajaros\/becada-chocha-perdiz\/\" class=\"woocommerce-LoopProduct-link woocommerce-loop-product__link\">Galinhola - Galinhola<\/a><\/p><\/div><div class=\"price-wrapper\">\n\t<span class=\"price\"><span class=\"woocs_price_code\" data-currency=\"\" data-redraw-id=\"69d153f4358ff\"  data-product-id=\"14236\"><span class=\"woocommerce-Price-amount amount\"><bdi>0,00<span class=\"woocommerce-Price-currencySymbol\">&#36;<\/span><\/bdi><\/span><\/span><div class=\"woocs_price_info\"><span class=\"woocs_price_info_icon\"><\/span><ul class='woocs_price_info_list'><li><span>EUR<\/span>: <span class=\"woocs_amount\">\u20ac 0,00<\/span><\/li><li><span>GBP<\/span>: <span class=\"woocs_amount\">\u00a30,00<\/span><\/li><\/ul><\/div><\/span>\n<\/div>\t\t\t\t\t\t\t<\/div>\n\t\t\t\t\t\t<\/div>\n\t\t\t\t\t\t<\/div>\n\t\t\t\t\t<\/div><div class=\"col\" >\n\t\t\t\t\t\t<div class=\"col-inner\">\n\t\t\t\t\t\t\n<div class=\"badge-container absolute left top z-1\">\n\n<\/div>\n\t\t\t\t\t\t<div class=\"product-small box has-hover box-normal box-text-bottom\">\n\t\t\t\t\t\t\t<div class=\"box-image\" >\n\t\t\t\t\t\t\t\t<div class=\"\" >\n\t\t\t\t\t\t\t\t\t<a href=\"https:\/\/manuelsosa.com\/pt\/cuadros\/aves-pajaros\/chocha\/\" aria-label=\"Chocha\">\n\t\t\t\t\t\t\t\t\t\t<img loading=\"lazy\" decoding=\"async\" width=\"382\" height=\"291\" src=\"https:\/\/manuelsosa.com\/wp-content\/uploads\/001\/chocha-382x291.jpg\" class=\"attachment-woocommerce_thumbnail size-woocommerce_thumbnail\" alt=\"Galinhola na folhagem - foto\" srcset=\"https:\/\/manuelsosa.com\/wp-content\/uploads\/001\/chocha-382x291.jpg 382w, https:\/\/manuelsosa.com\/wp-content\/uploads\/001\/chocha-486x370.jpg 486w, https:\/\/manuelsosa.com\/wp-content\/uploads\/001\/chocha-16x12.jpg 16w, https:\/\/manuelsosa.com\/wp-content\/uploads\/001\/chocha-64x49.jpg 64w, https:\/\/manuelsosa.com\/wp-content\/uploads\/001\/chocha.jpg 600w\" sizes=\"auto, (max-width: 382px) 100vw, 382px\" \/>\t\t\t\t\t\t\t\t\t<\/a>\n\t\t\t\t\t\t\t\t\t\t\t\t\t\t\t\t\t\t \t\t\t\t\t\t\t\t<\/div>\n\t\t\t\t\t\t\t\t<div class=\"image-tools top right show-on-hover\">\n\t\t\t\t\t\t\t\t\t\t\t\t\t\t\t\t\t<\/div>\n\t\t\t\t\t\t\t\t\t\t\t\t\t\t\t\t\t<div class=\"image-tools grid-tools text-center hide-for-small bottom hover-slide-in show-on-hover\">\n\t\t\t\t\t\t\t\t\t\t\t\t\t\t\t\t\t\t\t<\/div>\n\t\t\t\t\t\t\t\t\t\t\t\t\t\t\t\t\t\t\t\t\t\t\t<\/div>\n\n\t\t\t\t\t\t\t<div class=\"box-text text-center\" >\n\t\t\t\t\t\t\t\t<div class=\"title-wrapper\"><p class=\"name product-title woocommerce-loop-product__title\"><a href=\"https:\/\/manuelsosa.com\/pt\/cuadros\/aves-pajaros\/chocha\/\" class=\"woocommerce-LoopProduct-link woocommerce-loop-product__link\">Chocha<\/a><\/p><\/div><div class=\"price-wrapper\">\n\t<span class=\"price\"><span class=\"woocs_price_code\" data-currency=\"\" data-redraw-id=\"69d153f437fd5\"  data-product-id=\"96\"><span class=\"woocommerce-Price-amount amount\"><bdi>0,00<span class=\"woocommerce-Price-currencySymbol\">&#36;<\/span><\/bdi><\/span><\/span><div class=\"woocs_price_info\"><span class=\"woocs_price_info_icon\"><\/span><ul class='woocs_price_info_list'><li><span>EUR<\/span>: <span class=\"woocs_amount\">\u20ac 0,00<\/span><\/li><li><span>GBP<\/span>: <span class=\"woocs_amount\">\u00a30,00<\/span><\/li><\/ul><\/div><\/span>\n<\/div>\t\t\t\t\t\t\t<\/div>\n\t\t\t\t\t\t<\/div>\n\t\t\t\t\t\t<\/div>\n\t\t\t\t\t<\/div><\/div>\n<p>Deseja comprar quadros de perdizes? Clique neste link: L<a href=\"https:\/\/manuelsosa.com\/pt\/perdiz-vermelha-imagens-de-perdizes\/\">uma perdiz vermelha. Quadros e pinturas a \u00f3leo<\/a>. Cartazes de bolseiros. Cartazes de galinholas. Quadros de ca\u00e7a. Quadros de animais. Quadros de aves. Quadros de ca\u00e7a. Quadros de aves. Pinturas de aves. <a href=\"https:\/\/manuelsosa.com\/pt\/pinturas-imagens-da-natureza\/\">Pinturas de natureza<\/a><\/p>","protected":false},"excerpt":{"rendered":"<p>Galinhola, Galinhola<\/p>","protected":false},"author":1,"featured_media":10745,"parent":0,"menu_order":0,"comment_status":"closed","ping_status":"closed","template":"","meta":{"_seopress_robots_primary_cat":"","_seopress_titles_title":"%%post_title%%","_seopress_titles_desc":"","_seopress_robots_index":"","footnotes":""},"class_list":["post-14981","page","type-page","status-publish","has-post-thumbnail","hentry","tm-has-options"],"_links":{"self":[{"href":"https:\/\/manuelsosa.com\/pt\/wp-json\/wp\/v2\/pages\/14981","targetHints":{"allow":["GET"]}}],"collection":[{"href":"https:\/\/manuelsosa.com\/pt\/wp-json\/wp\/v2\/pages"}],"about":[{"href":"https:\/\/manuelsosa.com\/pt\/wp-json\/wp\/v2\/types\/page"}],"author":[{"embeddable":true,"href":"https:\/\/manuelsosa.com\/pt\/wp-json\/wp\/v2\/users\/1"}],"replies":[{"embeddable":true,"href":"https:\/\/manuelsosa.com\/pt\/wp-json\/wp\/v2\/comments?post=14981"}],"version-history":[{"count":0,"href":"https:\/\/manuelsosa.com\/pt\/wp-json\/wp\/v2\/pages\/14981\/revisions"}],"wp:featuredmedia":[{"embeddable":true,"href":"https:\/\/manuelsosa.com\/pt\/wp-json\/wp\/v2\/media\/10745"}],"wp:attachment":[{"href":"https:\/\/manuelsosa.com\/pt\/wp-json\/wp\/v2\/media?parent=14981"}],"curies":[{"name":"wp","href":"https:\/\/api.w.org\/{rel}","templated":true}]}}