{"id":14996,"date":"2019-10-05T15:01:06","date_gmt":"2019-10-05T15:01:06","guid":{"rendered":"https:\/\/manuelsosa.com\/?page_id=14996"},"modified":"2025-03-07T21:48:30","modified_gmt":"2025-03-07T20:48:30","slug":"pinturas-de-ursos","status":"publish","type":"page","link":"https:\/\/manuelsosa.com\/pt\/pinturas-de-osos\/","title":{"rendered":"Pinturas de ursos. Impress\u00f5es e pinturas de ursos"},"content":{"rendered":"<div class=\"container section-title-container\" ><h3 class=\"section-title section-title-center\"><b aria-hidden=\"true\"><\/b><span class=\"section-title-main\" >Imagens, gravuras, pinturas e \u00f3leos de Ursos<\/span><b aria-hidden=\"true\"><\/b><\/h3><\/div>\n<p>V\u00e1rios quadros de Ursos do pintor Manuel Sosa que podem ser adquiridos como impress\u00f5es ou litografias em qualquer tamanho. Tr\u00eas quadros de Ursos (Ursus arctos). Alguns dos quadros originais a \u00f3leo e pinturas de Ursos est\u00e3o dispon\u00edveis para venda.<\/p>\n\t\n  \n    <div id=\"product-grid-800723272\" class=\"row large-columns-2 medium-columns- small-columns- row-small row-masonry\" data-packery-options='{\"itemSelector\": \".col\", \"gutter\": 0, \"presentageWidth\" : true}'>\n\n  \n\t     <div class=\"col\" >\n\t\t\t\t\t\t<div class=\"col-inner\">\n\t\t\t\t\t\t\n<div class=\"badge-container absolute left top z-1\">\n\n<\/div>\n\t\t\t\t\t\t<div class=\"product-small box has-hover box-normal box-text-bottom\">\n\t\t\t\t\t\t\t<div class=\"box-image\" >\n\t\t\t\t\t\t\t\t<div class=\"\" >\n\t\t\t\t\t\t\t\t\t<a href=\"https:\/\/manuelsosa.com\/pt\/cuadros\/mamiferos\/oso-pardo-cruzando-el-rio-saja\/\" aria-label=\"Urso pardo - Travessia do rio Saja\">\n\t\t\t\t\t\t\t\t\t\t<img loading=\"lazy\" decoding=\"async\" width=\"382\" height=\"244\" src=\"https:\/\/manuelsosa.com\/wp-content\/uploads\/001\/oso_pardo_rio-382x244.jpg\" class=\"attachment-woocommerce_thumbnail size-woocommerce_thumbnail\" alt=\"Um urso castanho e a sua cria a atravessar o rio Saja\" srcset=\"https:\/\/manuelsosa.com\/wp-content\/uploads\/001\/oso_pardo_rio-382x244.jpg 382w, https:\/\/manuelsosa.com\/wp-content\/uploads\/001\/oso_pardo_rio-486x310.jpg 486w, https:\/\/manuelsosa.com\/wp-content\/uploads\/001\/oso_pardo_rio-783x500.jpg 783w, https:\/\/manuelsosa.com\/wp-content\/uploads\/001\/oso_pardo_rio-768x490.jpg 768w, https:\/\/manuelsosa.com\/wp-content\/uploads\/001\/oso_pardo_rio-1536x981.jpg 1536w, https:\/\/manuelsosa.com\/wp-content\/uploads\/001\/oso_pardo_rio-18x12.jpg 18w, https:\/\/manuelsosa.com\/wp-content\/uploads\/001\/oso_pardo_rio-64x41.jpg 64w, https:\/\/manuelsosa.com\/wp-content\/uploads\/001\/oso_pardo_rio.jpg 2000w\" sizes=\"auto, (max-width: 382px) 100vw, 382px\" \/>\t\t\t\t\t\t\t\t\t<\/a>\n\t\t\t\t\t\t\t\t\t\t\t\t\t\t\t\t\t\t \t\t\t\t\t\t\t\t<\/div>\n\t\t\t\t\t\t\t\t<div class=\"image-tools top right show-on-hover\">\n\t\t\t\t\t\t\t\t\t\t\t\t\t\t\t\t\t<\/div>\n\t\t\t\t\t\t\t\t\t\t\t\t\t\t\t\t\t<div class=\"image-tools grid-tools text-center hide-for-small bottom hover-slide-in show-on-hover\">\n\t\t\t\t\t\t\t\t\t\t\t\t\t\t\t\t\t\t\t<\/div>\n\t\t\t\t\t\t\t\t\t\t\t\t\t\t\t\t\t\t\t\t\t\t\t<\/div>\n\n\t\t\t\t\t\t\t<div class=\"box-text text-center is-large\" >\n\t\t\t\t\t\t\t\t<div class=\"title-wrapper\"><p class=\"name product-title woocommerce-loop-product__title\"><a href=\"https:\/\/manuelsosa.com\/pt\/cuadros\/mamiferos\/oso-pardo-cruzando-el-rio-saja\/\" class=\"woocommerce-LoopProduct-link woocommerce-loop-product__link\">Urso pardo - Travessia do rio Saja<\/a><\/p><\/div><div class=\"price-wrapper\">\n\t<span class=\"price\"><span class=\"woocs_price_code\" data-currency=\"\" data-redraw-id=\"69d29af231519\"  data-product-id=\"44678\"><span class=\"woocommerce-Price-amount amount\"><bdi>0,00<span class=\"woocommerce-Price-currencySymbol\">&#36;<\/span><\/bdi><\/span><\/span><div class=\"woocs_price_info\"><span class=\"woocs_price_info_icon\"><\/span><ul class='woocs_price_info_list'><li><span>EUR<\/span>: <span class=\"woocs_amount\">\u20ac 0,00<\/span><\/li><li><span>GBP<\/span>: <span class=\"woocs_amount\">\u00a30,00<\/span><\/li><\/ul><\/div><\/span>\n<\/div>\t\t\t\t\t\t\t<\/div>\n\t\t\t\t\t\t<\/div>\n\t\t\t\t\t\t<\/div>\n\t\t\t\t\t<\/div><div class=\"col\" >\n\t\t\t\t\t\t<div class=\"col-inner\">\n\t\t\t\t\t\t\n<div class=\"badge-container absolute left top z-1\">\n\n<\/div>\n\t\t\t\t\t\t<div class=\"product-small box has-hover box-normal box-text-bottom\">\n\t\t\t\t\t\t\t<div class=\"box-image\" >\n\t\t\t\t\t\t\t\t<div class=\"\" >\n\t\t\t\t\t\t\t\t\t<a href=\"https:\/\/manuelsosa.com\/pt\/cuadros\/acuarelas\/oso-pardo-arbol\/\" aria-label=\"Urso pardo da Cant\u00e1bria\">\n\t\t\t\t\t\t\t\t\t\t<img loading=\"lazy\" decoding=\"async\" width=\"382\" height=\"507\" src=\"https:\/\/manuelsosa.com\/wp-content\/uploads\/001\/oso-pardo-arbol-382x507.jpg\" class=\"attachment-woocommerce_thumbnail size-woocommerce_thumbnail\" alt=\"Aguarela de um urso-pardo a trepar a uma \u00e1rvore\" srcset=\"https:\/\/manuelsosa.com\/wp-content\/uploads\/001\/oso-pardo-arbol-382x507.jpg 382w, https:\/\/manuelsosa.com\/wp-content\/uploads\/001\/oso-pardo-arbol-486x645.jpg 486w, https:\/\/manuelsosa.com\/wp-content\/uploads\/001\/oso-pardo-arbol-783x1040.jpg 783w, https:\/\/manuelsosa.com\/wp-content\/uploads\/001\/oso-pardo-arbol-768x1020.jpg 768w, https:\/\/manuelsosa.com\/wp-content\/uploads\/001\/oso-pardo-arbol.jpg 928w, https:\/\/manuelsosa.com\/wp-content\/uploads\/001\/oso-pardo-arbol-9x12.jpg 9w, https:\/\/manuelsosa.com\/wp-content\/uploads\/001\/oso-pardo-arbol-64x85.jpg 64w\" sizes=\"auto, (max-width: 382px) 100vw, 382px\" \/>\t\t\t\t\t\t\t\t\t<\/a>\n\t\t\t\t\t\t\t\t\t\t\t\t\t\t\t\t\t\t \t\t\t\t\t\t\t\t<\/div>\n\t\t\t\t\t\t\t\t<div class=\"image-tools top right show-on-hover\">\n\t\t\t\t\t\t\t\t\t\t\t\t\t\t\t\t\t<\/div>\n\t\t\t\t\t\t\t\t\t\t\t\t\t\t\t\t\t<div class=\"image-tools grid-tools text-center hide-for-small bottom hover-slide-in show-on-hover\">\n\t\t\t\t\t\t\t\t\t\t\t\t\t\t\t\t\t\t\t<\/div>\n\t\t\t\t\t\t\t\t\t\t\t\t\t\t\t\t\t\t\t\t\t\t\t<\/div>\n\n\t\t\t\t\t\t\t<div class=\"box-text text-center is-large\" >\n\t\t\t\t\t\t\t\t<div class=\"title-wrapper\"><p class=\"name product-title woocommerce-loop-product__title\"><a href=\"https:\/\/manuelsosa.com\/pt\/cuadros\/acuarelas\/oso-pardo-arbol\/\" class=\"woocommerce-LoopProduct-link woocommerce-loop-product__link\">Urso pardo da Cant\u00e1bria<\/a><\/p><\/div><div class=\"price-wrapper\">\n\t<span class=\"price\"><span class=\"woocs_price_code\" data-currency=\"\" data-redraw-id=\"69d29af23507a\"  data-product-id=\"33864\"><del aria-hidden=\"true\"><span class=\"woocommerce-Price-amount amount\"><bdi>36,00<span class=\"woocommerce-Price-currencySymbol\">&#36;<\/span><\/bdi><\/span><\/del> <span class=\"screen-reader-text\">O pre\u00e7o original era: 36,00$.<\/span><ins aria-hidden=\"true\"><span class=\"woocommerce-Price-amount amount\"><bdi>35,00<span class=\"woocommerce-Price-currencySymbol\">&#36;<\/span><\/bdi><\/span><\/ins><span class=\"screen-reader-text\">O pre\u00e7o atual \u00e9: 35,00$.<\/span><\/span><div class=\"woocs_price_info\"><span class=\"woocs_price_info_icon\"><\/span><ul class='woocs_price_info_list'><li><span>EUR<\/span>: <span class=\"woocs_amount\">\u20ac 35,00<\/span><\/li><li><span>GBP<\/span>: <span class=\"woocs_amount\">\u00a335,00<\/span><\/li><\/ul><\/div><\/span>\n<\/div>\t\t\t\t\t\t\t<\/div>\n\t\t\t\t\t\t<\/div>\n\t\t\t\t\t\t<\/div>\n\t\t\t\t\t<\/div><div class=\"col\" >\n\t\t\t\t\t\t<div class=\"col-inner\">\n\t\t\t\t\t\t\n<div class=\"badge-container absolute left top z-1\">\n\n<\/div>\n\t\t\t\t\t\t<div class=\"product-small box has-hover box-normal box-text-bottom\">\n\t\t\t\t\t\t\t<div class=\"box-image\" >\n\t\t\t\t\t\t\t\t<div class=\"\" >\n\t\t\t\t\t\t\t\t\t<a href=\"https:\/\/manuelsosa.com\/pt\/cuadros\/mamiferos\/la-ventisca\/\" aria-label=\"O nev\u00e3o\">\n\t\t\t\t\t\t\t\t\t\t<img loading=\"lazy\" decoding=\"async\" width=\"382\" height=\"293\" src=\"https:\/\/manuelsosa.com\/wp-content\/uploads\/001\/osa_y_crias-382x293.jpg\" class=\"attachment-woocommerce_thumbnail size-woocommerce_thumbnail\" alt=\"Urso castanho e crias - pintura\" srcset=\"https:\/\/manuelsosa.com\/wp-content\/uploads\/001\/osa_y_crias-382x293.jpg 382w, https:\/\/manuelsosa.com\/wp-content\/uploads\/001\/osa_y_crias-486x373.jpg 486w, https:\/\/manuelsosa.com\/wp-content\/uploads\/001\/osa_y_crias-768x589.jpg 768w, https:\/\/manuelsosa.com\/wp-content\/uploads\/001\/osa_y_crias-783x600.jpg 783w, https:\/\/manuelsosa.com\/wp-content\/uploads\/001\/osa_y_crias-1536x1177.jpg 1536w, https:\/\/manuelsosa.com\/wp-content\/uploads\/001\/osa_y_crias-16x12.jpg 16w, https:\/\/manuelsosa.com\/wp-content\/uploads\/001\/osa_y_crias-64x49.jpg 64w, https:\/\/manuelsosa.com\/wp-content\/uploads\/001\/osa_y_crias.jpg 1799w\" sizes=\"auto, (max-width: 382px) 100vw, 382px\" \/>\t\t\t\t\t\t\t\t\t<\/a>\n\t\t\t\t\t\t\t\t\t\t\t\t\t\t\t\t\t\t \t\t\t\t\t\t\t\t<\/div>\n\t\t\t\t\t\t\t\t<div class=\"image-tools top right show-on-hover\">\n\t\t\t\t\t\t\t\t\t\t\t\t\t\t\t\t\t<\/div>\n\t\t\t\t\t\t\t\t\t\t\t\t\t\t\t\t\t<div class=\"image-tools grid-tools text-center hide-for-small bottom hover-slide-in show-on-hover\">\n\t\t\t\t\t\t\t\t\t\t\t\t\t\t\t\t\t\t\t<\/div>\n\t\t\t\t\t\t\t\t\t\t\t\t\t\t\t\t\t\t\t\t\t\t\t<\/div>\n\n\t\t\t\t\t\t\t<div class=\"box-text text-center is-large\" >\n\t\t\t\t\t\t\t\t<div class=\"title-wrapper\"><p class=\"name product-title woocommerce-loop-product__title\"><a href=\"https:\/\/manuelsosa.com\/pt\/cuadros\/mamiferos\/la-ventisca\/\" class=\"woocommerce-LoopProduct-link woocommerce-loop-product__link\">O nev\u00e3o<\/a><\/p><\/div><div class=\"price-wrapper\">\n\t<span class=\"price\"><span class=\"woocs_price_code\" data-currency=\"\" data-redraw-id=\"69d29af238951\"  data-product-id=\"12955\"><span class=\"woocommerce-Price-amount amount\"><bdi>0,00<span class=\"woocommerce-Price-currencySymbol\">&#36;<\/span><\/bdi><\/span><\/span><div class=\"woocs_price_info\"><span class=\"woocs_price_info_icon\"><\/span><ul class='woocs_price_info_list'><li><span>EUR<\/span>: <span class=\"woocs_amount\">\u20ac 0,00<\/span><\/li><li><span>GBP<\/span>: <span class=\"woocs_amount\">\u00a30,00<\/span><\/li><\/ul><\/div><\/span>\n<\/div>\t\t\t\t\t\t\t<\/div>\n\t\t\t\t\t\t<\/div>\n\t\t\t\t\t\t<\/div>\n\t\t\t\t\t<\/div><div class=\"col\" >\n\t\t\t\t\t\t<div class=\"col-inner\">\n\t\t\t\t\t\t\n<div class=\"badge-container absolute left top z-1\">\n\n<\/div>\n\t\t\t\t\t\t<div class=\"product-small box has-hover box-normal box-text-bottom\">\n\t\t\t\t\t\t\t<div class=\"box-image\" >\n\t\t\t\t\t\t\t\t<div class=\"\" >\n\t\t\t\t\t\t\t\t\t<a href=\"https:\/\/manuelsosa.com\/pt\/cuadros\/mamiferos\/entre-la-niebla\/\" aria-label=\"No nevoeiro\">\n\t\t\t\t\t\t\t\t\t\t<img loading=\"lazy\" decoding=\"async\" width=\"382\" height=\"310\" src=\"https:\/\/manuelsosa.com\/wp-content\/uploads\/001\/oso_niebla-382x310.jpg\" class=\"attachment-woocommerce_thumbnail size-woocommerce_thumbnail\" alt=\"Urso castanho da Cant\u00e1bria - No nevoeiro ( Ursus arctos )\" srcset=\"https:\/\/manuelsosa.com\/wp-content\/uploads\/001\/oso_niebla-382x310.jpg 382w, https:\/\/manuelsosa.com\/wp-content\/uploads\/001\/oso_niebla-486x394.jpg 486w, https:\/\/manuelsosa.com\/wp-content\/uploads\/001\/oso_niebla-768x623.jpg 768w, https:\/\/manuelsosa.com\/wp-content\/uploads\/001\/oso_niebla-783x636.jpg 783w, https:\/\/manuelsosa.com\/wp-content\/uploads\/001\/oso_niebla-1536x1247.jpg 1536w, https:\/\/manuelsosa.com\/wp-content\/uploads\/001\/oso_niebla-15x12.jpg 15w, https:\/\/manuelsosa.com\/wp-content\/uploads\/001\/oso_niebla-64x52.jpg 64w, https:\/\/manuelsosa.com\/wp-content\/uploads\/001\/oso_niebla.jpg 1800w\" sizes=\"auto, (max-width: 382px) 100vw, 382px\" \/>\t\t\t\t\t\t\t\t\t<\/a>\n\t\t\t\t\t\t\t\t\t\t\t\t\t\t\t\t\t\t \t\t\t\t\t\t\t\t<\/div>\n\t\t\t\t\t\t\t\t<div class=\"image-tools top right show-on-hover\">\n\t\t\t\t\t\t\t\t\t\t\t\t\t\t\t\t\t<\/div>\n\t\t\t\t\t\t\t\t\t\t\t\t\t\t\t\t\t<div class=\"image-tools grid-tools text-center hide-for-small bottom hover-slide-in show-on-hover\">\n\t\t\t\t\t\t\t\t\t\t\t\t\t\t\t\t\t\t\t<\/div>\n\t\t\t\t\t\t\t\t\t\t\t\t\t\t\t\t\t\t\t\t\t\t\t<\/div>\n\n\t\t\t\t\t\t\t<div class=\"box-text text-center is-large\" >\n\t\t\t\t\t\t\t\t<div class=\"title-wrapper\"><p class=\"name product-title woocommerce-loop-product__title\"><a href=\"https:\/\/manuelsosa.com\/pt\/cuadros\/mamiferos\/entre-la-niebla\/\" class=\"woocommerce-LoopProduct-link woocommerce-loop-product__link\">No nevoeiro<\/a><\/p><\/div><div class=\"price-wrapper\">\n\t<span class=\"price\"><span class=\"woocs_price_code\" data-currency=\"\" data-redraw-id=\"69d29af23c4ac\"  data-product-id=\"177\"><span class=\"woocommerce-Price-amount amount\"><bdi>0,00<span class=\"woocommerce-Price-currencySymbol\">&#36;<\/span><\/bdi><\/span><\/span><div class=\"woocs_price_info\"><span class=\"woocs_price_info_icon\"><\/span><ul class='woocs_price_info_list'><li><span>EUR<\/span>: <span class=\"woocs_amount\">\u20ac 0,00<\/span><\/li><li><span>GBP<\/span>: <span class=\"woocs_amount\">\u00a30,00<\/span><\/li><\/ul><\/div><\/span>\n<\/div>\t\t\t\t\t\t\t<\/div>\n\t\t\t\t\t\t<\/div>\n\t\t\t\t\t\t<\/div>\n\t\t\t\t\t<\/div><div class=\"col\" >\n\t\t\t\t\t\t<div class=\"col-inner\">\n\t\t\t\t\t\t\n<div class=\"badge-container absolute left top z-1\">\n\n<\/div>\n\t\t\t\t\t\t<div class=\"product-small box has-hover box-normal box-text-bottom\">\n\t\t\t\t\t\t\t<div class=\"box-image\" >\n\t\t\t\t\t\t\t\t<div class=\"\" >\n\t\t\t\t\t\t\t\t\t<a href=\"https:\/\/manuelsosa.com\/pt\/cuadros\/acuarelas\/oseznos_oso_pardo\/\" aria-label=\"Ursos - Urso pardo\">\n\t\t\t\t\t\t\t\t\t\t<img loading=\"lazy\" decoding=\"async\" width=\"382\" height=\"288\" src=\"https:\/\/manuelsosa.com\/wp-content\/uploads\/001\/oseznos-382x288.jpg\" class=\"attachment-woocommerce_thumbnail size-woocommerce_thumbnail\" alt=\"Filhotes de urso pardo. Aguarela de Manuel Sosa \u00a9 2023\" srcset=\"https:\/\/manuelsosa.com\/wp-content\/uploads\/001\/oseznos-382x288.jpg 382w, https:\/\/manuelsosa.com\/wp-content\/uploads\/001\/oseznos-768x578.jpg 768w, https:\/\/manuelsosa.com\/wp-content\/uploads\/001\/oseznos-486x366.jpg 486w, https:\/\/manuelsosa.com\/wp-content\/uploads\/001\/oseznos-783x590.jpg 783w, https:\/\/manuelsosa.com\/wp-content\/uploads\/001\/oseznos.jpg 1232w, https:\/\/manuelsosa.com\/wp-content\/uploads\/001\/oseznos-16x12.jpg 16w, https:\/\/manuelsosa.com\/wp-content\/uploads\/001\/oseznos-64x48.jpg 64w, https:\/\/manuelsosa.com\/wp-content\/uploads\/001\/oseznos-243x183.jpg 243w, https:\/\/manuelsosa.com\/wp-content\/uploads\/001\/oseznos-20x15.jpg 20w, https:\/\/manuelsosa.com\/wp-content\/uploads\/001\/oseznos-33x25.jpg 33w\" sizes=\"auto, (max-width: 382px) 100vw, 382px\" \/>\t\t\t\t\t\t\t\t\t<\/a>\n\t\t\t\t\t\t\t\t\t\t\t\t\t\t\t\t\t\t \t\t\t\t\t\t\t\t<\/div>\n\t\t\t\t\t\t\t\t<div class=\"image-tools top right show-on-hover\">\n\t\t\t\t\t\t\t\t\t\t\t\t\t\t\t\t\t<\/div>\n\t\t\t\t\t\t\t\t\t\t\t\t\t\t\t\t\t<div class=\"image-tools grid-tools text-center hide-for-small bottom hover-slide-in show-on-hover\">\n\t\t\t\t\t\t\t\t\t\t\t\t\t\t\t\t\t\t\t<\/div>\n\t\t\t\t\t\t\t\t\t\t\t\t\t\t\t\t\t\t\t\t\t\t\t<\/div>\n\n\t\t\t\t\t\t\t<div class=\"box-text text-center is-large\" >\n\t\t\t\t\t\t\t\t<div class=\"title-wrapper\"><p class=\"name product-title woocommerce-loop-product__title\"><a href=\"https:\/\/manuelsosa.com\/pt\/cuadros\/acuarelas\/oseznos_oso_pardo\/\" class=\"woocommerce-LoopProduct-link woocommerce-loop-product__link\">Ursos - Urso pardo<\/a><\/p><\/div><div class=\"price-wrapper\">\n\t<span class=\"price\"><span class=\"woocs_price_code\" data-currency=\"\" data-redraw-id=\"69d29af23ff21\"  data-product-id=\"18760\"><span class=\"woocommerce-Price-amount amount\"><bdi>0,00<span class=\"woocommerce-Price-currencySymbol\">&#36;<\/span><\/bdi><\/span><\/span><div class=\"woocs_price_info\"><span class=\"woocs_price_info_icon\"><\/span><ul class='woocs_price_info_list'><li><span>EUR<\/span>: <span class=\"woocs_amount\">\u20ac 0,00<\/span><\/li><li><span>GBP<\/span>: <span class=\"woocs_amount\">\u00a30,00<\/span><\/li><\/ul><\/div><\/span>\n<\/div>\t\t\t\t\t\t\t<\/div>\n\t\t\t\t\t\t<\/div>\n\t\t\t\t\t\t<\/div>\n\t\t\t\t\t<\/div><div class=\"col\" >\n\t\t\t\t\t\t<div class=\"col-inner\">\n\t\t\t\t\t\t\n<div class=\"badge-container absolute left top z-1\">\n\n<\/div>\n\t\t\t\t\t\t<div class=\"product-small box has-hover box-normal box-text-bottom\">\n\t\t\t\t\t\t\t<div class=\"box-image\" >\n\t\t\t\t\t\t\t\t<div class=\"\" >\n\t\t\t\t\t\t\t\t\t<a href=\"https:\/\/manuelsosa.com\/pt\/cuadros\/acuarelas\/oso-pardo-europeo-y-osezno\/\" aria-label=\"urso-pardo e cria\">\n\t\t\t\t\t\t\t\t\t\t<img loading=\"lazy\" decoding=\"async\" width=\"382\" height=\"287\" src=\"https:\/\/manuelsosa.com\/wp-content\/uploads\/001\/oso-wouter-382x287.jpg\" class=\"attachment-woocommerce_thumbnail size-woocommerce_thumbnail\" alt=\"Urso castanho e cria\" srcset=\"https:\/\/manuelsosa.com\/wp-content\/uploads\/001\/oso-wouter-382x287.jpg 382w, https:\/\/manuelsosa.com\/wp-content\/uploads\/001\/oso-wouter-768x577.jpg 768w, https:\/\/manuelsosa.com\/wp-content\/uploads\/001\/oso-wouter-486x365.jpg 486w, https:\/\/manuelsosa.com\/wp-content\/uploads\/001\/oso-wouter-783x588.jpg 783w, https:\/\/manuelsosa.com\/wp-content\/uploads\/001\/oso-wouter.jpg 1400w, https:\/\/manuelsosa.com\/wp-content\/uploads\/001\/oso-wouter-16x12.jpg 16w, https:\/\/manuelsosa.com\/wp-content\/uploads\/001\/oso-wouter-64x48.jpg 64w, https:\/\/manuelsosa.com\/wp-content\/uploads\/001\/oso-wouter-243x183.jpg 243w, https:\/\/manuelsosa.com\/wp-content\/uploads\/001\/oso-wouter-20x15.jpg 20w, https:\/\/manuelsosa.com\/wp-content\/uploads\/001\/oso-wouter-33x25.jpg 33w\" sizes=\"auto, (max-width: 382px) 100vw, 382px\" \/>\t\t\t\t\t\t\t\t\t<\/a>\n\t\t\t\t\t\t\t\t\t\t\t\t\t\t\t\t\t\t \t\t\t\t\t\t\t\t<\/div>\n\t\t\t\t\t\t\t\t<div class=\"image-tools top right show-on-hover\">\n\t\t\t\t\t\t\t\t\t\t\t\t\t\t\t\t\t<\/div>\n\t\t\t\t\t\t\t\t\t\t\t\t\t\t\t\t\t<div class=\"image-tools grid-tools text-center hide-for-small bottom hover-slide-in show-on-hover\">\n\t\t\t\t\t\t\t\t\t\t\t\t\t\t\t\t\t\t\t<\/div>\n\t\t\t\t\t\t\t\t\t\t\t\t\t\t\t\t\t\t\t\t\t\t\t<\/div>\n\n\t\t\t\t\t\t\t<div class=\"box-text text-center is-large\" >\n\t\t\t\t\t\t\t\t<div class=\"title-wrapper\"><p class=\"name product-title woocommerce-loop-product__title\"><a href=\"https:\/\/manuelsosa.com\/pt\/cuadros\/acuarelas\/oso-pardo-europeo-y-osezno\/\" class=\"woocommerce-LoopProduct-link woocommerce-loop-product__link\">urso-pardo e cria<\/a><\/p><\/div><div class=\"price-wrapper\">\n\t<span class=\"price\"><span class=\"woocs_price_code\" data-currency=\"\" data-redraw-id=\"69d29af243927\"  data-product-id=\"16692\"><span class=\"woocommerce-Price-amount amount\"><bdi>0,00<span class=\"woocommerce-Price-currencySymbol\">&#36;<\/span><\/bdi><\/span><\/span><div class=\"woocs_price_info\"><span class=\"woocs_price_info_icon\"><\/span><ul class='woocs_price_info_list'><li><span>EUR<\/span>: <span class=\"woocs_amount\">\u20ac 0,00<\/span><\/li><li><span>GBP<\/span>: <span class=\"woocs_amount\">\u00a30,00<\/span><\/li><\/ul><\/div><\/span>\n<\/div>\t\t\t\t\t\t\t<\/div>\n\t\t\t\t\t\t<\/div>\n\t\t\t\t\t\t<\/div>\n\t\t\t\t\t<\/div><\/div>\n<p>Quadros de ca\u00e7a. Pinturas de animais. Quadros de ursos. Quadros de ca\u00e7a. <a href=\"https:\/\/manuelsosa.com\/pt\/pinturas-imagens-da-natureza\/\">Pinturas de natureza<\/a><\/p>","protected":false},"excerpt":{"rendered":"<p>Urso pardo ( Ursus arctos ) e crias<\/p>","protected":false},"author":1,"featured_media":10945,"parent":0,"menu_order":0,"comment_status":"closed","ping_status":"closed","template":"","meta":{"_seopress_robots_primary_cat":"","_seopress_titles_title":"%%post_title%%","_seopress_titles_desc":"","_seopress_robots_index":"","footnotes":""},"class_list":["post-14996","page","type-page","status-publish","has-post-thumbnail","hentry","tm-has-options"],"_links":{"self":[{"href":"https:\/\/manuelsosa.com\/pt\/wp-json\/wp\/v2\/pages\/14996","targetHints":{"allow":["GET"]}}],"collection":[{"href":"https:\/\/manuelsosa.com\/pt\/wp-json\/wp\/v2\/pages"}],"about":[{"href":"https:\/\/manuelsosa.com\/pt\/wp-json\/wp\/v2\/types\/page"}],"author":[{"embeddable":true,"href":"https:\/\/manuelsosa.com\/pt\/wp-json\/wp\/v2\/users\/1"}],"replies":[{"embeddable":true,"href":"https:\/\/manuelsosa.com\/pt\/wp-json\/wp\/v2\/comments?post=14996"}],"version-history":[{"count":0,"href":"https:\/\/manuelsosa.com\/pt\/wp-json\/wp\/v2\/pages\/14996\/revisions"}],"wp:featuredmedia":[{"embeddable":true,"href":"https:\/\/manuelsosa.com\/pt\/wp-json\/wp\/v2\/media\/10945"}],"wp:attachment":[{"href":"https:\/\/manuelsosa.com\/pt\/wp-json\/wp\/v2\/media?parent=14996"}],"curies":[{"name":"wp","href":"https:\/\/api.w.org\/{rel}","templated":true}]}}