{"id":18791,"date":"2023-11-06T20:28:06","date_gmt":"2023-11-06T19:28:06","guid":{"rendered":"https:\/\/manuelsosa.com\/?post_type=product&#038;p=18791"},"modified":"2025-05-24T20:21:32","modified_gmt":"2025-05-24T18:21:32","slug":"chacal-de-dorso-negro-lupulella-mesomelas","status":"publish","type":"product","link":"https:\/\/manuelsosa.com\/pt\/cuadros\/mamiferos\/chacal-de-lomo-negro-lupulella-mesomelas\/","title":{"rendered":"Chacal de dorso negro a ca\u00e7ar rolas no deserto africano"},"content":{"rendered":"<div class=\"\" data-block=\"true\" data-editor=\"4mvbc\" data-offset-key=\"1h07l-0-0\">\n<div dir=\"auto\">Chacal de dorso negro no deserto do Kalahari adaptado para ca\u00e7ar aves que v\u00eam beber nos bebedouros artificiais. Uma pintura encomendada pelo Sr. Richard Caron: <em>Ol\u00e1 Manuel<\/em>, <em>Gostaria de uma pintura grande de um chacal africano a ca\u00e7ar pombas perto de \u00e1gua. Fico contente se gostarem desta ideia. Vi muitas vezes chacais a saltar no ar para apanhar pombas perto de pontos de \u00e1gua quando v\u00eam beber. \u00c9 um bocado <\/em><em>magia. Encontrar\u00e1 muitas fotografias na Internet. Tenha um bom dia. <\/em><em>Podes pintar isso?<br \/>\nRichard CARON<\/em><\/div>\n<div dir=\"auto\">2020 \u00a9 Manuel Sosa<\/div>\n<\/div>","protected":false},"excerpt":{"rendered":"<p><b>chacal de dorso negro<\/b> (<i>Lupulella mesomelas<\/i>)<\/p>","protected":false},"featured_media":18794,"comment_status":"open","ping_status":"closed","template":"","meta":{"_seopress_robots_primary_cat":"","_seopress_titles_title":"","_seopress_titles_desc":"","_seopress_robots_index":""},"product_brand":[],"product_cat":[29],"product_tag":[1409],"class_list":{"0":"post-18791","1":"product","2":"type-product","3":"status-publish","4":"has-post-thumbnail","6":"product_cat-mamiferos","7":"product_tag-chacal-de-lomo-negro-lupulella-mesomelas","8":"tm-has-options","10":"first","11":"instock","12":"purchasable","13":"product-type-simple"},"wpr_featured_image":["https:\/\/manuelsosa.com\/wp-content\/uploads\/001\/chacal_de_lomo_negro_y_palomas-382x281.jpg",382,281,true],"gallery_images":[],"_links":{"self":[{"href":"https:\/\/manuelsosa.com\/pt\/wp-json\/wp\/v2\/product\/18791","targetHints":{"allow":["GET"]}}],"collection":[{"href":"https:\/\/manuelsosa.com\/pt\/wp-json\/wp\/v2\/product"}],"about":[{"href":"https:\/\/manuelsosa.com\/pt\/wp-json\/wp\/v2\/types\/product"}],"replies":[{"embeddable":true,"href":"https:\/\/manuelsosa.com\/pt\/wp-json\/wp\/v2\/comments?post=18791"}],"wp:featuredmedia":[{"embeddable":true,"href":"https:\/\/manuelsosa.com\/pt\/wp-json\/wp\/v2\/media\/18794"}],"wp:attachment":[{"href":"https:\/\/manuelsosa.com\/pt\/wp-json\/wp\/v2\/media?parent=18791"}],"wp:term":[{"taxonomy":"product_brand","embeddable":true,"href":"https:\/\/manuelsosa.com\/pt\/wp-json\/wp\/v2\/product_brand?post=18791"},{"taxonomy":"product_cat","embeddable":true,"href":"https:\/\/manuelsosa.com\/pt\/wp-json\/wp\/v2\/product_cat?post=18791"},{"taxonomy":"product_tag","embeddable":true,"href":"https:\/\/manuelsosa.com\/pt\/wp-json\/wp\/v2\/product_tag?post=18791"}],"curies":[{"name":"wp","href":"https:\/\/api.w.org\/{rel}","templated":true}]}}