{"id":191,"date":"1996-11-28T00:00:00","date_gmt":"1996-11-28T00:00:00","guid":{"rendered":"https:\/\/manuelsosa.com\/cuadros\/sin%20categorizar\/perdices-semilleando\/"},"modified":"2025-05-24T20:20:26","modified_gmt":"2025-05-24T18:20:26","slug":"perdizes-em-semente","status":"publish","type":"product","link":"https:\/\/manuelsosa.com\/pt\/cuadros\/aves-pajaros\/perdices-semilleando\/","title":{"rendered":"Perdizes em semente"},"content":{"rendered":"<p>Duas perdizes vermelhas em alerta, entre as ervas. Este quadro \u00e9 um \u00f3leo sobre t\u00e1bua. \u00d3leo sobre tablex. Manuel Sosa \u00a9 1999<\/p>","protected":false},"excerpt":{"rendered":"<p>Perdizes vermelhas.<\/p>","protected":false},"featured_media":10865,"comment_status":"open","ping_status":"closed","template":"","meta":{"_seopress_robots_primary_cat":"","_seopress_titles_title":"","_seopress_titles_desc":"","_seopress_robots_index":""},"product_brand":[],"product_cat":[9],"product_tag":[100],"class_list":{"0":"post-191","1":"product","2":"type-product","3":"status-publish","4":"has-post-thumbnail","6":"product_cat-aves-pajaros","7":"product_tag-perdiz-roja-alectoris-rufa","8":"tm-has-options","10":"first","11":"instock","12":"purchasable","13":"product-type-simple"},"wpr_featured_image":["https:\/\/manuelsosa.com\/wp-content\/uploads\/001\/perdices_semilleando-382x210.jpg",382,210,true],"gallery_images":[],"_links":{"self":[{"href":"https:\/\/manuelsosa.com\/pt\/wp-json\/wp\/v2\/product\/191","targetHints":{"allow":["GET"]}}],"collection":[{"href":"https:\/\/manuelsosa.com\/pt\/wp-json\/wp\/v2\/product"}],"about":[{"href":"https:\/\/manuelsosa.com\/pt\/wp-json\/wp\/v2\/types\/product"}],"replies":[{"embeddable":true,"href":"https:\/\/manuelsosa.com\/pt\/wp-json\/wp\/v2\/comments?post=191"}],"wp:featuredmedia":[{"embeddable":true,"href":"https:\/\/manuelsosa.com\/pt\/wp-json\/wp\/v2\/media\/10865"}],"wp:attachment":[{"href":"https:\/\/manuelsosa.com\/pt\/wp-json\/wp\/v2\/media?parent=191"}],"wp:term":[{"taxonomy":"product_brand","embeddable":true,"href":"https:\/\/manuelsosa.com\/pt\/wp-json\/wp\/v2\/product_brand?post=191"},{"taxonomy":"product_cat","embeddable":true,"href":"https:\/\/manuelsosa.com\/pt\/wp-json\/wp\/v2\/product_cat?post=191"},{"taxonomy":"product_tag","embeddable":true,"href":"https:\/\/manuelsosa.com\/pt\/wp-json\/wp\/v2\/product_tag?post=191"}],"curies":[{"name":"wp","href":"https:\/\/api.w.org\/{rel}","templated":true}]}}