{"id":200,"date":"2004-12-28T00:00:00","date_gmt":"2004-12-28T00:00:00","guid":{"rendered":"https:\/\/manuelsosa.com\/cuadros\/sin%20categorizar\/perdiz-en-celo\/"},"modified":"2025-05-24T20:20:33","modified_gmt":"2025-05-24T18:20:33","slug":"perdiz-no-calor","status":"publish","type":"product","link":"https:\/\/manuelsosa.com\/pt\/cuadros\/aves-pajaros\/perdiz-en-celo\/","title":{"rendered":"Perdiz no cio"},"content":{"rendered":"<p>Um belo macho de perdiz-vermelha a chamar pela sua companheira. Durante o namoro, cantam num promont\u00f3rio para serem mais vis\u00edveis. Este quadro \u00e9 um \u00f3leo sobre tela. \u00d3leo sobre tela. Manuel Sosa \u00a9 2005<\/p>","protected":false},"excerpt":{"rendered":"<p>Perdiz de patas vermelhas<\/p>","protected":false},"featured_media":10862,"comment_status":"open","ping_status":"closed","template":"","meta":{"_seopress_robots_primary_cat":"","_seopress_titles_title":"","_seopress_titles_desc":"","_seopress_robots_index":""},"product_brand":[],"product_cat":[9],"product_tag":[100],"class_list":{"0":"post-200","1":"product","2":"type-product","3":"status-publish","4":"has-post-thumbnail","6":"product_cat-aves-pajaros","7":"product_tag-perdiz-roja-alectoris-rufa","8":"tm-has-options","10":"first","11":"instock","12":"purchasable","13":"product-type-simple"},"wpr_featured_image":["https:\/\/manuelsosa.com\/wp-content\/uploads\/001\/perdizcantando-382x508.jpg",382,508,true],"gallery_images":[],"_links":{"self":[{"href":"https:\/\/manuelsosa.com\/pt\/wp-json\/wp\/v2\/product\/200","targetHints":{"allow":["GET"]}}],"collection":[{"href":"https:\/\/manuelsosa.com\/pt\/wp-json\/wp\/v2\/product"}],"about":[{"href":"https:\/\/manuelsosa.com\/pt\/wp-json\/wp\/v2\/types\/product"}],"replies":[{"embeddable":true,"href":"https:\/\/manuelsosa.com\/pt\/wp-json\/wp\/v2\/comments?post=200"}],"wp:featuredmedia":[{"embeddable":true,"href":"https:\/\/manuelsosa.com\/pt\/wp-json\/wp\/v2\/media\/10862"}],"wp:attachment":[{"href":"https:\/\/manuelsosa.com\/pt\/wp-json\/wp\/v2\/media?parent=200"}],"wp:term":[{"taxonomy":"product_brand","embeddable":true,"href":"https:\/\/manuelsosa.com\/pt\/wp-json\/wp\/v2\/product_brand?post=200"},{"taxonomy":"product_cat","embeddable":true,"href":"https:\/\/manuelsosa.com\/pt\/wp-json\/wp\/v2\/product_cat?post=200"},{"taxonomy":"product_tag","embeddable":true,"href":"https:\/\/manuelsosa.com\/pt\/wp-json\/wp\/v2\/product_tag?post=200"}],"curies":[{"name":"wp","href":"https:\/\/api.w.org\/{rel}","templated":true}]}}