{"id":22871,"date":"2024-02-02T19:29:24","date_gmt":"2024-02-02T18:29:24","guid":{"rendered":"https:\/\/manuelsosa.com\/?post_type=product&#038;p=22871"},"modified":"2025-05-24T20:21:41","modified_gmt":"2025-05-24T18:21:41","slug":"borrelho-grande-de-coleira","status":"publish","type":"product","link":"https:\/\/manuelsosa.com\/pt\/cuadros\/acuarelas\/chorlitejo-grande\/","title":{"rendered":"Tarambola-real"},"content":{"rendered":"<div dir=\"auto\">As salinas que rodeiam C\u00e1dis foram as culpadas da minha obsess\u00e3o pelas aves. Tal como Do\u00f1ana, s\u00e3o um pomar para a sua fauna e um local de elei\u00e7\u00e3o para as pequenas tarambolas que nos visitam todos os Invernos. Pintura a aguarela - 27 x 18 cm \u00a9 Manuel Sosa 2023<\/div>","protected":false},"excerpt":{"rendered":"<p>Tarambola-real (Charadrius hiaticula)<\/p>","protected":false},"featured_media":22873,"comment_status":"open","ping_status":"closed","template":"","meta":{"_seopress_robots_primary_cat":"none","_seopress_titles_title":"","_seopress_titles_desc":"","_seopress_robots_index":""},"product_brand":[],"product_cat":[16],"product_tag":[1421],"class_list":{"0":"post-22871","1":"product","2":"type-product","3":"status-publish","4":"has-post-thumbnail","6":"product_cat-acuarelas","7":"product_tag-chorlitejo-grande-charadrius-hiaticula","8":"tm-has-options","10":"first","11":"instock","12":"purchasable","13":"product-type-simple"},"wpr_featured_image":["https:\/\/manuelsosa.com\/wp-content\/uploads\/001\/Chorlitejo-chico-00111-382x255.jpg",382,255,true],"gallery_images":[],"_links":{"self":[{"href":"https:\/\/manuelsosa.com\/pt\/wp-json\/wp\/v2\/product\/22871","targetHints":{"allow":["GET"]}}],"collection":[{"href":"https:\/\/manuelsosa.com\/pt\/wp-json\/wp\/v2\/product"}],"about":[{"href":"https:\/\/manuelsosa.com\/pt\/wp-json\/wp\/v2\/types\/product"}],"replies":[{"embeddable":true,"href":"https:\/\/manuelsosa.com\/pt\/wp-json\/wp\/v2\/comments?post=22871"}],"wp:featuredmedia":[{"embeddable":true,"href":"https:\/\/manuelsosa.com\/pt\/wp-json\/wp\/v2\/media\/22873"}],"wp:attachment":[{"href":"https:\/\/manuelsosa.com\/pt\/wp-json\/wp\/v2\/media?parent=22871"}],"wp:term":[{"taxonomy":"product_brand","embeddable":true,"href":"https:\/\/manuelsosa.com\/pt\/wp-json\/wp\/v2\/product_brand?post=22871"},{"taxonomy":"product_cat","embeddable":true,"href":"https:\/\/manuelsosa.com\/pt\/wp-json\/wp\/v2\/product_cat?post=22871"},{"taxonomy":"product_tag","embeddable":true,"href":"https:\/\/manuelsosa.com\/pt\/wp-json\/wp\/v2\/product_tag?post=22871"}],"curies":[{"name":"wp","href":"https:\/\/api.w.org\/{rel}","templated":true}]}}