{"id":44611,"date":"2025-09-29T16:14:51","date_gmt":"2025-09-29T14:14:51","guid":{"rendered":"https:\/\/manuelsosa.com\/?post_type=product&#038;p=44611"},"modified":"2025-09-29T16:58:11","modified_gmt":"2025-09-29T14:58:11","slug":"coruja-retrato-da-virginia","status":"publish","type":"product","link":"https:\/\/manuelsosa.com\/pt\/cuadros\/aves-pajaros\/buho-virginiano-retrato\/","title":{"rendered":"jacurutu - bufo-americano - retrato"},"content":{"rendered":"<p>A maior das corujas da Am\u00e9rica do Norte, o grande duque americano. pintura a \u00f3leo - Manuel Sosa \u00a9 2012<\/p>\n\n\t<section class=\"section\" id=\"section_1426105180\">\n\t\t<div class=\"section-bg fill\" >\n\t\t\t\t\t\t\t\t\t<div class=\"section-bg-overlay absolute fill\"><\/div><div class=\"effect-snow bg-effect fill no-click\"><\/div>\n\t\t\t\n\t<div class=\"is-border\"\n\t\tstyle=\"border-width:0px 0px 0px 0px;margin:0px 0px 0px 0px;\">\n\t<\/div>\n\n\t\t<\/div>\n\n\t\t\t<div class=\"ux-shape-divider ux-shape-divider--top ux-shape-divider--style-arrow\">\n\t\t<svg viewbox=\"0 0 1000 100\" xmlns=\"http:\/\/www.w3.org\/2000\/svg\" preserveaspectratio=\"none\">\n\t<path class=\"ux-shape-fill\" d=\"M1000 100H0L0 96H483L500 79L517 96H1000V100Z\"\/>\n<\/svg>\n\t<\/div>\n\n\n\t\t<div class=\"section-content relative\">\n\t\t\t\n<div class=\"row row-large align-middle row-solid\"  id=\"row-1176339850\">\n\n\t<div id=\"col-1065703348\" class=\"col medium-4 small-12 large-4\"  >\n\t\t\t\t<div class=\"col-inner\"  >\n\t\t\t\n\t\t\t\n\t<div id=\"text-2178254119\" class=\"text\">\n\t\t\n<p><span style=\"color: #993300;\"><b>ORIGINAL DISPON\u00cdVEL:<br \/>\n<\/b><\/span><\/p>\n\t\t\n<style>\n#text-2178254119 {\n  font-size: 1.1rem;\n  text-align: center;\n}\n<\/style>\n\t<\/div>\n\t\n\t\t<\/div>\n\t\t\t\t\t<\/div>\n\n\t\n\n\t<div id=\"col-1916321806\" class=\"col medium-5 small-12 large-5\"  >\n\t\t\t\t<div class=\"col-inner text-left\"  >\n\t\t\t\n\t\t\t\n\t<div id=\"text-555171101\" class=\"text\">\n\t\t\n<p><span style=\"font-size: 80%;\"><br \/>\n\u00f3leo 29 x 23 cm. \/ 46,5 x 40 emoldurado<\/span><\/p>\n\t\t\n<style>\n#text-555171101 {\n  font-size: 1.35rem;\n  line-height: 1.25;\n  text-align: center;\n}\n<\/style>\n\t<\/div>\n\t\n\t\t<\/div>\n\t\t\t\t\t<\/div>\n\n\t\n\n\t<div id=\"col-1158592290\" class=\"col medium-3 small-12 large-3\"  >\n\t\t\t\t<div class=\"col-inner\"  >\n\t\t\t\n\t\t\t\n<a href=\"mailto:sosa@manuelsosa.com?subject=Interesado%20en%20la%20obra%20Buho%20Virginiano\" class=\"button primary\" >\n\t\t<span>700 \u20ac<\/span>\n\t<\/a>\n\n\t\t<\/div>\n\t\t\t\t\t<\/div>\n\n\t\n\n<style>\n#row-1176339850 > .col > .col-inner {\n  padding: 0px 0px 0px 0px;\n}\n<\/style>\n<\/div>\n\t\t<\/div>\n\n\t\t\n<style>\n#section_1426105180 {\n  padding-top: 0px;\n  padding-bottom: 0px;\n  background-color: rgb(180, 192, 155);\n}\n#section_1426105180 .section-bg-overlay {\n  background-color: rgba(255,255,255,.5);\n}\n#section_1426105180 .ux-shape-divider--top svg {\n  height: 150px;\n  --divider-top-width: 141%;\n}\n<\/style>\n\t<\/section>","protected":false},"excerpt":{"rendered":"<p>Papagaio-do-mar (Fratercula arctica)<\/p>","protected":false},"featured_media":44612,"comment_status":"open","ping_status":"closed","template":"","meta":{"_seopress_robots_primary_cat":"9","_seopress_titles_title":"","_seopress_titles_desc":"Dos \u00e1guilas pescadoras recibiendo un ba\u00f1o del sol tard\u00edo Oleo sobre tabla. Manuel Sosa \u00a9 2024","_seopress_robots_index":""},"product_brand":[],"product_cat":[9,2100],"product_tag":[68],"class_list":{"0":"post-44611","1":"product","2":"type-product","3":"status-publish","4":"has-post-thumbnail","6":"product_cat-aves-pajaros","7":"product_cat-pinturas-originales-en-venta","8":"product_tag-buho-virginiano-bubo-virginianus","9":"tm-has-options","11":"first","12":"instock","13":"purchasable","14":"product-type-simple"},"wpr_featured_image":["https:\/\/manuelsosa.com\/wp-content\/uploads\/001\/buho_virginiano-sin-marco-382x299.jpg",382,299,true],"gallery_images":[44613],"_links":{"self":[{"href":"https:\/\/manuelsosa.com\/pt\/wp-json\/wp\/v2\/product\/44611","targetHints":{"allow":["GET"]}}],"collection":[{"href":"https:\/\/manuelsosa.com\/pt\/wp-json\/wp\/v2\/product"}],"about":[{"href":"https:\/\/manuelsosa.com\/pt\/wp-json\/wp\/v2\/types\/product"}],"replies":[{"embeddable":true,"href":"https:\/\/manuelsosa.com\/pt\/wp-json\/wp\/v2\/comments?post=44611"}],"wp:featuredmedia":[{"embeddable":true,"href":"https:\/\/manuelsosa.com\/pt\/wp-json\/wp\/v2\/media\/44612"}],"wp:attachment":[{"href":"https:\/\/manuelsosa.com\/pt\/wp-json\/wp\/v2\/media?parent=44611"}],"wp:term":[{"taxonomy":"product_brand","embeddable":true,"href":"https:\/\/manuelsosa.com\/pt\/wp-json\/wp\/v2\/product_brand?post=44611"},{"taxonomy":"product_cat","embeddable":true,"href":"https:\/\/manuelsosa.com\/pt\/wp-json\/wp\/v2\/product_cat?post=44611"},{"taxonomy":"product_tag","embeddable":true,"href":"https:\/\/manuelsosa.com\/pt\/wp-json\/wp\/v2\/product_tag?post=44611"}],"curies":[{"name":"wp","href":"https:\/\/api.w.org\/{rel}","templated":true}]}}