{"id":64,"date":"2001-09-22T00:00:00","date_gmt":"2001-09-22T00:00:00","guid":{"rendered":"https:\/\/manuelsosa.com\/cuadros\/sin%20categorizar\/arrendajos\/"},"modified":"2025-05-24T20:19:31","modified_gmt":"2025-05-24T18:19:31","slug":"gaioleiros","status":"publish","type":"product","link":"https:\/\/manuelsosa.com\/pt\/cuadros\/acuarelas\/arrendajos\/","title":{"rendered":"Alugueres"},"content":{"rendered":"<p>Aguarela de um par de gaio. As belas penas no flanco das asas do gaio estavam na moda nos chap\u00e9us das senhoras na \u00e9poca vitoriana, sendo ca\u00e7adas exclusivamente por esse motivo. Aguarela. Manuel Sosa \u00a9 2001<\/p>","protected":false},"excerpt":{"rendered":"<p>Gaio (Garrulus glandarius)<\/p>","protected":false},"featured_media":10765,"comment_status":"open","ping_status":"closed","template":"","meta":{"_seopress_robots_primary_cat":"","_seopress_titles_title":"","_seopress_titles_desc":"","_seopress_robots_index":""},"product_brand":[],"product_cat":[16],"product_tag":[152],"class_list":{"0":"post-64","1":"product","2":"type-product","3":"status-publish","4":"has-post-thumbnail","6":"product_cat-acuarelas","7":"product_tag-arrendajo-garrulus-glandarius","8":"tm-has-options","10":"first","11":"instock","12":"purchasable","13":"product-type-simple"},"wpr_featured_image":["https:\/\/manuelsosa.com\/wp-content\/uploads\/001\/arrendajos-382x307.jpg",382,307,true],"gallery_images":[],"_links":{"self":[{"href":"https:\/\/manuelsosa.com\/pt\/wp-json\/wp\/v2\/product\/64","targetHints":{"allow":["GET"]}}],"collection":[{"href":"https:\/\/manuelsosa.com\/pt\/wp-json\/wp\/v2\/product"}],"about":[{"href":"https:\/\/manuelsosa.com\/pt\/wp-json\/wp\/v2\/types\/product"}],"replies":[{"embeddable":true,"href":"https:\/\/manuelsosa.com\/pt\/wp-json\/wp\/v2\/comments?post=64"}],"wp:featuredmedia":[{"embeddable":true,"href":"https:\/\/manuelsosa.com\/pt\/wp-json\/wp\/v2\/media\/10765"}],"wp:attachment":[{"href":"https:\/\/manuelsosa.com\/pt\/wp-json\/wp\/v2\/media?parent=64"}],"wp:term":[{"taxonomy":"product_brand","embeddable":true,"href":"https:\/\/manuelsosa.com\/pt\/wp-json\/wp\/v2\/product_brand?post=64"},{"taxonomy":"product_cat","embeddable":true,"href":"https:\/\/manuelsosa.com\/pt\/wp-json\/wp\/v2\/product_cat?post=64"},{"taxonomy":"product_tag","embeddable":true,"href":"https:\/\/manuelsosa.com\/pt\/wp-json\/wp\/v2\/product_tag?post=64"}],"curies":[{"name":"wp","href":"https:\/\/api.w.org\/{rel}","templated":true}]}}