{"id":84,"date":"2004-09-06T00:00:00","date_gmt":"2004-09-06T00:00:00","guid":{"rendered":"https:\/\/manuelsosa.com\/cuadros\/sin%20categorizar\/camino-entre-dehesas\/"},"modified":"2025-05-24T20:19:38","modified_gmt":"2025-05-24T18:19:38","slug":"caminho-entre-pastagens","status":"publish","type":"product","link":"https:\/\/manuelsosa.com\/pt\/cuadros\/paisajes\/camino-entre-dehesas\/","title":{"rendered":"Caminho entre pastagens"},"content":{"rendered":"<p>Pintura a \u00f3leo de um caminho em ziguezague entre azinheiras. Pintura de 2004. \u00d3leo sobre t\u00e1bua. Manuel Sosa \u00a9 2004<\/p>","protected":false},"excerpt":{"rendered":"<p>azinheiras, Extremadura, Dehesa<\/p>","protected":false},"featured_media":18406,"comment_status":"open","ping_status":"closed","template":"","meta":{"_seopress_robots_primary_cat":"none","_seopress_titles_title":"","_seopress_titles_desc":"","_seopress_robots_index":""},"product_brand":[],"product_cat":[18],"product_tag":[137,45,46],"class_list":{"0":"post-84","1":"product","2":"type-product","3":"status-publish","4":"has-post-thumbnail","6":"product_cat-paisajes","7":"product_tag-dehesa","8":"product_tag-encinares","9":"product_tag-extremadura","10":"tm-has-options","12":"first","13":"instock","14":"purchasable","15":"product-type-simple"},"wpr_featured_image":["https:\/\/manuelsosa.com\/wp-content\/uploads\/001\/camino_dehesas-1-382x253.jpg",382,253,true],"gallery_images":[],"_links":{"self":[{"href":"https:\/\/manuelsosa.com\/pt\/wp-json\/wp\/v2\/product\/84","targetHints":{"allow":["GET"]}}],"collection":[{"href":"https:\/\/manuelsosa.com\/pt\/wp-json\/wp\/v2\/product"}],"about":[{"href":"https:\/\/manuelsosa.com\/pt\/wp-json\/wp\/v2\/types\/product"}],"replies":[{"embeddable":true,"href":"https:\/\/manuelsosa.com\/pt\/wp-json\/wp\/v2\/comments?post=84"}],"wp:featuredmedia":[{"embeddable":true,"href":"https:\/\/manuelsosa.com\/pt\/wp-json\/wp\/v2\/media\/18406"}],"wp:attachment":[{"href":"https:\/\/manuelsosa.com\/pt\/wp-json\/wp\/v2\/media?parent=84"}],"wp:term":[{"taxonomy":"product_brand","embeddable":true,"href":"https:\/\/manuelsosa.com\/pt\/wp-json\/wp\/v2\/product_brand?post=84"},{"taxonomy":"product_cat","embeddable":true,"href":"https:\/\/manuelsosa.com\/pt\/wp-json\/wp\/v2\/product_cat?post=84"},{"taxonomy":"product_tag","embeddable":true,"href":"https:\/\/manuelsosa.com\/pt\/wp-json\/wp\/v2\/product_tag?post=84"}],"curies":[{"name":"wp","href":"https:\/\/api.w.org\/{rel}","templated":true}]}}